{"id":4652,"date":"2023-03-04T00:24:05","date_gmt":"2023-03-04T00:24:05","guid":{"rendered":"https:\/\/imia.com.cn\/?post_type=product&#038;p=4652"},"modified":"2024-08-16T13:06:51","modified_gmt":"2024-08-16T13:06:51","slug":"20w-pd-wall-charger","status":"publish","type":"product","link":"https:\/\/imiapower.com\/de\/products\/wall-charger\/20w-pd-wall-charger\/","title":{"rendered":"Beliebter Hersteller von 20-W-PD-Wandladeger\u00e4ten"},"content":{"rendered":"<ul>\n<li><strong>20-W-PD-Wandladeger\u00e4t<\/strong><\/li>\n<li><strong>Ausgabe<\/strong>5 V, 2 A, 10 W, max.<\/li>\n<li><strong>Eingangsspannung:<\/strong>100\u2013240 V<\/li>\n<li><strong>Eingangsfrequenz:<\/strong>50\/60Hz<\/li>\n<li><strong>Energieklasse: <\/strong>VI<\/li>\n<li><strong>Sicherheitszertifizierung:<\/strong>EN62368: FCC\/CE\/SAA\/CCC<\/li>\n<li><strong>US\/CN\/JP-Gr\u00f6\u00dfe:<\/strong>60*26*40mm<\/li>\n<li><strong>EU\/KR-Gr\u00f6\u00dfe:<\/strong>80*27*40 mm<\/li>\n<li><strong>Britisches Gr\u00f6\u00dfenma\u00df:<\/strong>75*27*39,5 mm<\/li>\n<\/ul>","protected":false},"excerpt":{"rendered":"<p>Obwohl es auf dem Markt neu entwickelte PD-Ladeger\u00e4te mit bis zu 140 W und 200 W gibt, sind 20-W-PD-Wandladeger\u00e4te ebenfalls sehr g\u00e4ngige und beliebte Ladeger\u00e4te und k\u00f6nnen die Schnellladeanforderungen von Mobiltelefonen auf dem Markt erf\u00fcllen.<\/p>\n<p>Einige beliebte Marken haben sich f\u00fcr dieses 20-W-PD-Ladeger\u00e4t entschieden. Dieses Ladeger\u00e4t kann mit einem Kartondesign als Abdeckung versehen werden, und viele junge Leute m\u00f6gen es, weil es von einer beliebten Marke ausgew\u00e4hlt wurde. Die Qualit\u00e4t ist also gew\u00e4hrleistet. Wir stellen kostenlose Muster zum Testen zur Verf\u00fcgung und unterst\u00fctzen auch niedrige Mindestbestellmengen.<\/p>\n<p>20 Watt zum schnellen Aufladen Ihrer Smartphones, Tablets und anderer USB-betriebener Ger\u00e4te.<\/p>\n<p>Bis zu 50% schnellere Ladegeschwindigkeiten mit fortschrittlichen USB Power Delivery (PD)- und Qualcomm Quick Charge-Technologien.<\/p>\n<p>&nbsp;<\/p>","protected":false},"featured_media":4584,"comment_status":"closed","ping_status":"closed","template":"","meta":{"rank_math_lock_modified_date":false,"site-sidebar-layout":"default","site-content-layout":"default","ast-site-content-layout":"default","site-content-style":"default","site-sidebar-style":"default","ast-global-header-display":"","ast-banner-title-visibility":"","ast-main-header-display":"","ast-hfb-above-header-display":"","ast-hfb-below-header-display":"","ast-hfb-mobile-header-display":"","site-post-title":"","ast-breadcrumbs-content":"","ast-featured-img":"","footer-sml-layout":"","ast-disable-related-posts":"","theme-transparent-header-meta":"default","adv-header-id-meta":"","stick-header-meta":"","header-above-stick-meta":"","header-main-stick-meta":"","header-below-stick-meta":"","astra-migrate-meta-layouts":"set","ast-page-background-enabled":"default","ast-page-background-meta":{"desktop":{"background-color":"","background-image":"","background-repeat":"repeat","background-position":"center center","background-size":"auto","background-attachment":"scroll","background-type":"","background-media":"","overlay-type":"","overlay-color":"","overlay-opacity":"","overlay-gradient":""},"tablet":{"background-color":"","background-image":"","background-repeat":"repeat","background-position":"center center","background-size":"auto","background-attachment":"scroll","background-type":"","background-media":"","overlay-type":"","overlay-color":"","overlay-opacity":"","overlay-gradient":""},"mobile":{"background-color":"","background-image":"","background-repeat":"repeat","background-position":"center center","background-size":"auto","background-attachment":"scroll","background-type":"","background-media":"","overlay-type":"","overlay-color":"","overlay-opacity":"","overlay-gradient":""}},"ast-content-background-meta":{"desktop":{"background-color":"var(--ast-global-color-5)","background-image":"","background-repeat":"repeat","background-position":"center center","background-size":"auto","background-attachment":"scroll","background-type":"","background-media":"","overlay-type":"","overlay-color":"","overlay-opacity":"","overlay-gradient":""},"tablet":{"background-color":"var(--ast-global-color-5)","background-image":"","background-repeat":"repeat","background-position":"center center","background-size":"auto","background-attachment":"scroll","background-type":"","background-media":"","overlay-type":"","overlay-color":"","overlay-opacity":"","overlay-gradient":""},"mobile":{"background-color":"var(--ast-global-color-5)","background-image":"","background-repeat":"repeat","background-position":"center center","background-size":"auto","background-attachment":"scroll","background-type":"","background-media":"","overlay-type":"","overlay-color":"","overlay-opacity":"","overlay-gradient":""}}},"product_cat":[43],"product_tag":[],"class_list":{"0":"post-4652","1":"product","2":"type-product","3":"status-publish","4":"has-post-thumbnail","6":"product_cat-wall-charger","7":"desktop-align-center","8":"tablet-align-center","9":"mobile-align-center","11":"first","12":"instock","13":"shipping-taxable","14":"purchasable","15":"product-type-simple"},"_links":{"self":[{"href":"https:\/\/imiapower.com\/de\/wp-json\/wp\/v2\/product\/4652","targetHints":{"allow":["GET"]}}],"collection":[{"href":"https:\/\/imiapower.com\/de\/wp-json\/wp\/v2\/product"}],"about":[{"href":"https:\/\/imiapower.com\/de\/wp-json\/wp\/v2\/types\/product"}],"replies":[{"embeddable":true,"href":"https:\/\/imiapower.com\/de\/wp-json\/wp\/v2\/comments?post=4652"}],"version-history":[{"count":4,"href":"https:\/\/imiapower.com\/de\/wp-json\/wp\/v2\/product\/4652\/revisions"}],"predecessor-version":[{"id":8288,"href":"https:\/\/imiapower.com\/de\/wp-json\/wp\/v2\/product\/4652\/revisions\/8288"}],"wp:featuredmedia":[{"embeddable":true,"href":"https:\/\/imiapower.com\/de\/wp-json\/wp\/v2\/media\/4584"}],"wp:attachment":[{"href":"https:\/\/imiapower.com\/de\/wp-json\/wp\/v2\/media?parent=4652"}],"wp:term":[{"taxonomy":"product_cat","embeddable":true,"href":"https:\/\/imiapower.com\/de\/wp-json\/wp\/v2\/product_cat?post=4652"},{"taxonomy":"product_tag","embeddable":true,"href":"https:\/\/imiapower.com\/de\/wp-json\/wp\/v2\/product_tag?post=4652"}],"curies":[{"name":"wp","href":"https:\/\/api.w.org\/{rel}","templated":true}]}}