{"id":4653,"date":"2023-03-04T00:24:05","date_gmt":"2023-03-04T00:24:05","guid":{"rendered":"https:\/\/imia.com.cn\/?post_type=product&#038;p=4653"},"modified":"2024-11-30T09:16:54","modified_gmt":"2024-11-30T09:16:54","slug":"usb-charger-with-display","status":"publish","type":"product","link":"https:\/\/imiapower.com\/de\/products\/wall-charger\/usb-charger-with-display\/","title":{"rendered":"sch\u00f6nes USB-Ladeger\u00e4t mit Display 12 V"},"content":{"rendered":"<ul>\n<li><strong>USB-Ladeger\u00e4t mit Display<\/strong><\/li>\n<li><strong>Ausgabe<\/strong>: 5V2,4A 12WMax<\/li>\n<li><strong>Eingangsspannung:<\/strong>100\u2013240 V<\/li>\n<li><strong>Eingangsfrequenz:<\/strong>50\/60Hz<\/li>\n<li><strong>Energieklasse: <\/strong>VI<\/li>\n<li><strong>Sicherheitszertifizierung: <\/strong>EN62368:FCC\/CCC<\/li>\n<li><strong>Klappf\u00fc\u00dfe US\/CN\/JP-Gr\u00f6\u00dfe:<\/strong> 60*26*40mm<\/li>\n<\/ul>","protected":false},"excerpt":{"rendered":"<p>Das Ladeger\u00e4t mit digitaler Anzeige kann Spannung und Strom w\u00e4hrend des Ladevorgangs anzeigen und schaltet sich nach vollst\u00e4ndiger Ladung automatisch ab. Dieses Produkt wird seit mehreren Jahren auf dem Inlands- und Auslandsmarkt verkauft.<\/p>\n<p>Bevor wir schlafen gehen, laden wir unser Mobiltelefon auf. Nach dem vollst\u00e4ndigen Laden wird die Stromversorgung automatisch unterbrochen. Wenn wir morgens aufstehen, \u00fcberpr\u00fcfen wir unser Telefon bei voller Ladung und unterbrechen den Ladevorgang.<\/p>\n<p>Dieses USB-Ladeger\u00e4t mit Display verf\u00fcgt nicht nur \u00fcber das Display und die automatische Abschaltfunktion, sondern auch \u00fcber ein sch\u00f6nes Design. Anders als bei markt\u00fcblichen Ladeger\u00e4ten umfasst dieses Ladeger\u00e4t 8 Forms\u00e4tze. Die Entwicklungskosten sind ebenfalls hoch und lassen dieses Ladeger\u00e4t hervorstechen.<\/p>\n<p>https:\/\/www.youtube.com\/embed\/tlPwMeR-arw<\/p>","protected":false},"featured_media":4583,"comment_status":"closed","ping_status":"closed","template":"","meta":{"rank_math_lock_modified_date":false,"site-sidebar-layout":"default","site-content-layout":"default","ast-site-content-layout":"default","site-content-style":"default","site-sidebar-style":"default","ast-global-header-display":"","ast-banner-title-visibility":"","ast-main-header-display":"","ast-hfb-above-header-display":"","ast-hfb-below-header-display":"","ast-hfb-mobile-header-display":"","site-post-title":"","ast-breadcrumbs-content":"","ast-featured-img":"","footer-sml-layout":"","ast-disable-related-posts":"","theme-transparent-header-meta":"default","adv-header-id-meta":"","stick-header-meta":"","header-above-stick-meta":"","header-main-stick-meta":"","header-below-stick-meta":"","astra-migrate-meta-layouts":"set","ast-page-background-enabled":"default","ast-page-background-meta":{"desktop":{"background-color":"","background-image":"","background-repeat":"repeat","background-position":"center center","background-size":"auto","background-attachment":"scroll","background-type":"","background-media":"","overlay-type":"","overlay-color":"","overlay-opacity":"","overlay-gradient":""},"tablet":{"background-color":"","background-image":"","background-repeat":"repeat","background-position":"center center","background-size":"auto","background-attachment":"scroll","background-type":"","background-media":"","overlay-type":"","overlay-color":"","overlay-opacity":"","overlay-gradient":""},"mobile":{"background-color":"","background-image":"","background-repeat":"repeat","background-position":"center center","background-size":"auto","background-attachment":"scroll","background-type":"","background-media":"","overlay-type":"","overlay-color":"","overlay-opacity":"","overlay-gradient":""}},"ast-content-background-meta":{"desktop":{"background-color":"var(--ast-global-color-5)","background-image":"","background-repeat":"repeat","background-position":"center center","background-size":"auto","background-attachment":"scroll","background-type":"","background-media":"","overlay-type":"","overlay-color":"","overlay-opacity":"","overlay-gradient":""},"tablet":{"background-color":"var(--ast-global-color-5)","background-image":"","background-repeat":"repeat","background-position":"center center","background-size":"auto","background-attachment":"scroll","background-type":"","background-media":"","overlay-type":"","overlay-color":"","overlay-opacity":"","overlay-gradient":""},"mobile":{"background-color":"var(--ast-global-color-5)","background-image":"","background-repeat":"repeat","background-position":"center center","background-size":"auto","background-attachment":"scroll","background-type":"","background-media":"","overlay-type":"","overlay-color":"","overlay-opacity":"","overlay-gradient":""}}},"product_cat":[43],"product_tag":[],"class_list":{"0":"post-4653","1":"product","2":"type-product","3":"status-publish","4":"has-post-thumbnail","6":"product_cat-wall-charger","7":"desktop-align-center","8":"tablet-align-center","9":"mobile-align-center","11":"first","12":"instock","13":"shipping-taxable","14":"purchasable","15":"product-type-simple"},"_links":{"self":[{"href":"https:\/\/imiapower.com\/de\/wp-json\/wp\/v2\/product\/4653","targetHints":{"allow":["GET"]}}],"collection":[{"href":"https:\/\/imiapower.com\/de\/wp-json\/wp\/v2\/product"}],"about":[{"href":"https:\/\/imiapower.com\/de\/wp-json\/wp\/v2\/types\/product"}],"replies":[{"embeddable":true,"href":"https:\/\/imiapower.com\/de\/wp-json\/wp\/v2\/comments?post=4653"}],"version-history":[{"count":5,"href":"https:\/\/imiapower.com\/de\/wp-json\/wp\/v2\/product\/4653\/revisions"}],"predecessor-version":[{"id":8585,"href":"https:\/\/imiapower.com\/de\/wp-json\/wp\/v2\/product\/4653\/revisions\/8585"}],"wp:featuredmedia":[{"embeddable":true,"href":"https:\/\/imiapower.com\/de\/wp-json\/wp\/v2\/media\/4583"}],"wp:attachment":[{"href":"https:\/\/imiapower.com\/de\/wp-json\/wp\/v2\/media?parent=4653"}],"wp:term":[{"taxonomy":"product_cat","embeddable":true,"href":"https:\/\/imiapower.com\/de\/wp-json\/wp\/v2\/product_cat?post=4653"},{"taxonomy":"product_tag","embeddable":true,"href":"https:\/\/imiapower.com\/de\/wp-json\/wp\/v2\/product_tag?post=4653"}],"curies":[{"name":"wp","href":"https:\/\/api.w.org\/{rel}","templated":true}]}}