{"id":4658,"date":"2023-03-04T00:24:05","date_gmt":"2023-03-04T00:24:05","guid":{"rendered":"https:\/\/imia.com.cn\/?post_type=product&#038;p=4658"},"modified":"2024-07-25T06:54:52","modified_gmt":"2024-07-25T06:54:52","slug":"charger-usb-type-c","status":"publish","type":"product","link":"https:\/\/imiapower.com\/de\/products\/wall-charger\/charger-usb-type-c\/","title":{"rendered":"Rabatt Ladeger\u00e4t usb typ c 20w hersteller"},"content":{"rendered":"<ul>\n<li><strong>Ladeger\u00e4t USB Typ C<\/strong><\/li>\n<li><strong>Ausgabe<\/strong> Typ C: 5 V 3 A\/9 V 2,22 A\/12 V 1,67 A PD20W<\/li>\n<li><strong>USB-A:<\/strong>5V3A\/9V2A\/12V1,5A QC18W<\/li>\n<li><strong>Doppelte Ausgabe:<\/strong> 5V3A<\/li>\n<li><strong>Eingangsspannung:<\/strong> 100\u2013240 V<\/li>\n<li><strong>Eingangsfrequenz:<\/strong> 50\/60 Hz<\/li>\n<li><strong>Energieklasse:<\/strong> VI<\/li>\n<li><strong>Sicherheitszertifizierung:<\/strong> EN62368: FCC\/CE\/SAA<\/li>\n<\/ul>","protected":false},"excerpt":{"rendered":"<p>Das Ladeger\u00e4t QC 18W+PD 20W unterst\u00fctzt viele moderne Smartphones und Ger\u00e4te, darunter beliebte Modelle von Apple und Samsung<\/p>","protected":false},"featured_media":4592,"comment_status":"closed","ping_status":"closed","template":"","meta":{"rank_math_lock_modified_date":false,"site-sidebar-layout":"default","site-content-layout":"default","ast-site-content-layout":"default","site-content-style":"default","site-sidebar-style":"default","ast-global-header-display":"","ast-banner-title-visibility":"","ast-main-header-display":"","ast-hfb-above-header-display":"","ast-hfb-below-header-display":"","ast-hfb-mobile-header-display":"","site-post-title":"","ast-breadcrumbs-content":"","ast-featured-img":"","footer-sml-layout":"","ast-disable-related-posts":"","theme-transparent-header-meta":"default","adv-header-id-meta":"","stick-header-meta":"","header-above-stick-meta":"","header-main-stick-meta":"","header-below-stick-meta":"","astra-migrate-meta-layouts":"set","ast-page-background-enabled":"default","ast-page-background-meta":{"desktop":{"background-color":"","background-image":"","background-repeat":"repeat","background-position":"center center","background-size":"auto","background-attachment":"scroll","background-type":"","background-media":"","overlay-type":"","overlay-color":"","overlay-opacity":"","overlay-gradient":""},"tablet":{"background-color":"","background-image":"","background-repeat":"repeat","background-position":"center center","background-size":"auto","background-attachment":"scroll","background-type":"","background-media":"","overlay-type":"","overlay-color":"","overlay-opacity":"","overlay-gradient":""},"mobile":{"background-color":"","background-image":"","background-repeat":"repeat","background-position":"center center","background-size":"auto","background-attachment":"scroll","background-type":"","background-media":"","overlay-type":"","overlay-color":"","overlay-opacity":"","overlay-gradient":""}},"ast-content-background-meta":{"desktop":{"background-color":"var(--ast-global-color-5)","background-image":"","background-repeat":"repeat","background-position":"center center","background-size":"auto","background-attachment":"scroll","background-type":"","background-media":"","overlay-type":"","overlay-color":"","overlay-opacity":"","overlay-gradient":""},"tablet":{"background-color":"var(--ast-global-color-5)","background-image":"","background-repeat":"repeat","background-position":"center center","background-size":"auto","background-attachment":"scroll","background-type":"","background-media":"","overlay-type":"","overlay-color":"","overlay-opacity":"","overlay-gradient":""},"mobile":{"background-color":"var(--ast-global-color-5)","background-image":"","background-repeat":"repeat","background-position":"center center","background-size":"auto","background-attachment":"scroll","background-type":"","background-media":"","overlay-type":"","overlay-color":"","overlay-opacity":"","overlay-gradient":""}}},"product_cat":[43],"product_tag":[],"class_list":{"0":"post-4658","1":"product","2":"type-product","3":"status-publish","4":"has-post-thumbnail","6":"product_cat-wall-charger","7":"desktop-align-center","8":"tablet-align-center","9":"mobile-align-center","11":"first","12":"instock","13":"shipping-taxable","14":"purchasable","15":"product-type-simple"},"_links":{"self":[{"href":"https:\/\/imiapower.com\/de\/wp-json\/wp\/v2\/product\/4658","targetHints":{"allow":["GET"]}}],"collection":[{"href":"https:\/\/imiapower.com\/de\/wp-json\/wp\/v2\/product"}],"about":[{"href":"https:\/\/imiapower.com\/de\/wp-json\/wp\/v2\/types\/product"}],"replies":[{"embeddable":true,"href":"https:\/\/imiapower.com\/de\/wp-json\/wp\/v2\/comments?post=4658"}],"version-history":[{"count":2,"href":"https:\/\/imiapower.com\/de\/wp-json\/wp\/v2\/product\/4658\/revisions"}],"predecessor-version":[{"id":8151,"href":"https:\/\/imiapower.com\/de\/wp-json\/wp\/v2\/product\/4658\/revisions\/8151"}],"wp:featuredmedia":[{"embeddable":true,"href":"https:\/\/imiapower.com\/de\/wp-json\/wp\/v2\/media\/4592"}],"wp:attachment":[{"href":"https:\/\/imiapower.com\/de\/wp-json\/wp\/v2\/media?parent=4658"}],"wp:term":[{"taxonomy":"product_cat","embeddable":true,"href":"https:\/\/imiapower.com\/de\/wp-json\/wp\/v2\/product_cat?post=4658"},{"taxonomy":"product_tag","embeddable":true,"href":"https:\/\/imiapower.com\/de\/wp-json\/wp\/v2\/product_tag?post=4658"}],"curies":[{"name":"wp","href":"https:\/\/api.w.org\/{rel}","templated":true}]}}