{"id":4661,"date":"2023-03-04T00:24:05","date_gmt":"2023-03-04T00:24:05","guid":{"rendered":"https:\/\/imia.com.cn\/?post_type=product&#038;p=4661"},"modified":"2024-08-16T09:00:33","modified_gmt":"2024-08-16T09:00:33","slug":"45w-wall-charger","status":"publish","type":"product","link":"https:\/\/imiapower.com\/de\/products\/wall-charger\/45w-wall-charger\/","title":{"rendered":"G\u00fcnstiges 45-W-Wandladeger\u00e4t vom chinesischen Lieferanten"},"content":{"rendered":"<ul>\n<li><strong>45W Wandladeger\u00e4t<\/strong><\/li>\n<li><strong>Ausgabe<\/strong> Klimaanlage, 45 W, max.<\/li>\n<li><strong>Typ-C:<\/strong> 5V3A\/9V3A\/12V3A\/15V3A\/20V2,25A PD45W<\/li>\n<li><strong>USB-A:<\/strong>5V3A\/9V2A\/12V1,5A QC18W<\/li>\n<li><strong>Doppelte Ausgabe:<\/strong>5V4A<\/li>\n<li><strong>Eingangsspannung:<\/strong> 100\u2013240 V<\/li>\n<li><strong>Eingangsfrequenz:<\/strong> 50\/60 Hz<\/li>\n<li><strong>Energieklasse:<\/strong> VI<\/li>\n<li><strong>Sicherheitszertifizierung:<\/strong> EN62368: FCC\/CE\/SAA<\/li>\n<li><strong>US\/CN\/JP-Gr\u00f6\u00dfe:<\/strong> 60*26*40mm<\/li>\n<li><strong>EU\/KR-Gr\u00f6\u00dfe:<\/strong> 80*27*40 mm<\/li>\n<li><strong>Britisches Gr\u00f6\u00dfenma\u00df:<\/strong> 75*27*39,5 mm<\/li>\n<\/ul>","protected":false},"excerpt":{"rendered":"<p>Ein 45-W-USB-Ladeger\u00e4t ist dieses Jahr der meistverkaufte Artikel, da es schnell aufl\u00e4dt, nicht so teuer ist und zum schnellen Aufladen von Smartphones und Laptops verwendet werden kann.<\/p>\n<p>Die meisten modernen Smartphones und Tablets unterst\u00fctzen das Schnellladen \u00fcber USB-C und dieses 45-W-Wandladeger\u00e4t kann diese Ger\u00e4te schnell wieder aufladen.<\/p>\n<p>Viele ultrad\u00fcnne Laptops (wie das MacBook Air, Dell XPS 13 oder Microsoft Surface) k\u00f6nnen mit einem 45-W-USB-C-Ladeger\u00e4t aufgeladen werden<\/p>","protected":false},"featured_media":4586,"comment_status":"closed","ping_status":"closed","template":"","meta":{"rank_math_lock_modified_date":false,"site-sidebar-layout":"default","site-content-layout":"default","ast-site-content-layout":"default","site-content-style":"default","site-sidebar-style":"default","ast-global-header-display":"","ast-banner-title-visibility":"","ast-main-header-display":"","ast-hfb-above-header-display":"","ast-hfb-below-header-display":"","ast-hfb-mobile-header-display":"","site-post-title":"","ast-breadcrumbs-content":"","ast-featured-img":"","footer-sml-layout":"","ast-disable-related-posts":"","theme-transparent-header-meta":"default","adv-header-id-meta":"","stick-header-meta":"","header-above-stick-meta":"","header-main-stick-meta":"","header-below-stick-meta":"","astra-migrate-meta-layouts":"set","ast-page-background-enabled":"default","ast-page-background-meta":{"desktop":{"background-color":"","background-image":"","background-repeat":"repeat","background-position":"center center","background-size":"auto","background-attachment":"scroll","background-type":"","background-media":"","overlay-type":"","overlay-color":"","overlay-opacity":"","overlay-gradient":""},"tablet":{"background-color":"","background-image":"","background-repeat":"repeat","background-position":"center center","background-size":"auto","background-attachment":"scroll","background-type":"","background-media":"","overlay-type":"","overlay-color":"","overlay-opacity":"","overlay-gradient":""},"mobile":{"background-color":"","background-image":"","background-repeat":"repeat","background-position":"center center","background-size":"auto","background-attachment":"scroll","background-type":"","background-media":"","overlay-type":"","overlay-color":"","overlay-opacity":"","overlay-gradient":""}},"ast-content-background-meta":{"desktop":{"background-color":"var(--ast-global-color-5)","background-image":"","background-repeat":"repeat","background-position":"center center","background-size":"auto","background-attachment":"scroll","background-type":"","background-media":"","overlay-type":"","overlay-color":"","overlay-opacity":"","overlay-gradient":""},"tablet":{"background-color":"var(--ast-global-color-5)","background-image":"","background-repeat":"repeat","background-position":"center center","background-size":"auto","background-attachment":"scroll","background-type":"","background-media":"","overlay-type":"","overlay-color":"","overlay-opacity":"","overlay-gradient":""},"mobile":{"background-color":"var(--ast-global-color-5)","background-image":"","background-repeat":"repeat","background-position":"center center","background-size":"auto","background-attachment":"scroll","background-type":"","background-media":"","overlay-type":"","overlay-color":"","overlay-opacity":"","overlay-gradient":""}}},"product_cat":[43],"product_tag":[],"class_list":{"0":"post-4661","1":"product","2":"type-product","3":"status-publish","4":"has-post-thumbnail","6":"product_cat-wall-charger","7":"desktop-align-center","8":"tablet-align-center","9":"mobile-align-center","11":"first","12":"instock","13":"shipping-taxable","14":"purchasable","15":"product-type-simple"},"_links":{"self":[{"href":"https:\/\/imiapower.com\/de\/wp-json\/wp\/v2\/product\/4661","targetHints":{"allow":["GET"]}}],"collection":[{"href":"https:\/\/imiapower.com\/de\/wp-json\/wp\/v2\/product"}],"about":[{"href":"https:\/\/imiapower.com\/de\/wp-json\/wp\/v2\/types\/product"}],"replies":[{"embeddable":true,"href":"https:\/\/imiapower.com\/de\/wp-json\/wp\/v2\/comments?post=4661"}],"version-history":[{"count":4,"href":"https:\/\/imiapower.com\/de\/wp-json\/wp\/v2\/product\/4661\/revisions"}],"predecessor-version":[{"id":8280,"href":"https:\/\/imiapower.com\/de\/wp-json\/wp\/v2\/product\/4661\/revisions\/8280"}],"wp:featuredmedia":[{"embeddable":true,"href":"https:\/\/imiapower.com\/de\/wp-json\/wp\/v2\/media\/4586"}],"wp:attachment":[{"href":"https:\/\/imiapower.com\/de\/wp-json\/wp\/v2\/media?parent=4661"}],"wp:term":[{"taxonomy":"product_cat","embeddable":true,"href":"https:\/\/imiapower.com\/de\/wp-json\/wp\/v2\/product_cat?post=4661"},{"taxonomy":"product_tag","embeddable":true,"href":"https:\/\/imiapower.com\/de\/wp-json\/wp\/v2\/product_tag?post=4661"}],"curies":[{"name":"wp","href":"https:\/\/api.w.org\/{rel}","templated":true}]}}