{"id":4664,"date":"2023-03-04T00:24:06","date_gmt":"2023-03-04T00:24:06","guid":{"rendered":"https:\/\/imia.com.cn\/?post_type=product&#038;p=4664"},"modified":"2024-07-25T07:27:43","modified_gmt":"2024-07-25T07:27:43","slug":"usb-to-usb-car-charger","status":"publish","type":"product","link":"https:\/\/imiapower.com\/de\/products\/car-charger\/usb-to-usb-car-charger\/","title":{"rendered":"Magisches USB-zu-USB-Autoladeger\u00e4t 15 W"},"content":{"rendered":"<ul>\n<li><strong>USB-zu-USB-Autoladeger\u00e4t<\/strong><\/li>\n<li><strong>Ausgabe<\/strong> 5 V, 3 A, 15 W, max.<\/li>\n<li><strong>Eingangsspannung:<\/strong> Gleichstrom 12-24 V<\/li>\n<li><strong>Eingangsfrequenz:<\/strong> 50\/60 Hz<\/li>\n<li><strong>\u00dcbertragungseffizienz:<\/strong>\u226590%<\/li>\n<li><strong>Sicherheitszertifizierung:<\/strong> EN62368: CB\/CE<\/li>\n<\/ul>","protected":false},"excerpt":{"rendered":"<p>Ein 15-W-USB-Autoladeger\u00e4t ist ein unverzichtbares Zubeh\u00f6r f\u00fcr alle, die ihre Ger\u00e4te w\u00e4hrend der Fahrt schnell aufladen m\u00fcssen.<\/p>\n<p>Indem Sie Faktoren wie Kompatibilit\u00e4t, Anzahl der Anschl\u00fcsse, Verarbeitungsqualit\u00e4t und Sicherheitsfunktionen ber\u00fccksichtigen, k\u00f6nnen Sie ein zuverl\u00e4ssiges Ladeger\u00e4t ausw\u00e4hlen, das Ihren Anforderungen entspricht und sicherstellt, dass Ihre Ger\u00e4te auch unterwegs mit Strom versorgt werden.<\/p>","protected":false},"featured_media":4600,"comment_status":"closed","ping_status":"closed","template":"","meta":{"rank_math_lock_modified_date":false,"site-sidebar-layout":"default","site-content-layout":"default","ast-site-content-layout":"default","site-content-style":"default","site-sidebar-style":"default","ast-global-header-display":"","ast-banner-title-visibility":"","ast-main-header-display":"","ast-hfb-above-header-display":"","ast-hfb-below-header-display":"","ast-hfb-mobile-header-display":"","site-post-title":"","ast-breadcrumbs-content":"","ast-featured-img":"","footer-sml-layout":"","ast-disable-related-posts":"","theme-transparent-header-meta":"default","adv-header-id-meta":"","stick-header-meta":"","header-above-stick-meta":"","header-main-stick-meta":"","header-below-stick-meta":"","astra-migrate-meta-layouts":"set","ast-page-background-enabled":"default","ast-page-background-meta":{"desktop":{"background-color":"","background-image":"","background-repeat":"repeat","background-position":"center center","background-size":"auto","background-attachment":"scroll","background-type":"","background-media":"","overlay-type":"","overlay-color":"","overlay-opacity":"","overlay-gradient":""},"tablet":{"background-color":"","background-image":"","background-repeat":"repeat","background-position":"center center","background-size":"auto","background-attachment":"scroll","background-type":"","background-media":"","overlay-type":"","overlay-color":"","overlay-opacity":"","overlay-gradient":""},"mobile":{"background-color":"","background-image":"","background-repeat":"repeat","background-position":"center center","background-size":"auto","background-attachment":"scroll","background-type":"","background-media":"","overlay-type":"","overlay-color":"","overlay-opacity":"","overlay-gradient":""}},"ast-content-background-meta":{"desktop":{"background-color":"var(--ast-global-color-5)","background-image":"","background-repeat":"repeat","background-position":"center center","background-size":"auto","background-attachment":"scroll","background-type":"","background-media":"","overlay-type":"","overlay-color":"","overlay-opacity":"","overlay-gradient":""},"tablet":{"background-color":"var(--ast-global-color-5)","background-image":"","background-repeat":"repeat","background-position":"center center","background-size":"auto","background-attachment":"scroll","background-type":"","background-media":"","overlay-type":"","overlay-color":"","overlay-opacity":"","overlay-gradient":""},"mobile":{"background-color":"var(--ast-global-color-5)","background-image":"","background-repeat":"repeat","background-position":"center center","background-size":"auto","background-attachment":"scroll","background-type":"","background-media":"","overlay-type":"","overlay-color":"","overlay-opacity":"","overlay-gradient":""}}},"product_cat":[41],"product_tag":[],"class_list":{"0":"post-4664","1":"product","2":"type-product","3":"status-publish","4":"has-post-thumbnail","6":"product_cat-car-charger","7":"desktop-align-center","8":"tablet-align-center","9":"mobile-align-center","11":"first","12":"instock","13":"shipping-taxable","14":"purchasable","15":"product-type-simple"},"_links":{"self":[{"href":"https:\/\/imiapower.com\/de\/wp-json\/wp\/v2\/product\/4664","targetHints":{"allow":["GET"]}}],"collection":[{"href":"https:\/\/imiapower.com\/de\/wp-json\/wp\/v2\/product"}],"about":[{"href":"https:\/\/imiapower.com\/de\/wp-json\/wp\/v2\/types\/product"}],"replies":[{"embeddable":true,"href":"https:\/\/imiapower.com\/de\/wp-json\/wp\/v2\/comments?post=4664"}],"version-history":[{"count":2,"href":"https:\/\/imiapower.com\/de\/wp-json\/wp\/v2\/product\/4664\/revisions"}],"predecessor-version":[{"id":8162,"href":"https:\/\/imiapower.com\/de\/wp-json\/wp\/v2\/product\/4664\/revisions\/8162"}],"wp:featuredmedia":[{"embeddable":true,"href":"https:\/\/imiapower.com\/de\/wp-json\/wp\/v2\/media\/4600"}],"wp:attachment":[{"href":"https:\/\/imiapower.com\/de\/wp-json\/wp\/v2\/media?parent=4664"}],"wp:term":[{"taxonomy":"product_cat","embeddable":true,"href":"https:\/\/imiapower.com\/de\/wp-json\/wp\/v2\/product_cat?post=4664"},{"taxonomy":"product_tag","embeddable":true,"href":"https:\/\/imiapower.com\/de\/wp-json\/wp\/v2\/product_tag?post=4664"}],"curies":[{"name":"wp","href":"https:\/\/api.w.org\/{rel}","templated":true}]}}