{"id":4668,"date":"2023-03-04T00:24:06","date_gmt":"2023-03-04T00:24:06","guid":{"rendered":"https:\/\/imia.com.cn\/?post_type=product&#038;p=4668"},"modified":"2024-07-25T07:43:43","modified_gmt":"2024-07-25T07:43:43","slug":"micro-usb-cable","status":"publish","type":"product","link":"https:\/\/imiapower.com\/de\/products\/usb-cable\/micro-usb-cable\/","title":{"rendered":"G\u00fcnstiger Micro-USB-Kabelhersteller in China"},"content":{"rendered":"<ul>\n<li><strong>Micro-USB-Kabel<\/strong><\/li>\n<li><strong>USB-Kabel:<\/strong> USB-A auf Micro 12 WMax<\/li>\n<li><strong>Spezifikation:<\/strong>1 Mio.<\/li>\n<li><strong>Farbe: <\/strong>Wei\u00df schwarz<\/li>\n<li><strong>Material: <\/strong>TPE, Gewebe, Nylon<\/li>\n<li><strong>Steckermaterial: <\/strong>Kupfer-USB mit Lila.<\/li>\n<li><strong>Funktion: <\/strong>Daten\u00fcbertragung, Schnellladung<\/li>\n<\/ul>","protected":false},"excerpt":{"rendered":"<p>Auch wenn Mikrokabel im Vergleich zu USB-C-Kabeln immer seltener werden, sind sie f\u00fcr viele \u00e4ltere Ger\u00e4te nach wie vor unverzichtbar, und f\u00fcr einige Kleinger\u00e4te sind auch Mikrokabel erforderlich, die zusammen mit dem Produkt verkauft werden.<\/p>\n<p>Die Wahl eines hochwertigen Mikrokabels mit der richtigen L\u00e4nge und den richtigen Funktionen gew\u00e4hrleistet zuverl\u00e4ssiges Laden und zuverl\u00e4ssige Daten\u00fcbertragung.<\/p>\n<p>Egal, ob Sie es f\u00fcr ein Smartphone, ein Tablet oder andere Peripherieger\u00e4te ben\u00f6tigen, ein gut verarbeitetes Mikrokabel wird Ihnen gute Dienste leisten<\/p>","protected":false},"featured_media":4597,"comment_status":"closed","ping_status":"closed","template":"","meta":{"rank_math_lock_modified_date":false,"site-sidebar-layout":"default","site-content-layout":"default","ast-site-content-layout":"default","site-content-style":"default","site-sidebar-style":"default","ast-global-header-display":"","ast-banner-title-visibility":"","ast-main-header-display":"","ast-hfb-above-header-display":"","ast-hfb-below-header-display":"","ast-hfb-mobile-header-display":"","site-post-title":"","ast-breadcrumbs-content":"","ast-featured-img":"","footer-sml-layout":"","ast-disable-related-posts":"","theme-transparent-header-meta":"default","adv-header-id-meta":"","stick-header-meta":"","header-above-stick-meta":"","header-main-stick-meta":"","header-below-stick-meta":"","astra-migrate-meta-layouts":"set","ast-page-background-enabled":"default","ast-page-background-meta":{"desktop":{"background-color":"","background-image":"","background-repeat":"repeat","background-position":"center center","background-size":"auto","background-attachment":"scroll","background-type":"","background-media":"","overlay-type":"","overlay-color":"","overlay-opacity":"","overlay-gradient":""},"tablet":{"background-color":"","background-image":"","background-repeat":"repeat","background-position":"center center","background-size":"auto","background-attachment":"scroll","background-type":"","background-media":"","overlay-type":"","overlay-color":"","overlay-opacity":"","overlay-gradient":""},"mobile":{"background-color":"","background-image":"","background-repeat":"repeat","background-position":"center center","background-size":"auto","background-attachment":"scroll","background-type":"","background-media":"","overlay-type":"","overlay-color":"","overlay-opacity":"","overlay-gradient":""}},"ast-content-background-meta":{"desktop":{"background-color":"var(--ast-global-color-5)","background-image":"","background-repeat":"repeat","background-position":"center center","background-size":"auto","background-attachment":"scroll","background-type":"","background-media":"","overlay-type":"","overlay-color":"","overlay-opacity":"","overlay-gradient":""},"tablet":{"background-color":"var(--ast-global-color-5)","background-image":"","background-repeat":"repeat","background-position":"center center","background-size":"auto","background-attachment":"scroll","background-type":"","background-media":"","overlay-type":"","overlay-color":"","overlay-opacity":"","overlay-gradient":""},"mobile":{"background-color":"var(--ast-global-color-5)","background-image":"","background-repeat":"repeat","background-position":"center center","background-size":"auto","background-attachment":"scroll","background-type":"","background-media":"","overlay-type":"","overlay-color":"","overlay-opacity":"","overlay-gradient":""}}},"product_cat":[60],"product_tag":[],"class_list":{"0":"post-4668","1":"product","2":"type-product","3":"status-publish","4":"has-post-thumbnail","6":"product_cat-usb-cable","7":"desktop-align-center","8":"tablet-align-center","9":"mobile-align-center","11":"first","12":"instock","13":"shipping-taxable","14":"purchasable","15":"product-type-simple"},"_links":{"self":[{"href":"https:\/\/imiapower.com\/de\/wp-json\/wp\/v2\/product\/4668","targetHints":{"allow":["GET"]}}],"collection":[{"href":"https:\/\/imiapower.com\/de\/wp-json\/wp\/v2\/product"}],"about":[{"href":"https:\/\/imiapower.com\/de\/wp-json\/wp\/v2\/types\/product"}],"replies":[{"embeddable":true,"href":"https:\/\/imiapower.com\/de\/wp-json\/wp\/v2\/comments?post=4668"}],"version-history":[{"count":3,"href":"https:\/\/imiapower.com\/de\/wp-json\/wp\/v2\/product\/4668\/revisions"}],"predecessor-version":[{"id":8167,"href":"https:\/\/imiapower.com\/de\/wp-json\/wp\/v2\/product\/4668\/revisions\/8167"}],"wp:featuredmedia":[{"embeddable":true,"href":"https:\/\/imiapower.com\/de\/wp-json\/wp\/v2\/media\/4597"}],"wp:attachment":[{"href":"https:\/\/imiapower.com\/de\/wp-json\/wp\/v2\/media?parent=4668"}],"wp:term":[{"taxonomy":"product_cat","embeddable":true,"href":"https:\/\/imiapower.com\/de\/wp-json\/wp\/v2\/product_cat?post=4668"},{"taxonomy":"product_tag","embeddable":true,"href":"https:\/\/imiapower.com\/de\/wp-json\/wp\/v2\/product_tag?post=4668"}],"curies":[{"name":"wp","href":"https:\/\/api.w.org\/{rel}","templated":true}]}}