{"id":4669,"date":"2023-03-04T00:24:06","date_gmt":"2023-03-04T00:24:06","guid":{"rendered":"https:\/\/imia.com.cn\/?post_type=product&#038;p=4669"},"modified":"2024-07-25T07:49:43","modified_gmt":"2024-07-25T07:49:43","slug":"lightning-to-usb-cable","status":"publish","type":"product","link":"https:\/\/imiapower.com\/de\/products\/usb-cable\/lightning-to-usb-cable\/","title":{"rendered":"Leistungsstarkes Lightning-auf-USB-Kabel aus China"},"content":{"rendered":"<ul>\n<li><strong>Lightning-auf-USB-Kabel<\/strong><\/li>\n<li><strong>Huawei Lightning-Kabel:<\/strong> USB-A auf Lightning, 20\u00a0W max.<\/li>\n<li><strong>Spezifikation:<\/strong> Au\u00dfendurchmesser 3,8, 1\u00a0M<\/li>\n<li><strong>Farbe:<\/strong> Wei\u00df schwarz.<\/li>\n<li><strong>Material:<\/strong> TPE, gewebt, Nylon.<\/li>\n<li><strong>Steckermaterial:<\/strong> Kupfer-USB mit Lila.<\/li>\n<li><strong>Funktion:<\/strong> Daten\u00fcbertragung, Schnellladung<\/li>\n<\/ul>","protected":false},"excerpt":{"rendered":"<p>Ein Lightning-auf-USB-Kabel ist ein unverzichtbares Zubeh\u00f6r zum Laden und Synchronisieren von Apple-Ger\u00e4ten. Die Wahl eines hochwertigen Kabels gew\u00e4hrleistet Kompatibilit\u00e4t und zuverl\u00e4ssige Leistung. Mit verschiedenen Optionen in unterschiedlichen L\u00e4ngen und Verarbeitungsqualit\u00e4ten finden Sie ein Kabel, das Ihren Anforderungen f\u00fcr den t\u00e4glichen Gebrauch oder auf Reisen entspricht.<\/p>","protected":false},"featured_media":4598,"comment_status":"closed","ping_status":"closed","template":"","meta":{"rank_math_lock_modified_date":false,"site-sidebar-layout":"default","site-content-layout":"default","ast-site-content-layout":"default","site-content-style":"default","site-sidebar-style":"default","ast-global-header-display":"","ast-banner-title-visibility":"","ast-main-header-display":"","ast-hfb-above-header-display":"","ast-hfb-below-header-display":"","ast-hfb-mobile-header-display":"","site-post-title":"","ast-breadcrumbs-content":"","ast-featured-img":"","footer-sml-layout":"","ast-disable-related-posts":"","theme-transparent-header-meta":"default","adv-header-id-meta":"","stick-header-meta":"","header-above-stick-meta":"","header-main-stick-meta":"","header-below-stick-meta":"","astra-migrate-meta-layouts":"set","ast-page-background-enabled":"default","ast-page-background-meta":{"desktop":{"background-color":"","background-image":"","background-repeat":"repeat","background-position":"center center","background-size":"auto","background-attachment":"scroll","background-type":"","background-media":"","overlay-type":"","overlay-color":"","overlay-opacity":"","overlay-gradient":""},"tablet":{"background-color":"","background-image":"","background-repeat":"repeat","background-position":"center center","background-size":"auto","background-attachment":"scroll","background-type":"","background-media":"","overlay-type":"","overlay-color":"","overlay-opacity":"","overlay-gradient":""},"mobile":{"background-color":"","background-image":"","background-repeat":"repeat","background-position":"center center","background-size":"auto","background-attachment":"scroll","background-type":"","background-media":"","overlay-type":"","overlay-color":"","overlay-opacity":"","overlay-gradient":""}},"ast-content-background-meta":{"desktop":{"background-color":"var(--ast-global-color-5)","background-image":"","background-repeat":"repeat","background-position":"center center","background-size":"auto","background-attachment":"scroll","background-type":"","background-media":"","overlay-type":"","overlay-color":"","overlay-opacity":"","overlay-gradient":""},"tablet":{"background-color":"var(--ast-global-color-5)","background-image":"","background-repeat":"repeat","background-position":"center center","background-size":"auto","background-attachment":"scroll","background-type":"","background-media":"","overlay-type":"","overlay-color":"","overlay-opacity":"","overlay-gradient":""},"mobile":{"background-color":"var(--ast-global-color-5)","background-image":"","background-repeat":"repeat","background-position":"center center","background-size":"auto","background-attachment":"scroll","background-type":"","background-media":"","overlay-type":"","overlay-color":"","overlay-opacity":"","overlay-gradient":""}}},"product_cat":[60],"product_tag":[],"class_list":{"0":"post-4669","1":"product","2":"type-product","3":"status-publish","4":"has-post-thumbnail","6":"product_cat-usb-cable","7":"desktop-align-center","8":"tablet-align-center","9":"mobile-align-center","11":"first","12":"instock","13":"shipping-taxable","14":"purchasable","15":"product-type-simple"},"_links":{"self":[{"href":"https:\/\/imiapower.com\/de\/wp-json\/wp\/v2\/product\/4669","targetHints":{"allow":["GET"]}}],"collection":[{"href":"https:\/\/imiapower.com\/de\/wp-json\/wp\/v2\/product"}],"about":[{"href":"https:\/\/imiapower.com\/de\/wp-json\/wp\/v2\/types\/product"}],"replies":[{"embeddable":true,"href":"https:\/\/imiapower.com\/de\/wp-json\/wp\/v2\/comments?post=4669"}],"version-history":[{"count":2,"href":"https:\/\/imiapower.com\/de\/wp-json\/wp\/v2\/product\/4669\/revisions"}],"predecessor-version":[{"id":8169,"href":"https:\/\/imiapower.com\/de\/wp-json\/wp\/v2\/product\/4669\/revisions\/8169"}],"wp:featuredmedia":[{"embeddable":true,"href":"https:\/\/imiapower.com\/de\/wp-json\/wp\/v2\/media\/4598"}],"wp:attachment":[{"href":"https:\/\/imiapower.com\/de\/wp-json\/wp\/v2\/media?parent=4669"}],"wp:term":[{"taxonomy":"product_cat","embeddable":true,"href":"https:\/\/imiapower.com\/de\/wp-json\/wp\/v2\/product_cat?post=4669"},{"taxonomy":"product_tag","embeddable":true,"href":"https:\/\/imiapower.com\/de\/wp-json\/wp\/v2\/product_tag?post=4669"}],"curies":[{"name":"wp","href":"https:\/\/api.w.org\/{rel}","templated":true}]}}