{"id":4670,"date":"2023-03-04T00:24:06","date_gmt":"2023-03-04T00:24:06","guid":{"rendered":"https:\/\/imia.com.cn\/?post_type=product&#038;p=4670"},"modified":"2024-11-15T09:16:34","modified_gmt":"2024-11-15T09:16:34","slug":"usb-c-to-lightning-cable","status":"publish","type":"product","link":"https:\/\/imiapower.com\/de\/products\/usb-cable\/usb-c-to-lightning-cable\/","title":{"rendered":"Rabatt: USB-C-auf-Lightning-Kabel"},"content":{"rendered":"<ul>\n<li><strong>USB-C-auf-Lightning-Kabel<\/strong><\/li>\n<li><strong>iPhone-Schnellladekabel:<\/strong> Typ-C auf Lightning, 33\u00a0W max.<\/li>\n<li><strong>Spezifikation:<\/strong> 1 Mio.<\/li>\n<li><strong>Farbe:<\/strong> Wei\u00df schwarz.<\/li>\n<li><strong>Material:<\/strong> TPE, gewebt, Nylon.<\/li>\n<li><strong>Steckermaterial:<\/strong> Kupfer-USB, Typ C 14-polig.<\/li>\n<li><strong>Funktion:<\/strong> Daten\u00fcbertragung, Schnellladung.<\/li>\n<\/ul>","protected":false},"excerpt":{"rendered":"<p>Ein USB-C-auf-Lightning-Kabel ist ein vielseitiges und unverzichtbares Zubeh\u00f6r f\u00fcr viele Benutzer von Apple-Ger\u00e4ten. Dieses Kabel dient zum Verbinden von Ger\u00e4ten mit einem Lightning-Anschluss, wie iPhones, iPads und iPods, mit Ger\u00e4ten oder Netzteilen mit einem USB-C-Anschluss<\/p>","protected":false},"featured_media":4599,"comment_status":"closed","ping_status":"closed","template":"","meta":{"rank_math_lock_modified_date":false,"site-sidebar-layout":"default","site-content-layout":"default","ast-site-content-layout":"default","site-content-style":"default","site-sidebar-style":"default","ast-global-header-display":"","ast-banner-title-visibility":"","ast-main-header-display":"","ast-hfb-above-header-display":"","ast-hfb-below-header-display":"","ast-hfb-mobile-header-display":"","site-post-title":"","ast-breadcrumbs-content":"","ast-featured-img":"","footer-sml-layout":"","ast-disable-related-posts":"","theme-transparent-header-meta":"default","adv-header-id-meta":"","stick-header-meta":"","header-above-stick-meta":"","header-main-stick-meta":"","header-below-stick-meta":"","astra-migrate-meta-layouts":"set","ast-page-background-enabled":"default","ast-page-background-meta":{"desktop":{"background-color":"","background-image":"","background-repeat":"repeat","background-position":"center center","background-size":"auto","background-attachment":"scroll","background-type":"","background-media":"","overlay-type":"","overlay-color":"","overlay-opacity":"","overlay-gradient":""},"tablet":{"background-color":"","background-image":"","background-repeat":"repeat","background-position":"center center","background-size":"auto","background-attachment":"scroll","background-type":"","background-media":"","overlay-type":"","overlay-color":"","overlay-opacity":"","overlay-gradient":""},"mobile":{"background-color":"","background-image":"","background-repeat":"repeat","background-position":"center center","background-size":"auto","background-attachment":"scroll","background-type":"","background-media":"","overlay-type":"","overlay-color":"","overlay-opacity":"","overlay-gradient":""}},"ast-content-background-meta":{"desktop":{"background-color":"var(--ast-global-color-5)","background-image":"","background-repeat":"repeat","background-position":"center center","background-size":"auto","background-attachment":"scroll","background-type":"","background-media":"","overlay-type":"","overlay-color":"","overlay-opacity":"","overlay-gradient":""},"tablet":{"background-color":"var(--ast-global-color-5)","background-image":"","background-repeat":"repeat","background-position":"center center","background-size":"auto","background-attachment":"scroll","background-type":"","background-media":"","overlay-type":"","overlay-color":"","overlay-opacity":"","overlay-gradient":""},"mobile":{"background-color":"var(--ast-global-color-5)","background-image":"","background-repeat":"repeat","background-position":"center center","background-size":"auto","background-attachment":"scroll","background-type":"","background-media":"","overlay-type":"","overlay-color":"","overlay-opacity":"","overlay-gradient":""}}},"product_cat":[60],"product_tag":[],"class_list":{"0":"post-4670","1":"product","2":"type-product","3":"status-publish","4":"has-post-thumbnail","6":"product_cat-usb-cable","7":"desktop-align-center","8":"tablet-align-center","9":"mobile-align-center","11":"first","12":"instock","13":"shipping-taxable","14":"product-type-simple"},"_links":{"self":[{"href":"https:\/\/imiapower.com\/de\/wp-json\/wp\/v2\/product\/4670","targetHints":{"allow":["GET"]}}],"collection":[{"href":"https:\/\/imiapower.com\/de\/wp-json\/wp\/v2\/product"}],"about":[{"href":"https:\/\/imiapower.com\/de\/wp-json\/wp\/v2\/types\/product"}],"replies":[{"embeddable":true,"href":"https:\/\/imiapower.com\/de\/wp-json\/wp\/v2\/comments?post=4670"}],"version-history":[{"count":3,"href":"https:\/\/imiapower.com\/de\/wp-json\/wp\/v2\/product\/4670\/revisions"}],"predecessor-version":[{"id":8158,"href":"https:\/\/imiapower.com\/de\/wp-json\/wp\/v2\/product\/4670\/revisions\/8158"}],"wp:featuredmedia":[{"embeddable":true,"href":"https:\/\/imiapower.com\/de\/wp-json\/wp\/v2\/media\/4599"}],"wp:attachment":[{"href":"https:\/\/imiapower.com\/de\/wp-json\/wp\/v2\/media?parent=4670"}],"wp:term":[{"taxonomy":"product_cat","embeddable":true,"href":"https:\/\/imiapower.com\/de\/wp-json\/wp\/v2\/product_cat?post=4670"},{"taxonomy":"product_tag","embeddable":true,"href":"https:\/\/imiapower.com\/de\/wp-json\/wp\/v2\/product_tag?post=4670"}],"curies":[{"name":"wp","href":"https:\/\/api.w.org\/{rel}","templated":true}]}}