{"id":5879,"date":"2023-03-24T03:02:11","date_gmt":"2023-03-24T03:02:11","guid":{"rendered":"https:\/\/imia.com.cn\/?post_type=product&#038;p=5879"},"modified":"2024-05-27T03:43:49","modified_gmt":"2024-05-27T03:43:49","slug":"65w-usb-c-charger","status":"publish","type":"product","link":"https:\/\/imiapower.com\/de\/products\/wall-charger\/65w-usb-c-charger\/","title":{"rendered":"65W USB-C-Ladeger\u00e4t GaN"},"content":{"rendered":"<ul>\n<li><strong>65W USB-C-Ladeger\u00e4t GaN<\/strong><\/li>\n<li><strong>Ausgabe<\/strong> 2C1A 65W max.<\/li>\n<li><strong>Typ C1:<\/strong> 5 V 3 A\/9 V 3 A\/12 V 3 A 15 V 3 A\/20 V 3,25 A 65 W max.<\/li>\n<li><strong>Typ C2:<\/strong>5 V 3 A\/9 V 2 A\/12 V 1,5 A, 18 W, max.<\/li>\n<li><strong>USB-A:<\/strong> 5 V 3 A\/9 V 2 A\/12 V 1,5 A, 18 W, max.<\/li>\n<li><strong>Doppelte Leistung<\/strong><\/li>\n<li><strong>Typ C1 + USB A:<\/strong> PD45W+QC18W 63W Max<\/li>\n<li><strong>PPS:<\/strong>5,3 V \u2013 21,0 V, 3 A<\/li>\n<li><strong>Eingangsspannung:<\/strong> 100\u2013240 V<\/li>\n<li><strong>Eingangsfrequenz:<\/strong> 50\/60 Hz<\/li>\n<li><strong>Energieklasse:<\/strong> VI<\/li>\n<li><strong>Sicherheitszertifizierung:<\/strong> EN62368: FCC\/CE\/SA<\/li>\n<li><strong>US\/CN\/JP-Gr\u00f6\u00dfe:<\/strong> 60*26*40mm<\/li>\n<li><strong>EU\/KR-Gr\u00f6\u00dfe:<\/strong> 80*27*40 mm<\/li>\n<li><strong>Britisches Gr\u00f6\u00dfenma\u00df:<\/strong> 75*27*39,5 mm<\/li>\n<\/ul>","protected":false},"excerpt":{"rendered":"<p>Ein Wandladeger\u00e4t ist ein Ger\u00e4t, mit dem Sie Ihre elektronischen Ger\u00e4te aufladen k\u00f6nnen, w\u00e4hrend diese an eine Steckdose angeschlossen sind. Es wird auch als USB-Ladeger\u00e4t bezeichnet. Durchsuchen Sie unten die Top-Liste der USB-Wandladeger\u00e4te sowie die dazugeh\u00f6rigen Bewertungen und Meinungen.<\/p>","protected":false},"featured_media":5880,"comment_status":"closed","ping_status":"closed","template":"","meta":{"rank_math_lock_modified_date":false,"site-sidebar-layout":"default","site-content-layout":"default","ast-site-content-layout":"default","site-content-style":"default","site-sidebar-style":"default","ast-global-header-display":"","ast-banner-title-visibility":"","ast-main-header-display":"","ast-hfb-above-header-display":"","ast-hfb-below-header-display":"","ast-hfb-mobile-header-display":"","site-post-title":"","ast-breadcrumbs-content":"","ast-featured-img":"","footer-sml-layout":"","ast-disable-related-posts":"","theme-transparent-header-meta":"default","adv-header-id-meta":"","stick-header-meta":"","header-above-stick-meta":"","header-main-stick-meta":"","header-below-stick-meta":"","astra-migrate-meta-layouts":"set","ast-page-background-enabled":"default","ast-page-background-meta":{"desktop":{"background-color":"","background-image":"","background-repeat":"repeat","background-position":"center center","background-size":"auto","background-attachment":"scroll","background-type":"","background-media":"","overlay-type":"","overlay-color":"","overlay-opacity":"","overlay-gradient":""},"tablet":{"background-color":"","background-image":"","background-repeat":"repeat","background-position":"center center","background-size":"auto","background-attachment":"scroll","background-type":"","background-media":"","overlay-type":"","overlay-color":"","overlay-opacity":"","overlay-gradient":""},"mobile":{"background-color":"","background-image":"","background-repeat":"repeat","background-position":"center center","background-size":"auto","background-attachment":"scroll","background-type":"","background-media":"","overlay-type":"","overlay-color":"","overlay-opacity":"","overlay-gradient":""}},"ast-content-background-meta":{"desktop":{"background-color":"var(--ast-global-color-5)","background-image":"","background-repeat":"repeat","background-position":"center center","background-size":"auto","background-attachment":"scroll","background-type":"","background-media":"","overlay-type":"","overlay-color":"","overlay-opacity":"","overlay-gradient":""},"tablet":{"background-color":"var(--ast-global-color-5)","background-image":"","background-repeat":"repeat","background-position":"center center","background-size":"auto","background-attachment":"scroll","background-type":"","background-media":"","overlay-type":"","overlay-color":"","overlay-opacity":"","overlay-gradient":""},"mobile":{"background-color":"var(--ast-global-color-5)","background-image":"","background-repeat":"repeat","background-position":"center center","background-size":"auto","background-attachment":"scroll","background-type":"","background-media":"","overlay-type":"","overlay-color":"","overlay-opacity":"","overlay-gradient":""}}},"product_cat":[43],"product_tag":[],"class_list":{"0":"post-5879","1":"product","2":"type-product","3":"status-publish","4":"has-post-thumbnail","6":"product_cat-wall-charger","7":"desktop-align-center","8":"tablet-align-center","9":"mobile-align-center","11":"first","12":"instock","13":"shipping-taxable","14":"product-type-simple"},"_links":{"self":[{"href":"https:\/\/imiapower.com\/de\/wp-json\/wp\/v2\/product\/5879","targetHints":{"allow":["GET"]}}],"collection":[{"href":"https:\/\/imiapower.com\/de\/wp-json\/wp\/v2\/product"}],"about":[{"href":"https:\/\/imiapower.com\/de\/wp-json\/wp\/v2\/types\/product"}],"replies":[{"embeddable":true,"href":"https:\/\/imiapower.com\/de\/wp-json\/wp\/v2\/comments?post=5879"}],"version-history":[{"count":1,"href":"https:\/\/imiapower.com\/de\/wp-json\/wp\/v2\/product\/5879\/revisions"}],"predecessor-version":[{"id":7806,"href":"https:\/\/imiapower.com\/de\/wp-json\/wp\/v2\/product\/5879\/revisions\/7806"}],"wp:featuredmedia":[{"embeddable":true,"href":"https:\/\/imiapower.com\/de\/wp-json\/wp\/v2\/media\/5880"}],"wp:attachment":[{"href":"https:\/\/imiapower.com\/de\/wp-json\/wp\/v2\/media?parent=5879"}],"wp:term":[{"taxonomy":"product_cat","embeddable":true,"href":"https:\/\/imiapower.com\/de\/wp-json\/wp\/v2\/product_cat?post=5879"},{"taxonomy":"product_tag","embeddable":true,"href":"https:\/\/imiapower.com\/de\/wp-json\/wp\/v2\/product_tag?post=5879"}],"curies":[{"name":"wp","href":"https:\/\/api.w.org\/{rel}","templated":true}]}}