{"id":5885,"date":"2023-03-24T03:15:56","date_gmt":"2023-03-24T03:15:56","guid":{"rendered":"https:\/\/imia.com.cn\/?post_type=product&#038;p=5885"},"modified":"2024-07-25T07:54:42","modified_gmt":"2024-07-25T07:54:42","slug":"usb-c-to-c-cable","status":"publish","type":"product","link":"https:\/\/imiapower.com\/de\/products\/usb-cable\/usb-c-to-c-cable\/","title":{"rendered":"Werben Sie f\u00fcr die Fabrik f\u00fcr USB-C-auf-C-Kabel"},"content":{"rendered":"<div class=\"sm-table-layout__cell sm-table-layout__cell_align_left sm-table-layout__cell_fixed-cell_phrase\" data-testid=\"table-cell-keyword\">\n<div class=\"sm-cell-phrase\">\n<ul>\n<li><strong>USB-C-auf-C-Kabel<\/strong><\/li>\n<li><strong style=\"font-size: 16px;\">PD-Schnellladekabel:<\/strong><span style=\"font-size: 16px;\"> Typ-C auf Typ-C, 100\u00a0W max.<\/span><\/li>\n<li><strong>Spezifikation:<\/strong> 1M\/1,5M<\/li>\n<li><strong>Farbe:<\/strong> Wei\u00df schwarz.<\/li>\n<li><strong>Material:<\/strong> TPE, gewebt, Nylon.<\/li>\n<li><strong>Steckermaterial:<\/strong> Kupfer-USB mit Lila.<\/li>\n<li><strong>Funktion:<\/strong> Daten\u00fcbertragung, Schnellladung<\/li>\n<\/ul>\n<\/div>\n<\/div>","protected":false},"excerpt":{"rendered":"<p>Das USB-C-auf-USB-C-Kabel ist ein \u00e4u\u00dferst vielseitiges Zubeh\u00f6r, das schnelles Laden, Hochgeschwindigkeitsdaten\u00fcbertragung und Videoausgabe unterst\u00fctzt. Durch die Wahl eines Kabels mit den entsprechenden Spezifikationen, der richtigen L\u00e4nge und Verarbeitungsqualit\u00e4t k\u00f6nnen Sie eine zuverl\u00e4ssige Leistung sicherstellen und Ihr Verbindungserlebnis f\u00fcr eine Reihe von Ger\u00e4ten und Anwendungen verbessern<\/p>","protected":false},"featured_media":5887,"comment_status":"closed","ping_status":"closed","template":"","meta":{"rank_math_lock_modified_date":false,"site-sidebar-layout":"default","site-content-layout":"default","ast-site-content-layout":"default","site-content-style":"default","site-sidebar-style":"default","ast-global-header-display":"","ast-banner-title-visibility":"","ast-main-header-display":"","ast-hfb-above-header-display":"","ast-hfb-below-header-display":"","ast-hfb-mobile-header-display":"","site-post-title":"","ast-breadcrumbs-content":"","ast-featured-img":"","footer-sml-layout":"","ast-disable-related-posts":"","theme-transparent-header-meta":"default","adv-header-id-meta":"","stick-header-meta":"","header-above-stick-meta":"","header-main-stick-meta":"","header-below-stick-meta":"","astra-migrate-meta-layouts":"set","ast-page-background-enabled":"default","ast-page-background-meta":{"desktop":{"background-color":"","background-image":"","background-repeat":"repeat","background-position":"center center","background-size":"auto","background-attachment":"scroll","background-type":"","background-media":"","overlay-type":"","overlay-color":"","overlay-opacity":"","overlay-gradient":""},"tablet":{"background-color":"","background-image":"","background-repeat":"repeat","background-position":"center center","background-size":"auto","background-attachment":"scroll","background-type":"","background-media":"","overlay-type":"","overlay-color":"","overlay-opacity":"","overlay-gradient":""},"mobile":{"background-color":"","background-image":"","background-repeat":"repeat","background-position":"center center","background-size":"auto","background-attachment":"scroll","background-type":"","background-media":"","overlay-type":"","overlay-color":"","overlay-opacity":"","overlay-gradient":""}},"ast-content-background-meta":{"desktop":{"background-color":"var(--ast-global-color-5)","background-image":"","background-repeat":"repeat","background-position":"center center","background-size":"auto","background-attachment":"scroll","background-type":"","background-media":"","overlay-type":"","overlay-color":"","overlay-opacity":"","overlay-gradient":""},"tablet":{"background-color":"var(--ast-global-color-5)","background-image":"","background-repeat":"repeat","background-position":"center center","background-size":"auto","background-attachment":"scroll","background-type":"","background-media":"","overlay-type":"","overlay-color":"","overlay-opacity":"","overlay-gradient":""},"mobile":{"background-color":"var(--ast-global-color-5)","background-image":"","background-repeat":"repeat","background-position":"center center","background-size":"auto","background-attachment":"scroll","background-type":"","background-media":"","overlay-type":"","overlay-color":"","overlay-opacity":"","overlay-gradient":""}}},"product_cat":[60],"product_tag":[],"class_list":{"0":"post-5885","1":"product","2":"type-product","3":"status-publish","4":"has-post-thumbnail","6":"product_cat-usb-cable","7":"desktop-align-center","8":"tablet-align-center","9":"mobile-align-center","11":"first","12":"instock","13":"shipping-taxable","14":"product-type-simple"},"_links":{"self":[{"href":"https:\/\/imiapower.com\/de\/wp-json\/wp\/v2\/product\/5885","targetHints":{"allow":["GET"]}}],"collection":[{"href":"https:\/\/imiapower.com\/de\/wp-json\/wp\/v2\/product"}],"about":[{"href":"https:\/\/imiapower.com\/de\/wp-json\/wp\/v2\/types\/product"}],"replies":[{"embeddable":true,"href":"https:\/\/imiapower.com\/de\/wp-json\/wp\/v2\/comments?post=5885"}],"version-history":[{"count":2,"href":"https:\/\/imiapower.com\/de\/wp-json\/wp\/v2\/product\/5885\/revisions"}],"predecessor-version":[{"id":8171,"href":"https:\/\/imiapower.com\/de\/wp-json\/wp\/v2\/product\/5885\/revisions\/8171"}],"wp:featuredmedia":[{"embeddable":true,"href":"https:\/\/imiapower.com\/de\/wp-json\/wp\/v2\/media\/5887"}],"wp:attachment":[{"href":"https:\/\/imiapower.com\/de\/wp-json\/wp\/v2\/media?parent=5885"}],"wp:term":[{"taxonomy":"product_cat","embeddable":true,"href":"https:\/\/imiapower.com\/de\/wp-json\/wp\/v2\/product_cat?post=5885"},{"taxonomy":"product_tag","embeddable":true,"href":"https:\/\/imiapower.com\/de\/wp-json\/wp\/v2\/product_tag?post=5885"}],"curies":[{"name":"wp","href":"https:\/\/api.w.org\/{rel}","templated":true}]}}