{"id":6456,"date":"2024-01-20T04:02:36","date_gmt":"2024-01-20T04:02:36","guid":{"rendered":"https:\/\/imia.com.cn\/?post_type=product&#038;p=6456"},"modified":"2025-07-08T12:41:05","modified_gmt":"2025-07-08T12:41:05","slug":"ce-travel-universal-adaptor","status":"publish","type":"product","link":"https:\/\/imiapower.com\/de\/products\/travel-adapter\/ce-travel-universal-adaptor\/","title":{"rendered":"Beliebter CE-Reise-Universaladapter 20 W USB\/PD"},"content":{"rendered":"<ul>\n<li><strong>CE-Reise-Universaladapter 20 W USB\/PD<\/strong><\/li>\n<li><strong>AC-Eingang:<\/strong> 100\u2013250 V\/Wechselstrom 50\u201360 Hz<\/li>\n<li><strong>AC-Ausgang:<\/strong> 6A Max. (660W\/100V oder 1330W\/250V)<\/li>\n<li><strong>USB-A-Ausgang:<\/strong> 5V3A, 9V2A, 12V 1,66A (OC 3,0 18W)<\/li>\n<li><strong>Typ-C:<\/strong> 5V3A \/9V2.22A12V1.67A (maximal 20W)<\/li>\n<li><strong>Stecker:<\/strong> EU\/AUS\/UK\/USA<\/li>\n<li><strong>Gr\u00f6\u00dfe:<\/strong> 60*45*55mm<\/li>\n<li><strong>Material:<\/strong> ABS+ Kupfermetall + Gummi\u00f6lEU\/AU\/UK\/US<\/li>\n<li><strong>Notiz: <\/strong>All-in-One ist in \u00fcber 170 L\u00e4ndern einsetzbar<\/li>\n<li><strong>Zertifikat:<\/strong> CE.Rohs<\/li>\n<\/ul>","protected":false},"excerpt":{"rendered":"<p>Dies ist ein notwendiges Produkt f\u00fcr Reisen in verschiedene L\u00e4nder, da in verschiedenen L\u00e4ndern die Ladestecker unterschiedlich sind. Dieser Adapter mit EU-, US-, AUS- und UK-Stecker erf\u00fcllt die Steckeranforderungen der meisten L\u00e4nder. Dieses Modell umfasst 3 Versionen<\/p>\n<p>USB A+TYP C PD20W<\/p>\n<p>USB A+TYP C 15,5 W<\/p>\n<p>USB A + USB A 10,5 W<\/p>\n<p>PD20W mit dem besten Verkauf<\/p>\n<p>&nbsp;<\/p>\n<div id=\"gtx-trans\" style=\"position: absolute; left: 3px; top: -3px;\">\n<div class=\"gtx-trans-icon\"><\/div>\n<\/div>","protected":false},"featured_media":7633,"comment_status":"closed","ping_status":"closed","template":"","meta":{"rank_math_lock_modified_date":false,"site-sidebar-layout":"default","site-content-layout":"","ast-site-content-layout":"default","site-content-style":"default","site-sidebar-style":"default","ast-global-header-display":"","ast-banner-title-visibility":"","ast-main-header-display":"","ast-hfb-above-header-display":"","ast-hfb-below-header-display":"","ast-hfb-mobile-header-display":"","site-post-title":"","ast-breadcrumbs-content":"","ast-featured-img":"","footer-sml-layout":"","ast-disable-related-posts":"","theme-transparent-header-meta":"default","adv-header-id-meta":"","stick-header-meta":"","header-above-stick-meta":"","header-main-stick-meta":"","header-below-stick-meta":"","astra-migrate-meta-layouts":"set","ast-page-background-enabled":"default","ast-page-background-meta":{"desktop":{"background-color":"","background-image":"","background-repeat":"repeat","background-position":"center center","background-size":"auto","background-attachment":"scroll","background-type":"","background-media":"","overlay-type":"","overlay-color":"","overlay-opacity":"","overlay-gradient":""},"tablet":{"background-color":"","background-image":"","background-repeat":"repeat","background-position":"center center","background-size":"auto","background-attachment":"scroll","background-type":"","background-media":"","overlay-type":"","overlay-color":"","overlay-opacity":"","overlay-gradient":""},"mobile":{"background-color":"","background-image":"","background-repeat":"repeat","background-position":"center center","background-size":"auto","background-attachment":"scroll","background-type":"","background-media":"","overlay-type":"","overlay-color":"","overlay-opacity":"","overlay-gradient":""}},"ast-content-background-meta":{"desktop":{"background-color":"var(--ast-global-color-5)","background-image":"","background-repeat":"repeat","background-position":"center center","background-size":"auto","background-attachment":"scroll","background-type":"","background-media":"","overlay-type":"","overlay-color":"","overlay-opacity":"","overlay-gradient":""},"tablet":{"background-color":"var(--ast-global-color-5)","background-image":"","background-repeat":"repeat","background-position":"center center","background-size":"auto","background-attachment":"scroll","background-type":"","background-media":"","overlay-type":"","overlay-color":"","overlay-opacity":"","overlay-gradient":""},"mobile":{"background-color":"var(--ast-global-color-5)","background-image":"","background-repeat":"repeat","background-position":"center center","background-size":"auto","background-attachment":"scroll","background-type":"","background-media":"","overlay-type":"","overlay-color":"","overlay-opacity":"","overlay-gradient":""}}},"product_cat":[64],"product_tag":[],"class_list":{"0":"post-6456","1":"product","2":"type-product","3":"status-publish","4":"has-post-thumbnail","6":"product_cat-travel-adapter","7":"desktop-align-center","8":"tablet-align-center","9":"mobile-align-center","11":"first","12":"instock","13":"shipping-taxable","14":"product-type-simple"},"_links":{"self":[{"href":"https:\/\/imiapower.com\/de\/wp-json\/wp\/v2\/product\/6456","targetHints":{"allow":["GET"]}}],"collection":[{"href":"https:\/\/imiapower.com\/de\/wp-json\/wp\/v2\/product"}],"about":[{"href":"https:\/\/imiapower.com\/de\/wp-json\/wp\/v2\/types\/product"}],"replies":[{"embeddable":true,"href":"https:\/\/imiapower.com\/de\/wp-json\/wp\/v2\/comments?post=6456"}],"version-history":[{"count":5,"href":"https:\/\/imiapower.com\/de\/wp-json\/wp\/v2\/product\/6456\/revisions"}],"predecessor-version":[{"id":9422,"href":"https:\/\/imiapower.com\/de\/wp-json\/wp\/v2\/product\/6456\/revisions\/9422"}],"wp:featuredmedia":[{"embeddable":true,"href":"https:\/\/imiapower.com\/de\/wp-json\/wp\/v2\/media\/7633"}],"wp:attachment":[{"href":"https:\/\/imiapower.com\/de\/wp-json\/wp\/v2\/media?parent=6456"}],"wp:term":[{"taxonomy":"product_cat","embeddable":true,"href":"https:\/\/imiapower.com\/de\/wp-json\/wp\/v2\/product_cat?post=6456"},{"taxonomy":"product_tag","embeddable":true,"href":"https:\/\/imiapower.com\/de\/wp-json\/wp\/v2\/product_tag?post=6456"}],"curies":[{"name":"wp","href":"https:\/\/api.w.org\/{rel}","templated":true}]}}