{"id":6477,"date":"2024-01-22T04:10:39","date_gmt":"2024-01-22T04:10:39","guid":{"rendered":"https:\/\/imia.com.cn\/?post_type=product&#038;p=6477"},"modified":"2024-11-12T09:56:59","modified_gmt":"2024-11-12T09:56:59","slug":"best-travel-power-adapter-converterter","status":"publish","type":"product","link":"https:\/\/imiapower.com\/de\/products\/travel-adapter\/best-travel-power-adapter-converterter\/","title":{"rendered":"Beste Fabrik f\u00fcr Reise-Netzadapterkonverter in China"},"content":{"rendered":"<ul>\n<li><strong>Bester Reise-Netzteil-Konverter<\/strong><\/li>\n<li><strong>AC-Eingang:<\/strong>100\u2013250 V\/Wechselstrom 50\u201360 Hz<\/li>\n<li><strong>AC-Ausgang:<\/strong> 6 A max. (660 W\/110 V oder 1440 W\/240 V)<\/li>\n<li><strong>Stecker:<\/strong> EU\/AU\/UK\/US<\/li>\n<li><strong>Farbe: <\/strong>Wei\u00df schwarz<\/li>\n<li><strong>Gr\u00f6\u00dfe:<\/strong> 50*40*75mm<\/li>\n<li><strong>Material:<\/strong> ABS+ Kupfermetall<\/li>\n<li><strong>Notiz:<\/strong> All-in-One kann in \u00fcber 170 L\u00e4ndern verwendet werden<\/li>\n<li><strong>Zertifikat:<\/strong>\u00a0 CE, Rohs<\/li>\n<\/ul>\n<p>&nbsp;<\/p>","protected":false},"excerpt":{"rendered":"<p>Dies ist ein notwendiges Produkt f\u00fcr Reisen in verschiedene L\u00e4nder, da in anderen L\u00e4ndern der Ladestecker unterschiedlich ist. Dieser Adapter mit EU-, US-, AUS- und UK-Steckern kann die Steckeranforderungen der meisten L\u00e4nder erf\u00fcllen.<\/p>\n<p>Dieser beste Reise-Netzadapter-Konverter <span style=\"font-size: 16px;\">ist das \u00e4lteste Modell und verf\u00fcgt auch \u00fcber eine aktualisierte Version mit einem doppelten USB-Ladeanschluss, mit dem Smartphones, Laptops und einige andere elektronische Ger\u00e4te bequem aufgeladen werden k\u00f6nnen<\/span><\/p>\n<p>Bester Reisespannungswandler f\u00fcr Lockenstab<\/p>\n<p>Was ist der Vorteil des besten Reise-Stromrichters?<\/p>\n<p>Dadurch ist es mit zahlreichen internationalen Steckdosen kompatibel. In den USB-Anschl\u00fcssen integrierte Adapter erm\u00f6glichen das gleichzeitige Laden mehrerer Ger\u00e4te. Ein echtes Plus f\u00fcr technisch versierte Reisende.<\/p>\n<p>Bester Reiseadapter-Konverter aus China<\/p>\n<p>Wenn Sie nach dem besten Reiseadapterkonverter aus China suchen, ist der Imia-Adapter am besten geeignet. Bekannt f\u00fcr seine Qualit\u00e4t und Vielseitigkeit. Von Tag zu Tag wird er in China immer beliebter. Au\u00dferdem kombiniert Imia Funktionalit\u00e4t mit Haltbarkeit. Damit ist er sogar eine ausgezeichnete Wahl f\u00fcr internationale Abenteuer.<\/p>\n<p>Einige Nachteile des besten Reiseadapter-Konverters f\u00fcr Europa<\/p>\n<p>Reiseadapter und -konverter sind f\u00fcr Reisen innerhalb Europas unverzichtbar. Allerdings bringen sie auch einige Probleme mit sich.<\/p>\n<p>Zeichen des besten Reise-Netzadapter-Konverters<\/p>\n<p>Daher ist es sehr wichtig, den besten Reiseadapterkonverter f\u00fcr Europa auszuw\u00e4hlen. Ein guter Reiseadapterkonverter kann Ihren Aufwand f\u00fcr Ihr Abenteuer in Europa verringern.<\/p>\n<p>Einige beliebte Unternehmen mit den besten Stromrichtern<\/p>\n<p>Mehrere renommierte Unternehmen sind f\u00fcr die Herstellung hochwertiger Spannungswandler und Reiseadapter bekannt:<\/p>\n<p>Alle diese Marken erfreuten sich aufgrund ihrer Leistung schon sehr fr\u00fch gro\u00dfer Beliebtheit.<\/p>\n<p>&nbsp;<\/p>","protected":false},"featured_media":6480,"comment_status":"closed","ping_status":"closed","template":"","meta":{"rank_math_lock_modified_date":false,"site-sidebar-layout":"default","site-content-layout":"","ast-site-content-layout":"default","site-content-style":"default","site-sidebar-style":"default","ast-global-header-display":"","ast-banner-title-visibility":"","ast-main-header-display":"","ast-hfb-above-header-display":"","ast-hfb-below-header-display":"","ast-hfb-mobile-header-display":"","site-post-title":"","ast-breadcrumbs-content":"","ast-featured-img":"","footer-sml-layout":"","ast-disable-related-posts":"","theme-transparent-header-meta":"default","adv-header-id-meta":"","stick-header-meta":"","header-above-stick-meta":"","header-main-stick-meta":"","header-below-stick-meta":"","astra-migrate-meta-layouts":"set","ast-page-background-enabled":"default","ast-page-background-meta":{"desktop":{"background-color":"","background-image":"","background-repeat":"repeat","background-position":"center center","background-size":"auto","background-attachment":"scroll","background-type":"","background-media":"","overlay-type":"","overlay-color":"","overlay-opacity":"","overlay-gradient":""},"tablet":{"background-color":"","background-image":"","background-repeat":"repeat","background-position":"center center","background-size":"auto","background-attachment":"scroll","background-type":"","background-media":"","overlay-type":"","overlay-color":"","overlay-opacity":"","overlay-gradient":""},"mobile":{"background-color":"","background-image":"","background-repeat":"repeat","background-position":"center center","background-size":"auto","background-attachment":"scroll","background-type":"","background-media":"","overlay-type":"","overlay-color":"","overlay-opacity":"","overlay-gradient":""}},"ast-content-background-meta":{"desktop":{"background-color":"var(--ast-global-color-5)","background-image":"","background-repeat":"repeat","background-position":"center center","background-size":"auto","background-attachment":"scroll","background-type":"","background-media":"","overlay-type":"","overlay-color":"","overlay-opacity":"","overlay-gradient":""},"tablet":{"background-color":"var(--ast-global-color-5)","background-image":"","background-repeat":"repeat","background-position":"center center","background-size":"auto","background-attachment":"scroll","background-type":"","background-media":"","overlay-type":"","overlay-color":"","overlay-opacity":"","overlay-gradient":""},"mobile":{"background-color":"var(--ast-global-color-5)","background-image":"","background-repeat":"repeat","background-position":"center center","background-size":"auto","background-attachment":"scroll","background-type":"","background-media":"","overlay-type":"","overlay-color":"","overlay-opacity":"","overlay-gradient":""}}},"product_cat":[64],"product_tag":[],"class_list":{"0":"post-6477","1":"product","2":"type-product","3":"status-publish","4":"has-post-thumbnail","6":"product_cat-travel-adapter","7":"desktop-align-center","8":"tablet-align-center","9":"mobile-align-center","11":"first","12":"instock","13":"shipping-taxable","14":"product-type-simple"},"_links":{"self":[{"href":"https:\/\/imiapower.com\/de\/wp-json\/wp\/v2\/product\/6477","targetHints":{"allow":["GET"]}}],"collection":[{"href":"https:\/\/imiapower.com\/de\/wp-json\/wp\/v2\/product"}],"about":[{"href":"https:\/\/imiapower.com\/de\/wp-json\/wp\/v2\/types\/product"}],"replies":[{"embeddable":true,"href":"https:\/\/imiapower.com\/de\/wp-json\/wp\/v2\/comments?post=6477"}],"version-history":[{"count":14,"href":"https:\/\/imiapower.com\/de\/wp-json\/wp\/v2\/product\/6477\/revisions"}],"predecessor-version":[{"id":8676,"href":"https:\/\/imiapower.com\/de\/wp-json\/wp\/v2\/product\/6477\/revisions\/8676"}],"wp:featuredmedia":[{"embeddable":true,"href":"https:\/\/imiapower.com\/de\/wp-json\/wp\/v2\/media\/6480"}],"wp:attachment":[{"href":"https:\/\/imiapower.com\/de\/wp-json\/wp\/v2\/media?parent=6477"}],"wp:term":[{"taxonomy":"product_cat","embeddable":true,"href":"https:\/\/imiapower.com\/de\/wp-json\/wp\/v2\/product_cat?post=6477"},{"taxonomy":"product_tag","embeddable":true,"href":"https:\/\/imiapower.com\/de\/wp-json\/wp\/v2\/product_tag?post=6477"}],"curies":[{"name":"wp","href":"https:\/\/api.w.org\/{rel}","templated":true}]}}