{"id":6489,"date":"2024-01-24T00:21:54","date_gmt":"2024-01-24T00:21:54","guid":{"rendered":"https:\/\/imia.com.cn\/?post_type=product&#038;p=6489"},"modified":"2024-11-05T01:16:49","modified_gmt":"2024-11-05T01:16:49","slug":"apple-20w-usb-c","status":"publish","type":"product","link":"https:\/\/imiapower.com\/de\/products\/wall-charger\/apple-20w-usb-c\/","title":{"rendered":"Beliebter faltbarer 20-W-USB-C-Stromadapter von Apple"},"content":{"rendered":"<ul>\n<li><strong>Apple 20 W USB-C<\/strong><\/li>\n<li><strong>Eingabe:<\/strong> 100\u2013250 V\/Wechselstrom 50\u201360 Hz<\/li>\n<li><strong>Ausgabe<\/strong> 5V3A, 9V2,22A, 12V1,67A (maximal 20W)<\/li>\n<li><strong>Gr\u00f6\u00dfe:<\/strong> 49*46*31cm<\/li>\n<li><strong>Material:<\/strong> PC<\/li>\n<li><strong>Zertifikat:<\/strong> UKCA, CE<\/li>\n<\/ul>","protected":false},"excerpt":{"rendered":"<p>Ein Wandladeger\u00e4t ist ein Ger\u00e4t, mit dem Sie Ihre elektronischen Ger\u00e4te aufladen k\u00f6nnen, w\u00e4hrend diese an eine Steckdose angeschlossen sind. Es wird auch als USB-Ladeger\u00e4t bezeichnet. Durchsuchen Sie unten die Top-Liste der USB-Wandladeger\u00e4te sowie die dazugeh\u00f6rigen Bewertungen und Meinungen.<\/p>\n<p>Dieses 20-W-Ladeger\u00e4t ist ein altes Modell, aber auch sehr beliebt auf dem Markt. Dieses Modell hat verschiedene Qualit\u00e4ten auf dem Markt und wir verwenden zertifizierte Qualit\u00e4t, um den Kunden zu helfen, mehr auf ihrem Markt zu verkaufen<\/p>","protected":false},"featured_media":7621,"comment_status":"closed","ping_status":"closed","template":"","meta":{"rank_math_lock_modified_date":false,"site-sidebar-layout":"default","site-content-layout":"","ast-site-content-layout":"default","site-content-style":"default","site-sidebar-style":"default","ast-global-header-display":"","ast-banner-title-visibility":"","ast-main-header-display":"","ast-hfb-above-header-display":"","ast-hfb-below-header-display":"","ast-hfb-mobile-header-display":"","site-post-title":"","ast-breadcrumbs-content":"","ast-featured-img":"","footer-sml-layout":"","ast-disable-related-posts":"","theme-transparent-header-meta":"default","adv-header-id-meta":"","stick-header-meta":"","header-above-stick-meta":"","header-main-stick-meta":"","header-below-stick-meta":"","astra-migrate-meta-layouts":"set","ast-page-background-enabled":"default","ast-page-background-meta":{"desktop":{"background-color":"","background-image":"","background-repeat":"repeat","background-position":"center center","background-size":"auto","background-attachment":"scroll","background-type":"","background-media":"","overlay-type":"","overlay-color":"","overlay-opacity":"","overlay-gradient":""},"tablet":{"background-color":"","background-image":"","background-repeat":"repeat","background-position":"center center","background-size":"auto","background-attachment":"scroll","background-type":"","background-media":"","overlay-type":"","overlay-color":"","overlay-opacity":"","overlay-gradient":""},"mobile":{"background-color":"","background-image":"","background-repeat":"repeat","background-position":"center center","background-size":"auto","background-attachment":"scroll","background-type":"","background-media":"","overlay-type":"","overlay-color":"","overlay-opacity":"","overlay-gradient":""}},"ast-content-background-meta":{"desktop":{"background-color":"var(--ast-global-color-5)","background-image":"","background-repeat":"repeat","background-position":"center center","background-size":"auto","background-attachment":"scroll","background-type":"","background-media":"","overlay-type":"","overlay-color":"","overlay-opacity":"","overlay-gradient":""},"tablet":{"background-color":"var(--ast-global-color-5)","background-image":"","background-repeat":"repeat","background-position":"center center","background-size":"auto","background-attachment":"scroll","background-type":"","background-media":"","overlay-type":"","overlay-color":"","overlay-opacity":"","overlay-gradient":""},"mobile":{"background-color":"var(--ast-global-color-5)","background-image":"","background-repeat":"repeat","background-position":"center center","background-size":"auto","background-attachment":"scroll","background-type":"","background-media":"","overlay-type":"","overlay-color":"","overlay-opacity":"","overlay-gradient":""}}},"product_cat":[43],"product_tag":[],"class_list":{"0":"post-6489","1":"product","2":"type-product","3":"status-publish","4":"has-post-thumbnail","6":"product_cat-wall-charger","7":"desktop-align-center","8":"tablet-align-center","9":"mobile-align-center","11":"first","12":"instock","13":"shipping-taxable","14":"product-type-simple"},"_links":{"self":[{"href":"https:\/\/imiapower.com\/de\/wp-json\/wp\/v2\/product\/6489","targetHints":{"allow":["GET"]}}],"collection":[{"href":"https:\/\/imiapower.com\/de\/wp-json\/wp\/v2\/product"}],"about":[{"href":"https:\/\/imiapower.com\/de\/wp-json\/wp\/v2\/types\/product"}],"replies":[{"embeddable":true,"href":"https:\/\/imiapower.com\/de\/wp-json\/wp\/v2\/comments?post=6489"}],"version-history":[{"count":8,"href":"https:\/\/imiapower.com\/de\/wp-json\/wp\/v2\/product\/6489\/revisions"}],"predecessor-version":[{"id":8590,"href":"https:\/\/imiapower.com\/de\/wp-json\/wp\/v2\/product\/6489\/revisions\/8590"}],"wp:featuredmedia":[{"embeddable":true,"href":"https:\/\/imiapower.com\/de\/wp-json\/wp\/v2\/media\/7621"}],"wp:attachment":[{"href":"https:\/\/imiapower.com\/de\/wp-json\/wp\/v2\/media?parent=6489"}],"wp:term":[{"taxonomy":"product_cat","embeddable":true,"href":"https:\/\/imiapower.com\/de\/wp-json\/wp\/v2\/product_cat?post=6489"},{"taxonomy":"product_tag","embeddable":true,"href":"https:\/\/imiapower.com\/de\/wp-json\/wp\/v2\/product_tag?post=6489"}],"curies":[{"name":"wp","href":"https:\/\/api.w.org\/{rel}","templated":true}]}}