{"id":6495,"date":"2024-01-26T03:06:36","date_gmt":"2024-01-26T03:06:36","guid":{"rendered":"https:\/\/imia.com.cn\/?post_type=product&#038;p=6495"},"modified":"2025-09-30T02:56:01","modified_gmt":"2025-09-30T02:56:01","slug":"best-travel-power-adapter","status":"publish","type":"product","link":"https:\/\/imiapower.com\/de\/products\/travel-adapter\/best-travel-power-adapter\/","title":{"rendered":"Bestes Reise-Netzteil, Schnellladeger\u00e4t 33 W"},"content":{"rendered":"<ul>\n<li><strong>Bester Reise-Netzadapter<\/strong><\/li>\n<li><strong>Eingabe:<\/strong>100\u2013250 V\/0,8 A, max. 50\/60 Hz<\/li>\n<li><strong>Ausgabe<\/strong> Typ C1: 5 V 3 A, 9 V 3 A, 12 V 2,5 A, 15 V 2 A, 20 V 1,5 A, MAX. 30 W<\/li>\n<li><strong>PPS:<\/strong> 3,3\u201311 V, 3 A, 3,3\u201316 V, 2 A, max. 33 W.<\/li>\n<li><strong>Typ C2\/C3:<\/strong> 5V3A MAX 15W<\/li>\n<li><strong>USB1\/USB2:<\/strong> 5V2,4A MAX 12W<\/li>\n<li><strong>Typ C1 + Typ C2\/C3:<\/strong> PD18W+12W<\/li>\n<li><strong>Typ C1 + USB:<\/strong> PD18W+12W<\/li>\n<li><strong>Gesamtleistung:<\/strong>MAX 33W Gr\u00f6\u00dfe: 50x70x65mm<\/li>\n<li><strong>Material:<\/strong> Gebranntes PC + Cooper-Metall<\/li>\n<li><strong>Notiz:<\/strong> EU\/AU\/UK\/US All-in-One kann in mehr als 170 L\u00e4ndern verwendet werden<\/li>\n<li><strong>Zertifikat:<\/strong> CE, Rohs, FCC, UKCA, Reach, ERP<\/li>\n<\/ul>","protected":false},"excerpt":{"rendered":"<p><img fetchpriority=\"high\" decoding=\"async\" class=\"alignnone wp-image-8697 size-full\" src=\"https:\/\/imiapower.com\/wp-content\/uploads\/Universal-Travel-Adapter-2-1.jpg\" alt=\"Bester Reise-Netzadapter\" width=\"800\" height=\"800\" srcset=\"https:\/\/imiapower.com\/wp-content\/uploads\/Universal-Travel-Adapter-2-1.jpg 800w, https:\/\/imiapower.com\/wp-content\/uploads\/Universal-Travel-Adapter-2-1-300x300.jpg 300w, https:\/\/imiapower.com\/wp-content\/uploads\/Universal-Travel-Adapter-2-1-100x100.jpg 100w, https:\/\/imiapower.com\/wp-content\/uploads\/Universal-Travel-Adapter-2-1-600x600.jpg 600w, https:\/\/imiapower.com\/wp-content\/uploads\/Universal-Travel-Adapter-2-1-64x64.jpg 64w, https:\/\/imiapower.com\/wp-content\/uploads\/Universal-Travel-Adapter-2-1-150x150.jpg 150w, https:\/\/imiapower.com\/wp-content\/uploads\/Universal-Travel-Adapter-2-1-768x768.jpg 768w, https:\/\/imiapower.com\/wp-content\/uploads\/Universal-Travel-Adapter-2-1-12x12.jpg 12w\" sizes=\"(max-width: 800px) 100vw, 800px\" \/><\/p>\n<p>Universeller Reiseadapter. Er ist f\u00fcr die meisten Menschen der beste Reisebegleiter, da er Sie auf alle Lade- und Stromversorgungsanforderungen vorbereitet. Universelle Reiseadapter erm\u00f6glichen den Anschluss von Ger\u00e4ten mit Doppelspannung eines Landes, wie z. B. Transformatoren oder Konverter, an eine Steckdose.<\/p>\n<p>Diese Reiseadapterbuchse kann mit einem \u201ekleinen s\u00fcdafrikanischen\u201c Stecker kompatibel sein, den andere Hersteller nicht haben.<\/p>\n<p>Dieser Reiseadapter ist ein geerdetes Modell, UK-Stecker verwenden wir Kupfermaterial, w\u00e4hrend andere Kunststoff verwenden<\/p>\n<p>Dieser Reiseadapter verwendet eine hohe Spannung und die Buchse bietet Platz f\u00fcr den Stecker eines Haartrockners, Lockenstabs und einiger anderer kleiner Haushaltsger\u00e4te.<\/p>\n<p>F\u00fcr diesen Reiseadapter haben wir verschiedene Zertifizierungen erhalten, die den Standards verschiedener L\u00e4nder entsprechen.<\/p>\n<p>Dieser Reiseadapter akzeptiert individuelles Logo-Design und die Logo-Design-Position verf\u00fcgt \u00fcber eine digitale Anzeige-LED, die das Logo fantastisch aussehen l\u00e4sst<\/p>\n<p>&nbsp;<\/p>\n<p>&nbsp;<\/p>","protected":false},"featured_media":7455,"comment_status":"closed","ping_status":"closed","template":"","meta":{"rank_math_lock_modified_date":false,"site-sidebar-layout":"default","site-content-layout":"","ast-site-content-layout":"default","site-content-style":"default","site-sidebar-style":"default","ast-global-header-display":"","ast-banner-title-visibility":"","ast-main-header-display":"","ast-hfb-above-header-display":"","ast-hfb-below-header-display":"","ast-hfb-mobile-header-display":"","site-post-title":"","ast-breadcrumbs-content":"","ast-featured-img":"","footer-sml-layout":"","ast-disable-related-posts":"","theme-transparent-header-meta":"default","adv-header-id-meta":"","stick-header-meta":"","header-above-stick-meta":"","header-main-stick-meta":"","header-below-stick-meta":"","astra-migrate-meta-layouts":"set","ast-page-background-enabled":"default","ast-page-background-meta":{"desktop":{"background-color":"","background-image":"","background-repeat":"repeat","background-position":"center center","background-size":"auto","background-attachment":"scroll","background-type":"","background-media":"","overlay-type":"","overlay-color":"","overlay-opacity":"","overlay-gradient":""},"tablet":{"background-color":"","background-image":"","background-repeat":"repeat","background-position":"center center","background-size":"auto","background-attachment":"scroll","background-type":"","background-media":"","overlay-type":"","overlay-color":"","overlay-opacity":"","overlay-gradient":""},"mobile":{"background-color":"","background-image":"","background-repeat":"repeat","background-position":"center center","background-size":"auto","background-attachment":"scroll","background-type":"","background-media":"","overlay-type":"","overlay-color":"","overlay-opacity":"","overlay-gradient":""}},"ast-content-background-meta":{"desktop":{"background-color":"var(--ast-global-color-5)","background-image":"","background-repeat":"repeat","background-position":"center center","background-size":"auto","background-attachment":"scroll","background-type":"","background-media":"","overlay-type":"","overlay-color":"","overlay-opacity":"","overlay-gradient":""},"tablet":{"background-color":"var(--ast-global-color-5)","background-image":"","background-repeat":"repeat","background-position":"center center","background-size":"auto","background-attachment":"scroll","background-type":"","background-media":"","overlay-type":"","overlay-color":"","overlay-opacity":"","overlay-gradient":""},"mobile":{"background-color":"var(--ast-global-color-5)","background-image":"","background-repeat":"repeat","background-position":"center center","background-size":"auto","background-attachment":"scroll","background-type":"","background-media":"","overlay-type":"","overlay-color":"","overlay-opacity":"","overlay-gradient":""}}},"product_cat":[64],"product_tag":[],"class_list":{"0":"post-6495","1":"product","2":"type-product","3":"status-publish","4":"has-post-thumbnail","6":"product_cat-travel-adapter","7":"desktop-align-center","8":"tablet-align-center","9":"mobile-align-center","11":"first","12":"instock","13":"shipping-taxable","14":"product-type-simple"},"_links":{"self":[{"href":"https:\/\/imiapower.com\/de\/wp-json\/wp\/v2\/product\/6495","targetHints":{"allow":["GET"]}}],"collection":[{"href":"https:\/\/imiapower.com\/de\/wp-json\/wp\/v2\/product"}],"about":[{"href":"https:\/\/imiapower.com\/de\/wp-json\/wp\/v2\/types\/product"}],"replies":[{"embeddable":true,"href":"https:\/\/imiapower.com\/de\/wp-json\/wp\/v2\/comments?post=6495"}],"version-history":[{"count":4,"href":"https:\/\/imiapower.com\/de\/wp-json\/wp\/v2\/product\/6495\/revisions"}],"predecessor-version":[{"id":9201,"href":"https:\/\/imiapower.com\/de\/wp-json\/wp\/v2\/product\/6495\/revisions\/9201"}],"wp:featuredmedia":[{"embeddable":true,"href":"https:\/\/imiapower.com\/de\/wp-json\/wp\/v2\/media\/7455"}],"wp:attachment":[{"href":"https:\/\/imiapower.com\/de\/wp-json\/wp\/v2\/media?parent=6495"}],"wp:term":[{"taxonomy":"product_cat","embeddable":true,"href":"https:\/\/imiapower.com\/de\/wp-json\/wp\/v2\/product_cat?post=6495"},{"taxonomy":"product_tag","embeddable":true,"href":"https:\/\/imiapower.com\/de\/wp-json\/wp\/v2\/product_tag?post=6495"}],"curies":[{"name":"wp","href":"https:\/\/api.w.org\/{rel}","templated":true}]}}