{"id":6499,"date":"2024-01-26T04:14:59","date_gmt":"2024-01-26T04:14:59","guid":{"rendered":"https:\/\/imia.com.cn\/?post_type=product&#038;p=6499"},"modified":"2024-11-30T03:07:57","modified_gmt":"2024-11-30T03:07:57","slug":"universal-travel-adapter","status":"publish","type":"product","link":"https:\/\/imiapower.com\/de\/products\/travel-adapter\/universal-travel-adapter\/","title":{"rendered":"Bezaubernder universeller Reiseadapter USB C PD 65w I-T655"},"content":{"rendered":"<ul>\n<li><strong>Universeller Reiseadapter<\/strong><\/li>\n<li><strong>Typ C1:<\/strong> 5 V\/3 A 9 V\/3 A 12 V\/3 A 15 V\/3 A 20 V\/3,25 A Max. 65 W PPS 5 V \u2013 11 V\/4,05 A<\/li>\n<li><strong>USB-A:<\/strong> 5 V\/3 A, 9 V\/2 A, 12 V\/1,5 A, max. 18 W.<\/li>\n<li><strong>Typ C2\/C3\/C4:<\/strong> 5V 3A 15W<\/li>\n<li><strong>Typ C1+USBA:<\/strong>PD45W+18W (5V3A\/9V3A\/12V3A\/15V2,5A\/20V2,25A 45W+5V\/3A 9V\/2A 12V\/1,5A max. 18W)<\/li>\n<li><strong>Typ C1+C2\/C3\/C4:<\/strong> PD45W+15W (5V3A\/9V3A\/12V3A\/15V2,5A\/20V2,25A 45W + 5V3A 15W)<\/li>\n<li><strong>Typ C2+C3\/C3+C4\/C2+C4:<\/strong> geteilt 5V3A 15W<\/li>\n<li><strong>Typ C1+C2+C3\/C1+C2+USBA\/C1+C3+USBA:<\/strong> PD45W+15W (5V3A\/9V3A\/12V3A\/15V2,5A\/20V2,25A 45W + 5V3A 15W)<\/li>\n<li><strong>C1+C2+C3+C4\/C1+C2+C3+USBA:<\/strong> PD45W+15W (5V3A\/9V3A\/12V3A\/15V2,5A\/20V2,25A 45W + 5V3A 15W)<\/li>\n<li><strong>Typ C2 + C3 + C4 + USBA:<\/strong>\u00a0geteilt 5V3A 15W<\/li>\n<li><strong>Typ C1+C2+C3+C4+A1:<\/strong> PD45W+15W (5V3A\/9V3A\/12V3A\/15V2,5A\/20V2,25A 45W + 5V3A 15W)<\/li>\n<li><strong>Gr\u00f6\u00dfe:<\/strong> 50x70x65 mm<\/li>\n<li><strong>Material:<\/strong> Gebranntes PC + Cooper-Metall<\/li>\n<li><strong>Notiz:<\/strong> EU\/AU\/UK\/US All-in-One kann in mehr als 170 L\u00e4ndern verwendet werden<\/li>\n<li><strong>Zertifizierung:<\/strong> UKCA, CE, FCC<\/li>\n<\/ul>","protected":false},"excerpt":{"rendered":"<p><img fetchpriority=\"high\" decoding=\"async\" class=\"alignnone size-medium wp-image-8727\" src=\"https:\/\/imiapower.com\/wp-content\/uploads\/Travel-Adapter-6-1-216x300.jpg\" alt=\"Universeller Reiseadapter\" width=\"216\" height=\"300\" srcset=\"https:\/\/imiapower.com\/wp-content\/uploads\/Travel-Adapter-6-1-216x300.jpg 216w, https:\/\/imiapower.com\/wp-content\/uploads\/Travel-Adapter-6-1-600x833.jpg 600w, https:\/\/imiapower.com\/wp-content\/uploads\/Travel-Adapter-6-1-64x89.jpg 64w, https:\/\/imiapower.com\/wp-content\/uploads\/Travel-Adapter-6-1-737x1024.jpg 737w, https:\/\/imiapower.com\/wp-content\/uploads\/Travel-Adapter-6-1-768x1067.jpg 768w, https:\/\/imiapower.com\/wp-content\/uploads\/Travel-Adapter-6-1-9x12.jpg 9w, https:\/\/imiapower.com\/wp-content\/uploads\/Travel-Adapter-6-1.jpg 800w\" sizes=\"(max-width: 216px) 100vw, 216px\" \/> <img decoding=\"async\" class=\"alignnone size-medium wp-image-8728\" src=\"https:\/\/imiapower.com\/wp-content\/uploads\/Travel-Adapter-13-238x300.jpg\" alt=\"Universeller Reiseadapter\" width=\"238\" height=\"300\" srcset=\"https:\/\/imiapower.com\/wp-content\/uploads\/Travel-Adapter-13-238x300.jpg 238w, https:\/\/imiapower.com\/wp-content\/uploads\/Travel-Adapter-13-600x755.jpg 600w, https:\/\/imiapower.com\/wp-content\/uploads\/Travel-Adapter-13-64x81.jpg 64w, https:\/\/imiapower.com\/wp-content\/uploads\/Travel-Adapter-13-768x966.jpg 768w, https:\/\/imiapower.com\/wp-content\/uploads\/Travel-Adapter-13-10x12.jpg 10w, https:\/\/imiapower.com\/wp-content\/uploads\/Travel-Adapter-13.jpg 778w\" sizes=\"(max-width: 238px) 100vw, 238px\" \/> <img decoding=\"async\" class=\"alignnone size-medium wp-image-8729\" src=\"https:\/\/imiapower.com\/wp-content\/uploads\/Travel-Adapter-14-216x300.jpg\" alt=\"Universeller Reiseadapter\" width=\"216\" height=\"300\" srcset=\"https:\/\/imiapower.com\/wp-content\/uploads\/Travel-Adapter-14-216x300.jpg 216w, https:\/\/imiapower.com\/wp-content\/uploads\/Travel-Adapter-14-600x833.jpg 600w, https:\/\/imiapower.com\/wp-content\/uploads\/Travel-Adapter-14-64x89.jpg 64w, https:\/\/imiapower.com\/wp-content\/uploads\/Travel-Adapter-14-737x1024.jpg 737w, https:\/\/imiapower.com\/wp-content\/uploads\/Travel-Adapter-14-768x1067.jpg 768w, https:\/\/imiapower.com\/wp-content\/uploads\/Travel-Adapter-14-9x12.jpg 9w, https:\/\/imiapower.com\/wp-content\/uploads\/Travel-Adapter-14.jpg 800w\" sizes=\"(max-width: 216px) 100vw, 216px\" \/><\/p>\n<p>&nbsp;<\/p>\n<p>Dies ist ein notwendiges Produkt f\u00fcr Reisen in verschiedene L\u00e4nder, da in verschiedenen L\u00e4ndern die Ladestecker unterschiedlich sind. Dieser Adapter mit EU-, US-, AUS- und UK-Steckern kann die Steckeranforderungen der meisten L\u00e4nder erf\u00fcllen.<\/p>\n<p>Dieser Reiseadapter mit 4 Typ-C-Ladeanschl\u00fcssen, da Typ-C-Kabel eine wichtige Rolle auf dem Elektronikmarkt spielen, geht unser Design mit dem Markttrend und erf\u00fcllt das Aufladen elektronischer Ger\u00e4te gleichzeitig<\/p>\n<p>Dieser universelle Reiseadapter zieht nach der Markteinf\u00fchrung viele Markenkunden an<\/p>\n<p>Dieser universelle Reiseadapter ist f\u00fcr kleine s\u00fcdafrikanische Stecker geeignet, bei anderen Anbietern ist dieses Problem nicht aufgetreten.<\/p>\n<p>F\u00fcr diesen universellen Reiseadapter haben wir g\u00e4ngige Zertifizierungen wie CE, UKCA, FCC, LVD, ERP, REACH, ROHS beantragt.<\/p>\n<p>Wir bieten auch individuelle Logo-Designs an. Wenn der Benutzer das Telefon mit diesem Adapter aufl\u00e4dt, wird das Logo oben auf dem Adapter angezeigt.<\/p>\n<p>Wir stellen unseren wertvollen Kunden kostenlose Muster zum Testen zur Verf\u00fcgung<\/p>\n<p>Am wichtigsten ist, dass unser Preis niedriger ist als der der Konkurrenz<\/p>\n<p>Nehmen Sie unseren universellen Reiseadapter mit, um Ihren Urlaub in allen L\u00e4ndern zu genie\u00dfen<\/p>\n<p>USBA D+, D- intelligent.\/USB D+, D-Intelligent Recognition, unterst\u00fctzt QC3.0, QC2.0, SCP, FCP, AFC, APPLE2.4A, BC1.2. TYPE-C1 unterst\u00fctzt PD3.0, QC3.0, QC2.0, SCP, FCP, AFC, APPLE2.4A, BC1.2<\/p>\n<p>Produktionsvorlaufzeit: 25-30 Tage<\/p>\n<div id=\"gtx-trans\" style=\"position: absolute; left: -152px; top: -3px;\">\n<div class=\"gtx-trans-icon\"><\/div>\n<\/div>","protected":false},"featured_media":7636,"comment_status":"closed","ping_status":"closed","template":"","meta":{"rank_math_lock_modified_date":false,"site-sidebar-layout":"default","site-content-layout":"","ast-site-content-layout":"default","site-content-style":"default","site-sidebar-style":"default","ast-global-header-display":"","ast-banner-title-visibility":"","ast-main-header-display":"","ast-hfb-above-header-display":"","ast-hfb-below-header-display":"","ast-hfb-mobile-header-display":"","site-post-title":"","ast-breadcrumbs-content":"","ast-featured-img":"","footer-sml-layout":"","ast-disable-related-posts":"","theme-transparent-header-meta":"default","adv-header-id-meta":"","stick-header-meta":"","header-above-stick-meta":"","header-main-stick-meta":"","header-below-stick-meta":"","astra-migrate-meta-layouts":"set","ast-page-background-enabled":"default","ast-page-background-meta":{"desktop":{"background-color":"","background-image":"","background-repeat":"repeat","background-position":"center center","background-size":"auto","background-attachment":"scroll","background-type":"","background-media":"","overlay-type":"","overlay-color":"","overlay-opacity":"","overlay-gradient":""},"tablet":{"background-color":"","background-image":"","background-repeat":"repeat","background-position":"center center","background-size":"auto","background-attachment":"scroll","background-type":"","background-media":"","overlay-type":"","overlay-color":"","overlay-opacity":"","overlay-gradient":""},"mobile":{"background-color":"","background-image":"","background-repeat":"repeat","background-position":"center center","background-size":"auto","background-attachment":"scroll","background-type":"","background-media":"","overlay-type":"","overlay-color":"","overlay-opacity":"","overlay-gradient":""}},"ast-content-background-meta":{"desktop":{"background-color":"var(--ast-global-color-5)","background-image":"","background-repeat":"repeat","background-position":"center center","background-size":"auto","background-attachment":"scroll","background-type":"","background-media":"","overlay-type":"","overlay-color":"","overlay-opacity":"","overlay-gradient":""},"tablet":{"background-color":"var(--ast-global-color-5)","background-image":"","background-repeat":"repeat","background-position":"center center","background-size":"auto","background-attachment":"scroll","background-type":"","background-media":"","overlay-type":"","overlay-color":"","overlay-opacity":"","overlay-gradient":""},"mobile":{"background-color":"var(--ast-global-color-5)","background-image":"","background-repeat":"repeat","background-position":"center center","background-size":"auto","background-attachment":"scroll","background-type":"","background-media":"","overlay-type":"","overlay-color":"","overlay-opacity":"","overlay-gradient":""}}},"product_cat":[64],"product_tag":[],"class_list":{"0":"post-6499","1":"product","2":"type-product","3":"status-publish","4":"has-post-thumbnail","6":"product_cat-travel-adapter","7":"desktop-align-center","8":"tablet-align-center","9":"mobile-align-center","11":"first","12":"instock","13":"featured","14":"shipping-taxable","15":"product-type-simple"},"_links":{"self":[{"href":"https:\/\/imiapower.com\/de\/wp-json\/wp\/v2\/product\/6499","targetHints":{"allow":["GET"]}}],"collection":[{"href":"https:\/\/imiapower.com\/de\/wp-json\/wp\/v2\/product"}],"about":[{"href":"https:\/\/imiapower.com\/de\/wp-json\/wp\/v2\/types\/product"}],"replies":[{"embeddable":true,"href":"https:\/\/imiapower.com\/de\/wp-json\/wp\/v2\/comments?post=6499"}],"version-history":[{"count":5,"href":"https:\/\/imiapower.com\/de\/wp-json\/wp\/v2\/product\/6499\/revisions"}],"predecessor-version":[{"id":8108,"href":"https:\/\/imiapower.com\/de\/wp-json\/wp\/v2\/product\/6499\/revisions\/8108"}],"wp:featuredmedia":[{"embeddable":true,"href":"https:\/\/imiapower.com\/de\/wp-json\/wp\/v2\/media\/7636"}],"wp:attachment":[{"href":"https:\/\/imiapower.com\/de\/wp-json\/wp\/v2\/media?parent=6499"}],"wp:term":[{"taxonomy":"product_cat","embeddable":true,"href":"https:\/\/imiapower.com\/de\/wp-json\/wp\/v2\/product_cat?post=6499"},{"taxonomy":"product_tag","embeddable":true,"href":"https:\/\/imiapower.com\/de\/wp-json\/wp\/v2\/product_tag?post=6499"}],"curies":[{"name":"wp","href":"https:\/\/api.w.org\/{rel}","templated":true}]}}