{"id":7092,"date":"2024-03-13T01:49:02","date_gmt":"2024-03-13T01:49:02","guid":{"rendered":"https:\/\/imia.com.cn\/?post_type=product&#038;p=7092"},"modified":"2024-05-25T07:14:21","modified_gmt":"2024-05-25T07:14:21","slug":"travel-plug-adapter","status":"publish","type":"product","link":"https:\/\/imiapower.com\/de\/products\/travel-adapter\/travel-plug-adapter\/","title":{"rendered":"Bester Reisesteckeradapter"},"content":{"rendered":"<ul>\n<li><strong>Reisestecker-Adapter<\/strong><\/li>\n<li><strong>AC-Eingang:<\/strong> 6 A max. 100 \u2013 240 V Wechselstrom<\/li>\n<li><strong>USB-Ausgang:<\/strong>5V 2100mA<\/li>\n<li><strong>Stecker:<\/strong> EU\/AU\/UK\/USA<\/li>\n<li><strong>Farbe: <\/strong>Schwarz-Weiss<\/li>\n<li><strong>Gr\u00f6\u00dfe:<\/strong> 60*45*55mm<\/li>\n<li><strong>Material :<\/strong> ABS + Kupfermetall + Gummi\u00f6l<\/li>\n<li><strong>L\u00e4nder:<\/strong> EU\/AU\/UK\/US All-in-One kann in \u00fcber 170 L\u00e4ndern verwendet werden<\/li>\n<li><strong>Zertifikat:<\/strong> CE, Rohs<\/li>\n<\/ul>","protected":false},"excerpt":{"rendered":"<p>Reisesteckeradapter AC-Eingang: 6 A max. 100\u2013240 V AC USB-Ausgang: 5 V 2100 mA Stecker: EU\/AU\/UK\/USA Farbe: Schwarz\/Wei\u00df Gr\u00f6\u00dfe: 60 x 45 x 55 mm Material: ABS + Kupfermetall + Gummi\u00f6l L\u00e4nder: EU\/AU\/UK\/US, alles in einem, kann in mehr als 170 L\u00e4ndern verwendet werden Zertifikat: CE, Rohs<\/p>","protected":false},"featured_media":7367,"comment_status":"open","ping_status":"closed","template":"","meta":{"rank_math_lock_modified_date":false,"site-sidebar-layout":"default","site-content-layout":"","ast-site-content-layout":"default","site-content-style":"default","site-sidebar-style":"default","ast-global-header-display":"","ast-banner-title-visibility":"","ast-main-header-display":"","ast-hfb-above-header-display":"","ast-hfb-below-header-display":"","ast-hfb-mobile-header-display":"","site-post-title":"","ast-breadcrumbs-content":"","ast-featured-img":"","footer-sml-layout":"","ast-disable-related-posts":"","theme-transparent-header-meta":"default","adv-header-id-meta":"","stick-header-meta":"","header-above-stick-meta":"","header-main-stick-meta":"","header-below-stick-meta":"","astra-migrate-meta-layouts":"set","ast-page-background-enabled":"default","ast-page-background-meta":{"desktop":{"background-color":"","background-image":"","background-repeat":"repeat","background-position":"center center","background-size":"auto","background-attachment":"scroll","background-type":"","background-media":"","overlay-type":"","overlay-color":"","overlay-opacity":"","overlay-gradient":""},"tablet":{"background-color":"","background-image":"","background-repeat":"repeat","background-position":"center center","background-size":"auto","background-attachment":"scroll","background-type":"","background-media":"","overlay-type":"","overlay-color":"","overlay-opacity":"","overlay-gradient":""},"mobile":{"background-color":"","background-image":"","background-repeat":"repeat","background-position":"center center","background-size":"auto","background-attachment":"scroll","background-type":"","background-media":"","overlay-type":"","overlay-color":"","overlay-opacity":"","overlay-gradient":""}},"ast-content-background-meta":{"desktop":{"background-color":"var(--ast-global-color-5)","background-image":"","background-repeat":"repeat","background-position":"center center","background-size":"auto","background-attachment":"scroll","background-type":"","background-media":"","overlay-type":"","overlay-color":"","overlay-opacity":"","overlay-gradient":""},"tablet":{"background-color":"var(--ast-global-color-5)","background-image":"","background-repeat":"repeat","background-position":"center center","background-size":"auto","background-attachment":"scroll","background-type":"","background-media":"","overlay-type":"","overlay-color":"","overlay-opacity":"","overlay-gradient":""},"mobile":{"background-color":"var(--ast-global-color-5)","background-image":"","background-repeat":"repeat","background-position":"center center","background-size":"auto","background-attachment":"scroll","background-type":"","background-media":"","overlay-type":"","overlay-color":"","overlay-opacity":"","overlay-gradient":""}}},"product_cat":[64],"product_tag":[],"class_list":{"0":"post-7092","1":"product","2":"type-product","3":"status-publish","4":"has-post-thumbnail","6":"product_cat-travel-adapter","7":"desktop-align-center","8":"tablet-align-center","9":"mobile-align-center","11":"first","12":"instock","13":"shipping-taxable","14":"product-type-simple"},"_links":{"self":[{"href":"https:\/\/imiapower.com\/de\/wp-json\/wp\/v2\/product\/7092","targetHints":{"allow":["GET"]}}],"collection":[{"href":"https:\/\/imiapower.com\/de\/wp-json\/wp\/v2\/product"}],"about":[{"href":"https:\/\/imiapower.com\/de\/wp-json\/wp\/v2\/types\/product"}],"replies":[{"embeddable":true,"href":"https:\/\/imiapower.com\/de\/wp-json\/wp\/v2\/comments?post=7092"}],"version-history":[{"count":1,"href":"https:\/\/imiapower.com\/de\/wp-json\/wp\/v2\/product\/7092\/revisions"}],"predecessor-version":[{"id":7767,"href":"https:\/\/imiapower.com\/de\/wp-json\/wp\/v2\/product\/7092\/revisions\/7767"}],"wp:featuredmedia":[{"embeddable":true,"href":"https:\/\/imiapower.com\/de\/wp-json\/wp\/v2\/media\/7367"}],"wp:attachment":[{"href":"https:\/\/imiapower.com\/de\/wp-json\/wp\/v2\/media?parent=7092"}],"wp:term":[{"taxonomy":"product_cat","embeddable":true,"href":"https:\/\/imiapower.com\/de\/wp-json\/wp\/v2\/product_cat?post=7092"},{"taxonomy":"product_tag","embeddable":true,"href":"https:\/\/imiapower.com\/de\/wp-json\/wp\/v2\/product_tag?post=7092"}],"curies":[{"name":"wp","href":"https:\/\/api.w.org\/{rel}","templated":true}]}}