{"id":7242,"date":"2024-03-23T03:14:21","date_gmt":"2024-03-23T03:14:21","guid":{"rendered":"https:\/\/imia.com.cn\/?post_type=product&#038;p=7242"},"modified":"2026-01-05T08:19:03","modified_gmt":"2026-01-05T08:19:03","slug":"100w-usb-c-charger","status":"publish","type":"product","link":"https:\/\/imiapower.com\/de\/products\/wall-charger\/100w-usb-c-charger\/","title":{"rendered":"Absolut 100 W USB-C-Ladeger\u00e4t f\u00fcr Laptop mit 1,5 m Kabel"},"content":{"rendered":"<ul>\n<li><strong>100-W-USB-C-Ladeger\u00e4t<\/strong><\/li>\n<li><strong>Eingabe:<\/strong> 100-240 V Wechselstrom, 50\/60 Hz<\/li>\n<li><strong>Ausgabe<\/strong> 5,1 V 5 A 9 V 3 A 12 V 3 A 15 V 3 A 20 V 5 A<\/li>\n<li><strong>Abmessungen: <\/strong>65*65*29 MM<\/li>\n<li><strong>Design:<\/strong> Ein-\/Ausklappen des USA-Steckers<\/li>\n<li><strong>Farbe:<\/strong> Schwarz<\/li>\n<li><strong>Zertifikat:<\/strong> UL FCC CE CB UKCA<\/li>\n<li><strong>Kabel:<\/strong> 1,5 m Typ-C-Kabel<\/li>\n<li><strong>Anlaufzeit:<\/strong> 30 Tage<\/li>\n<li><strong>Garantie:<\/strong> 2 Jahre<\/li>\n<\/ul>","protected":false},"excerpt":{"rendered":"<p>Das 100-W-USB-C-Ladeger\u00e4t liefert bis zu 100 Watt Leistung zum Laden Ihres Laptops. Diese Wattzahl reicht f\u00fcr viele moderne Laptops aus, darunter auch Gaming-Laptops und solche mit stromhungrigen Prozessoren und Grafikkarten.<\/p>\n<p>Dieses Laptop-Ladeger\u00e4t verf\u00fcgt \u00fcber eine weltweite Zertifizierung<\/p>\n<p>Der US-Stecker kann faltbar oder aufklappbar ausgef\u00fchrt werden<\/p>\n<p>Dieses Laptop-Ladeger\u00e4t bietet austauschbare US-, EU-, UK- und AUS-Stecker und kann auf Gesch\u00e4ftsreisen in verschiedene L\u00e4nder mitgenommen werden, ohne sich um Probleme mit den Wechselstromsteckdosen verschiedener L\u00e4nder sorgen zu m\u00fcssen.<\/p>","protected":false},"featured_media":7319,"comment_status":"open","ping_status":"closed","template":"","meta":{"rank_math_lock_modified_date":false,"site-sidebar-layout":"default","site-content-layout":"","ast-site-content-layout":"default","site-content-style":"default","site-sidebar-style":"default","ast-global-header-display":"","ast-banner-title-visibility":"","ast-main-header-display":"","ast-hfb-above-header-display":"","ast-hfb-below-header-display":"","ast-hfb-mobile-header-display":"","site-post-title":"","ast-breadcrumbs-content":"","ast-featured-img":"","footer-sml-layout":"","ast-disable-related-posts":"","theme-transparent-header-meta":"default","adv-header-id-meta":"","stick-header-meta":"","header-above-stick-meta":"","header-main-stick-meta":"","header-below-stick-meta":"","astra-migrate-meta-layouts":"set","ast-page-background-enabled":"default","ast-page-background-meta":{"desktop":{"background-color":"","background-image":"","background-repeat":"repeat","background-position":"center center","background-size":"auto","background-attachment":"scroll","background-type":"","background-media":"","overlay-type":"","overlay-color":"","overlay-opacity":"","overlay-gradient":""},"tablet":{"background-color":"","background-image":"","background-repeat":"repeat","background-position":"center center","background-size":"auto","background-attachment":"scroll","background-type":"","background-media":"","overlay-type":"","overlay-color":"","overlay-opacity":"","overlay-gradient":""},"mobile":{"background-color":"","background-image":"","background-repeat":"repeat","background-position":"center center","background-size":"auto","background-attachment":"scroll","background-type":"","background-media":"","overlay-type":"","overlay-color":"","overlay-opacity":"","overlay-gradient":""}},"ast-content-background-meta":{"desktop":{"background-color":"var(--ast-global-color-5)","background-image":"","background-repeat":"repeat","background-position":"center center","background-size":"auto","background-attachment":"scroll","background-type":"","background-media":"","overlay-type":"","overlay-color":"","overlay-opacity":"","overlay-gradient":""},"tablet":{"background-color":"var(--ast-global-color-5)","background-image":"","background-repeat":"repeat","background-position":"center center","background-size":"auto","background-attachment":"scroll","background-type":"","background-media":"","overlay-type":"","overlay-color":"","overlay-opacity":"","overlay-gradient":""},"mobile":{"background-color":"var(--ast-global-color-5)","background-image":"","background-repeat":"repeat","background-position":"center center","background-size":"auto","background-attachment":"scroll","background-type":"","background-media":"","overlay-type":"","overlay-color":"","overlay-opacity":"","overlay-gradient":""}}},"product_cat":[43],"product_tag":[],"class_list":{"0":"post-7242","1":"product","2":"type-product","3":"status-publish","4":"has-post-thumbnail","6":"product_cat-wall-charger","7":"desktop-align-center","8":"tablet-align-center","9":"mobile-align-center","11":"first","12":"instock","13":"shipping-taxable","14":"product-type-simple"},"_links":{"self":[{"href":"https:\/\/imiapower.com\/de\/wp-json\/wp\/v2\/product\/7242","targetHints":{"allow":["GET"]}}],"collection":[{"href":"https:\/\/imiapower.com\/de\/wp-json\/wp\/v2\/product"}],"about":[{"href":"https:\/\/imiapower.com\/de\/wp-json\/wp\/v2\/types\/product"}],"replies":[{"embeddable":true,"href":"https:\/\/imiapower.com\/de\/wp-json\/wp\/v2\/comments?post=7242"}],"version-history":[{"count":4,"href":"https:\/\/imiapower.com\/de\/wp-json\/wp\/v2\/product\/7242\/revisions"}],"predecessor-version":[{"id":8277,"href":"https:\/\/imiapower.com\/de\/wp-json\/wp\/v2\/product\/7242\/revisions\/8277"}],"wp:featuredmedia":[{"embeddable":true,"href":"https:\/\/imiapower.com\/de\/wp-json\/wp\/v2\/media\/7319"}],"wp:attachment":[{"href":"https:\/\/imiapower.com\/de\/wp-json\/wp\/v2\/media?parent=7242"}],"wp:term":[{"taxonomy":"product_cat","embeddable":true,"href":"https:\/\/imiapower.com\/de\/wp-json\/wp\/v2\/product_cat?post=7242"},{"taxonomy":"product_tag","embeddable":true,"href":"https:\/\/imiapower.com\/de\/wp-json\/wp\/v2\/product_tag?post=7242"}],"curies":[{"name":"wp","href":"https:\/\/api.w.org\/{rel}","templated":true}]}}