{"id":7288,"date":"2024-03-27T00:45:04","date_gmt":"2024-03-27T00:45:04","guid":{"rendered":"https:\/\/imia.com.cn\/?post_type=product&#038;p=7288"},"modified":"2024-04-30T08:36:33","modified_gmt":"2024-04-30T08:36:33","slug":"3-port-usb-charger","status":"publish","type":"product","link":"https:\/\/imiapower.com\/de\/products\/wall-charger\/3-port-usb-charger\/","title":{"rendered":"Preisg\u00fcnstiges 3-Port-Wandladeger\u00e4t der USB-Ladeserie"},"content":{"rendered":"<ul>\n<li><strong>3-Port-USB-Ladeger\u00e4t<\/strong><\/li>\n<li><strong>Eingabe:<\/strong>100\u2013250 V\/Wechselstrom 50\u201360 Hz<\/li>\n<li><strong>Ausgabe 1:<\/strong> USB1: 5 V, 2,4 A<\/li>\n<li><strong>Ausgabe 2:<\/strong> USB1+USB2: 5 V, 2,4 A<\/li>\n<li><strong>Ausgabe 3:<\/strong> USB1+USB2+USB3: 5 V, 2,4 A<\/li>\n<li><strong>Ausgabe 4:<\/strong> 5V3A\/9V2,25\/12V1,67A (Max 20W)<\/li>\n<li><strong>Material:<\/strong> Abs<\/li>\n<\/ul>","protected":false},"excerpt":{"rendered":"<p>Dieses Ladeger\u00e4t mit 3 USB-Anschl\u00fcssen kann auch mit 2 USB-Anschl\u00fcssen, 1 USB-Anschluss und 1 Typ C ausgestattet werden, um den unterschiedlichen Designanforderungen der Kunden gerecht zu werden. Es kann elektronische Ger\u00e4te gleichzeitig aufladen und spart dem Benutzer Zeit.<\/p>","protected":false},"featured_media":7308,"comment_status":"open","ping_status":"closed","template":"","meta":{"rank_math_lock_modified_date":false,"site-sidebar-layout":"default","site-content-layout":"","ast-site-content-layout":"default","site-content-style":"default","site-sidebar-style":"default","ast-global-header-display":"","ast-banner-title-visibility":"","ast-main-header-display":"","ast-hfb-above-header-display":"","ast-hfb-below-header-display":"","ast-hfb-mobile-header-display":"","site-post-title":"","ast-breadcrumbs-content":"","ast-featured-img":"","footer-sml-layout":"","ast-disable-related-posts":"","theme-transparent-header-meta":"default","adv-header-id-meta":"","stick-header-meta":"","header-above-stick-meta":"","header-main-stick-meta":"","header-below-stick-meta":"","astra-migrate-meta-layouts":"set","ast-page-background-enabled":"default","ast-page-background-meta":{"desktop":{"background-color":"","background-image":"","background-repeat":"repeat","background-position":"center center","background-size":"auto","background-attachment":"scroll","background-type":"","background-media":"","overlay-type":"","overlay-color":"","overlay-opacity":"","overlay-gradient":""},"tablet":{"background-color":"","background-image":"","background-repeat":"repeat","background-position":"center center","background-size":"auto","background-attachment":"scroll","background-type":"","background-media":"","overlay-type":"","overlay-color":"","overlay-opacity":"","overlay-gradient":""},"mobile":{"background-color":"","background-image":"","background-repeat":"repeat","background-position":"center center","background-size":"auto","background-attachment":"scroll","background-type":"","background-media":"","overlay-type":"","overlay-color":"","overlay-opacity":"","overlay-gradient":""}},"ast-content-background-meta":{"desktop":{"background-color":"var(--ast-global-color-5)","background-image":"","background-repeat":"repeat","background-position":"center center","background-size":"auto","background-attachment":"scroll","background-type":"","background-media":"","overlay-type":"","overlay-color":"","overlay-opacity":"","overlay-gradient":""},"tablet":{"background-color":"var(--ast-global-color-5)","background-image":"","background-repeat":"repeat","background-position":"center center","background-size":"auto","background-attachment":"scroll","background-type":"","background-media":"","overlay-type":"","overlay-color":"","overlay-opacity":"","overlay-gradient":""},"mobile":{"background-color":"var(--ast-global-color-5)","background-image":"","background-repeat":"repeat","background-position":"center center","background-size":"auto","background-attachment":"scroll","background-type":"","background-media":"","overlay-type":"","overlay-color":"","overlay-opacity":"","overlay-gradient":""}}},"product_cat":[43],"product_tag":[],"class_list":{"0":"post-7288","1":"product","2":"type-product","3":"status-publish","4":"has-post-thumbnail","6":"product_cat-wall-charger","7":"desktop-align-center","8":"tablet-align-center","9":"mobile-align-center","11":"first","12":"instock","13":"shipping-taxable","14":"product-type-simple"},"_links":{"self":[{"href":"https:\/\/imiapower.com\/de\/wp-json\/wp\/v2\/product\/7288","targetHints":{"allow":["GET"]}}],"collection":[{"href":"https:\/\/imiapower.com\/de\/wp-json\/wp\/v2\/product"}],"about":[{"href":"https:\/\/imiapower.com\/de\/wp-json\/wp\/v2\/types\/product"}],"replies":[{"embeddable":true,"href":"https:\/\/imiapower.com\/de\/wp-json\/wp\/v2\/comments?post=7288"}],"version-history":[{"count":0,"href":"https:\/\/imiapower.com\/de\/wp-json\/wp\/v2\/product\/7288\/revisions"}],"wp:featuredmedia":[{"embeddable":true,"href":"https:\/\/imiapower.com\/de\/wp-json\/wp\/v2\/media\/7308"}],"wp:attachment":[{"href":"https:\/\/imiapower.com\/de\/wp-json\/wp\/v2\/media?parent=7288"}],"wp:term":[{"taxonomy":"product_cat","embeddable":true,"href":"https:\/\/imiapower.com\/de\/wp-json\/wp\/v2\/product_cat?post=7288"},{"taxonomy":"product_tag","embeddable":true,"href":"https:\/\/imiapower.com\/de\/wp-json\/wp\/v2\/product_tag?post=7288"}],"curies":[{"name":"wp","href":"https:\/\/api.w.org\/{rel}","templated":true}]}}