{"id":7489,"date":"2024-04-26T03:02:32","date_gmt":"2024-04-26T03:02:32","guid":{"rendered":"https:\/\/imiapower.com\/?post_type=product&#038;p=7489"},"modified":"2025-05-26T06:34:09","modified_gmt":"2025-05-26T06:34:09","slug":"all-in-one-travel-adapter","status":"publish","type":"product","link":"https:\/\/imiapower.com\/de\/products\/travel-adapter\/all-in-one-travel-adapter\/","title":{"rendered":"Meistverkaufter All-in-One-Reiseadapter"},"content":{"rendered":"<ul>\n<li><strong>All-in-One-Reiseadapter<\/strong><\/li>\n<li><strong>AC-Eingang:<\/strong>\u00a0 6 A max. 100 \u2013 240 V Wechselstrom<\/li>\n<li><strong>USB-Ausgang:<\/strong>5 V 3100 mA<\/li>\n<li><strong>Stecker:<\/strong> EU\/AU\/UK\/USA<\/li>\n<li><strong>Farbe:<\/strong> Schwarz-Weiss<\/li>\n<li><strong>Gr\u00f6\u00dfe:<\/strong>60*45*55mm<\/li>\n<li><strong>Material:<\/strong> ABS + Kupfermetall + Gummi\u00f6l<\/li>\n<li><strong>Anmerkung:<\/strong> EU\/AU\/UK\/US All-in-One kann in \u00fcber 170 L\u00e4ndern verwendet werden<\/li>\n<li><strong>Zertifikat:<\/strong> CE, Rohs<\/li>\n<\/ul>","protected":false},"excerpt":{"rendered":"<p>Dies ist ein notwendiges Produkt f\u00fcr Reisen in verschiedene L\u00e4nder, da in verschiedenen L\u00e4ndern die Ladestecker unterschiedlich sind. Dieser All-in-One-Reiseadapter mit EU-, US-, AUS- und UK-Steckern kann die Steckeranforderungen der meisten L\u00e4nder erf\u00fcllen.<\/p>\n<p>Dieses Produkt verf\u00fcgt \u00fcber 1 USB-A- und 1 Typ-C-Ladeanschluss, der pers\u00f6nliche Ladeanforderungen auf Reisen erf\u00fcllen kann<\/p>\n<p>Dieses Modell ist mit seinem g\u00fcnstigen Preis ein klassischer Reiseartikel und wurde viele Jahre lang zu einem Verkaufsschlager auf der Welt.<\/p>\n<p>Unseren wertvollen Kunden k\u00f6nnen kostenlose Muster zur Verf\u00fcgung gestellt werden<\/p>\n<p>&nbsp;<\/p>","protected":false},"featured_media":7490,"comment_status":"closed","ping_status":"closed","template":"","meta":{"rank_math_lock_modified_date":false,"site-sidebar-layout":"default","site-content-layout":"","ast-site-content-layout":"default","site-content-style":"default","site-sidebar-style":"default","ast-global-header-display":"","ast-banner-title-visibility":"","ast-main-header-display":"","ast-hfb-above-header-display":"","ast-hfb-below-header-display":"","ast-hfb-mobile-header-display":"","site-post-title":"","ast-breadcrumbs-content":"","ast-featured-img":"","footer-sml-layout":"","ast-disable-related-posts":"","theme-transparent-header-meta":"default","adv-header-id-meta":"","stick-header-meta":"","header-above-stick-meta":"","header-main-stick-meta":"","header-below-stick-meta":"","astra-migrate-meta-layouts":"set","ast-page-background-enabled":"default","ast-page-background-meta":{"desktop":{"background-color":"","background-image":"","background-repeat":"repeat","background-position":"center center","background-size":"auto","background-attachment":"scroll","background-type":"","background-media":"","overlay-type":"","overlay-color":"","overlay-opacity":"","overlay-gradient":""},"tablet":{"background-color":"","background-image":"","background-repeat":"repeat","background-position":"center center","background-size":"auto","background-attachment":"scroll","background-type":"","background-media":"","overlay-type":"","overlay-color":"","overlay-opacity":"","overlay-gradient":""},"mobile":{"background-color":"","background-image":"","background-repeat":"repeat","background-position":"center center","background-size":"auto","background-attachment":"scroll","background-type":"","background-media":"","overlay-type":"","overlay-color":"","overlay-opacity":"","overlay-gradient":""}},"ast-content-background-meta":{"desktop":{"background-color":"var(--ast-global-color-5)","background-image":"","background-repeat":"repeat","background-position":"center center","background-size":"auto","background-attachment":"scroll","background-type":"","background-media":"","overlay-type":"","overlay-color":"","overlay-opacity":"","overlay-gradient":""},"tablet":{"background-color":"var(--ast-global-color-5)","background-image":"","background-repeat":"repeat","background-position":"center center","background-size":"auto","background-attachment":"scroll","background-type":"","background-media":"","overlay-type":"","overlay-color":"","overlay-opacity":"","overlay-gradient":""},"mobile":{"background-color":"var(--ast-global-color-5)","background-image":"","background-repeat":"repeat","background-position":"center center","background-size":"auto","background-attachment":"scroll","background-type":"","background-media":"","overlay-type":"","overlay-color":"","overlay-opacity":"","overlay-gradient":""}}},"product_cat":[64],"product_tag":[],"class_list":{"0":"post-7489","1":"product","2":"type-product","3":"status-publish","4":"has-post-thumbnail","6":"product_cat-travel-adapter","7":"desktop-align-center","8":"tablet-align-center","9":"mobile-align-center","11":"first","12":"instock","13":"shipping-taxable","14":"product-type-simple"},"_links":{"self":[{"href":"https:\/\/imiapower.com\/de\/wp-json\/wp\/v2\/product\/7489","targetHints":{"allow":["GET"]}}],"collection":[{"href":"https:\/\/imiapower.com\/de\/wp-json\/wp\/v2\/product"}],"about":[{"href":"https:\/\/imiapower.com\/de\/wp-json\/wp\/v2\/types\/product"}],"replies":[{"embeddable":true,"href":"https:\/\/imiapower.com\/de\/wp-json\/wp\/v2\/comments?post=7489"}],"version-history":[{"count":2,"href":"https:\/\/imiapower.com\/de\/wp-json\/wp\/v2\/product\/7489\/revisions"}],"predecessor-version":[{"id":9197,"href":"https:\/\/imiapower.com\/de\/wp-json\/wp\/v2\/product\/7489\/revisions\/9197"}],"wp:featuredmedia":[{"embeddable":true,"href":"https:\/\/imiapower.com\/de\/wp-json\/wp\/v2\/media\/7490"}],"wp:attachment":[{"href":"https:\/\/imiapower.com\/de\/wp-json\/wp\/v2\/media?parent=7489"}],"wp:term":[{"taxonomy":"product_cat","embeddable":true,"href":"https:\/\/imiapower.com\/de\/wp-json\/wp\/v2\/product_cat?post=7489"},{"taxonomy":"product_tag","embeddable":true,"href":"https:\/\/imiapower.com\/de\/wp-json\/wp\/v2\/product_tag?post=7489"}],"curies":[{"name":"wp","href":"https:\/\/api.w.org\/{rel}","templated":true}]}}