{"id":7695,"date":"2024-05-22T08:49:10","date_gmt":"2024-05-22T08:49:10","guid":{"rendered":"https:\/\/imiapower.com\/?post_type=product&#038;p=7695"},"modified":"2024-06-07T03:54:10","modified_gmt":"2024-06-07T03:54:10","slug":"world-travel-adapter","status":"publish","type":"product","link":"https:\/\/imiapower.com\/de\/products\/travel-adapter\/world-travel-adapter\/","title":{"rendered":"Neuer 45-W-Weltreiseadapter"},"content":{"rendered":"<ul>\n<li><strong>Weltreiseadapter<\/strong><\/li>\n<li><strong>Eingabe:<\/strong> AC-Eingang: 100 ~ 250 V\/AC 50-60 Hz 0,8 A Ausgang<\/li>\n<li><strong>Einzelausgang Typ C1:<\/strong>5 V 3 A \/ 9 V 3 A \/ 12 V 3 A \/ 15 V 3 A \/ 20 V 2,25 A 45 W max.<\/li>\n<li><strong>PPS:<\/strong>3,3 V \u2013 16 V, 3,0 A, 3,3 V \u2013 21 V, 2,25 A, 45 W<\/li>\n<li><strong>Typ C2\/Typ C3\/Typ C4\/USB A1:<\/strong>5 V, 3 A, 15 W, max.<\/li>\n<li><strong>Mehrfachausgang Typ C1 + Typ C2:<\/strong>30W + 15W<\/li>\n<li><strong>Typ C1:<\/strong>5V3A\/9V3A\/12V1,5A\/15V2A\/20V1,5A 30W<\/li>\n<li><strong>PPS:<\/strong>3,3-16 V\/2 A<\/li>\n<li><strong>Typ C2:<\/strong> 5V 3A 15W<\/li>\n<li><strong>Typ C1 + Typ C2 \/ Typ C3 \/ Typ C4 \/ USB A1:<\/strong>PD30W+15W<\/li>\n<li><strong>Typ C1:<\/strong>5V3A\/9V3A\/12V1,5A\/15V2A\/20V1,5A 30W<\/li>\n<li><strong>PPS:<\/strong> 3,3-16 V\/2 A<\/li>\n<li><strong>Typ C2\/Typ C3\/Typ C4\/USB A1:<\/strong>5 V, 3 A, 15 W, max.<\/li>\n<li><strong>Material:<\/strong> Gebranntes PC + Cooper-Metall<\/li>\n<li><strong>Gr\u00f6\u00dfe:<\/strong> 76*50,5*57 mm<\/li>\n<li><strong>Verwendung:<\/strong> EU\/AU\/UK\/US All-in-One kann in \u00fcber 170 L\u00e4ndern verwendet werden<\/li>\n<li><strong>Zertifikat:<\/strong> CE, Rohs, FCC, UKCA, Reach, ERP<\/li>\n<\/ul>","protected":false},"excerpt":{"rendered":"<p>Dieser Weltreiseadapter verwendet Stromverteilungsl\u00f6sungen. Dies ist die beliebteste L\u00f6sung auf dem Markt f\u00fcr Ladeger\u00e4te mit mehreren Anschl\u00fcssen. Er gew\u00e4hrleistet, dass das Laden ohne Unterbrechungen funktioniert.<\/p>\n<p>F\u00fcr diesen Adapter haben wir 4 Typ-C-Anschl\u00fcsse entwickelt, um den Anforderungen der meisten Ladeger\u00e4te auf dem Markt gerecht zu werden.<\/p>\n<p>Der Druckknopf kann eine individuelle Farbe haben<\/p>\n<p>Der Reiseadapter mit zwei 10A-Sicherungen sch\u00fctzt Ihre Ger\u00e4te effektiv und sch\u00fctzt Ihre Elektroger\u00e4te bei deren Verwendung<\/p>\n<p>Wildspannungsunterst\u00fctzung von 100 V\u2013250 V\/10 A (1000 W\u20132500 W)<\/p>\n<p>Dieses Geh\u00e4usedesign hat 20W, 35W, 45W, 65W Option f\u00fcr Kunden<\/p>\n<p>Wir bieten ma\u00dfgeschneiderte Verpackungen mit Farbbox oder Blister<\/p>","protected":false},"featured_media":7704,"comment_status":"open","ping_status":"closed","template":"","meta":{"rank_math_lock_modified_date":false,"site-sidebar-layout":"default","site-content-layout":"","ast-site-content-layout":"default","site-content-style":"default","site-sidebar-style":"default","ast-global-header-display":"","ast-banner-title-visibility":"","ast-main-header-display":"","ast-hfb-above-header-display":"","ast-hfb-below-header-display":"","ast-hfb-mobile-header-display":"","site-post-title":"","ast-breadcrumbs-content":"","ast-featured-img":"","footer-sml-layout":"","ast-disable-related-posts":"","theme-transparent-header-meta":"default","adv-header-id-meta":"","stick-header-meta":"","header-above-stick-meta":"","header-main-stick-meta":"","header-below-stick-meta":"","astra-migrate-meta-layouts":"set","ast-page-background-enabled":"default","ast-page-background-meta":{"desktop":{"background-color":"","background-image":"","background-repeat":"repeat","background-position":"center center","background-size":"auto","background-attachment":"scroll","background-type":"","background-media":"","overlay-type":"","overlay-color":"","overlay-opacity":"","overlay-gradient":""},"tablet":{"background-color":"","background-image":"","background-repeat":"repeat","background-position":"center center","background-size":"auto","background-attachment":"scroll","background-type":"","background-media":"","overlay-type":"","overlay-color":"","overlay-opacity":"","overlay-gradient":""},"mobile":{"background-color":"","background-image":"","background-repeat":"repeat","background-position":"center center","background-size":"auto","background-attachment":"scroll","background-type":"","background-media":"","overlay-type":"","overlay-color":"","overlay-opacity":"","overlay-gradient":""}},"ast-content-background-meta":{"desktop":{"background-color":"var(--ast-global-color-5)","background-image":"","background-repeat":"repeat","background-position":"center center","background-size":"auto","background-attachment":"scroll","background-type":"","background-media":"","overlay-type":"","overlay-color":"","overlay-opacity":"","overlay-gradient":""},"tablet":{"background-color":"var(--ast-global-color-5)","background-image":"","background-repeat":"repeat","background-position":"center center","background-size":"auto","background-attachment":"scroll","background-type":"","background-media":"","overlay-type":"","overlay-color":"","overlay-opacity":"","overlay-gradient":""},"mobile":{"background-color":"var(--ast-global-color-5)","background-image":"","background-repeat":"repeat","background-position":"center center","background-size":"auto","background-attachment":"scroll","background-type":"","background-media":"","overlay-type":"","overlay-color":"","overlay-opacity":"","overlay-gradient":""}}},"product_cat":[64],"product_tag":[],"class_list":{"0":"post-7695","1":"product","2":"type-product","3":"status-publish","4":"has-post-thumbnail","6":"product_cat-travel-adapter","7":"desktop-align-center","8":"tablet-align-center","9":"mobile-align-center","11":"first","12":"instock","13":"shipping-taxable","14":"product-type-simple"},"_links":{"self":[{"href":"https:\/\/imiapower.com\/de\/wp-json\/wp\/v2\/product\/7695","targetHints":{"allow":["GET"]}}],"collection":[{"href":"https:\/\/imiapower.com\/de\/wp-json\/wp\/v2\/product"}],"about":[{"href":"https:\/\/imiapower.com\/de\/wp-json\/wp\/v2\/types\/product"}],"replies":[{"embeddable":true,"href":"https:\/\/imiapower.com\/de\/wp-json\/wp\/v2\/comments?post=7695"}],"version-history":[{"count":5,"href":"https:\/\/imiapower.com\/de\/wp-json\/wp\/v2\/product\/7695\/revisions"}],"predecessor-version":[{"id":7706,"href":"https:\/\/imiapower.com\/de\/wp-json\/wp\/v2\/product\/7695\/revisions\/7706"}],"wp:featuredmedia":[{"embeddable":true,"href":"https:\/\/imiapower.com\/de\/wp-json\/wp\/v2\/media\/7704"}],"wp:attachment":[{"href":"https:\/\/imiapower.com\/de\/wp-json\/wp\/v2\/media?parent=7695"}],"wp:term":[{"taxonomy":"product_cat","embeddable":true,"href":"https:\/\/imiapower.com\/de\/wp-json\/wp\/v2\/product_cat?post=7695"},{"taxonomy":"product_tag","embeddable":true,"href":"https:\/\/imiapower.com\/de\/wp-json\/wp\/v2\/product_tag?post=7695"}],"curies":[{"name":"wp","href":"https:\/\/api.w.org\/{rel}","templated":true}]}}