{"id":7707,"date":"2024-05-23T08:29:22","date_gmt":"2024-05-23T08:29:22","guid":{"rendered":"https:\/\/imiapower.com\/?post_type=product&#038;p=7707"},"modified":"2024-06-18T01:24:11","modified_gmt":"2024-06-18T01:24:11","slug":"international-adapter","status":"publish","type":"product","link":"https:\/\/imiapower.com\/de\/products\/travel-adapter\/international-adapter\/","title":{"rendered":"Leistungsstarker internationaler 65-W-Adapter"},"content":{"rendered":"<ul>\n<li><strong>\u00a0Internationaler Adapter<\/strong><\/li>\n<li><strong>AC-Eingang: <\/strong>100~250 V\/Wechselstrom, 50-60 Hz, 0,8 A<\/li>\n<li><strong>AC-Ausgang:<\/strong>10 A max. (1000 W\/100 V oder 2400 W\/240 V)<\/li>\n<li><strong>USB-Ausgang:<\/strong>5 V \/ 2,4 A (MAX. 12 W)<\/li>\n<li><strong>Typ C2\/ C3\/C4 Ausgang:<\/strong> 5 V\/2,4 A (max. 12 W)<\/li>\n<li><strong>Typ C1-Ausgang:<\/strong> 5 V3 A 9 V3 A 12 V3 A 15 V3 A 20 V3,25 A (MAX. 65 W)<\/li>\n<li><strong>Gr\u00f6\u00dfe: <\/strong>76*50,5*57 mm<\/li>\n<li><strong>Gewicht: <\/strong>Schweinefilet ca. 180g<\/li>\n<li><strong>Material:<\/strong> Gebranntes PC + Kupfermetall<\/li>\n<\/ul>","protected":false},"excerpt":{"rendered":"<p>Das Design dieses internationalen Adapters basiert auf der britischen Erdung. Die britische Erdung sch\u00fctzt vor Stromschl\u00e4gen und verringert die Gefahr von Kurzschl\u00fcssen oder Br\u00e4nden.<\/p>\n<p>Britische Stecker verf\u00fcgen normalerweise \u00fcber einen dritten Erdungsstift, der f\u00fcr die Sicherheit elektrischer Ger\u00e4te wichtig ist, insbesondere bei Reisen in Regionen mit unterschiedlichen elektrischen Standards. Viele Ger\u00e4te sind f\u00fcr den Betrieb mit geerdeten Steckern ausgelegt, und die Verwendung eines britischen Erdungsadapters gew\u00e4hrleistet die Kompatibilit\u00e4t mit solchen Ger\u00e4ten. Dies ist besonders wichtig f\u00fcr empfindliche Elektronik oder Ger\u00e4te, die eine stabile elektrische Verbindung ben\u00f6tigen.<\/p>\n<p>Der Reiseadapter mit zwei 10A-Sicherungen sch\u00fctzt Ihre Ger\u00e4te effektiv und sch\u00fctzt Ihre Elektroger\u00e4te bei deren Verwendung<\/p>\n<p>Wildspannungsunterst\u00fctzung von 100 V\u2013250 V\/10 A (1000 W\u20132500 W)<\/p>","protected":false},"featured_media":7717,"comment_status":"open","ping_status":"closed","template":"","meta":{"rank_math_lock_modified_date":false,"site-sidebar-layout":"default","site-content-layout":"","ast-site-content-layout":"default","site-content-style":"default","site-sidebar-style":"default","ast-global-header-display":"","ast-banner-title-visibility":"","ast-main-header-display":"","ast-hfb-above-header-display":"","ast-hfb-below-header-display":"","ast-hfb-mobile-header-display":"","site-post-title":"","ast-breadcrumbs-content":"","ast-featured-img":"","footer-sml-layout":"","ast-disable-related-posts":"","theme-transparent-header-meta":"default","adv-header-id-meta":"","stick-header-meta":"","header-above-stick-meta":"","header-main-stick-meta":"","header-below-stick-meta":"","astra-migrate-meta-layouts":"set","ast-page-background-enabled":"default","ast-page-background-meta":{"desktop":{"background-color":"","background-image":"","background-repeat":"repeat","background-position":"center center","background-size":"auto","background-attachment":"scroll","background-type":"","background-media":"","overlay-type":"","overlay-color":"","overlay-opacity":"","overlay-gradient":""},"tablet":{"background-color":"","background-image":"","background-repeat":"repeat","background-position":"center center","background-size":"auto","background-attachment":"scroll","background-type":"","background-media":"","overlay-type":"","overlay-color":"","overlay-opacity":"","overlay-gradient":""},"mobile":{"background-color":"","background-image":"","background-repeat":"repeat","background-position":"center center","background-size":"auto","background-attachment":"scroll","background-type":"","background-media":"","overlay-type":"","overlay-color":"","overlay-opacity":"","overlay-gradient":""}},"ast-content-background-meta":{"desktop":{"background-color":"var(--ast-global-color-5)","background-image":"","background-repeat":"repeat","background-position":"center center","background-size":"auto","background-attachment":"scroll","background-type":"","background-media":"","overlay-type":"","overlay-color":"","overlay-opacity":"","overlay-gradient":""},"tablet":{"background-color":"var(--ast-global-color-5)","background-image":"","background-repeat":"repeat","background-position":"center center","background-size":"auto","background-attachment":"scroll","background-type":"","background-media":"","overlay-type":"","overlay-color":"","overlay-opacity":"","overlay-gradient":""},"mobile":{"background-color":"var(--ast-global-color-5)","background-image":"","background-repeat":"repeat","background-position":"center center","background-size":"auto","background-attachment":"scroll","background-type":"","background-media":"","overlay-type":"","overlay-color":"","overlay-opacity":"","overlay-gradient":""}}},"product_cat":[64],"product_tag":[],"class_list":{"0":"post-7707","1":"product","2":"type-product","3":"status-publish","4":"has-post-thumbnail","6":"product_cat-travel-adapter","7":"desktop-align-center","8":"tablet-align-center","9":"mobile-align-center","11":"first","12":"instock","13":"shipping-taxable","14":"product-type-simple"},"_links":{"self":[{"href":"https:\/\/imiapower.com\/de\/wp-json\/wp\/v2\/product\/7707","targetHints":{"allow":["GET"]}}],"collection":[{"href":"https:\/\/imiapower.com\/de\/wp-json\/wp\/v2\/product"}],"about":[{"href":"https:\/\/imiapower.com\/de\/wp-json\/wp\/v2\/types\/product"}],"replies":[{"embeddable":true,"href":"https:\/\/imiapower.com\/de\/wp-json\/wp\/v2\/comments?post=7707"}],"version-history":[{"count":7,"href":"https:\/\/imiapower.com\/de\/wp-json\/wp\/v2\/product\/7707\/revisions"}],"predecessor-version":[{"id":7721,"href":"https:\/\/imiapower.com\/de\/wp-json\/wp\/v2\/product\/7707\/revisions\/7721"}],"wp:featuredmedia":[{"embeddable":true,"href":"https:\/\/imiapower.com\/de\/wp-json\/wp\/v2\/media\/7717"}],"wp:attachment":[{"href":"https:\/\/imiapower.com\/de\/wp-json\/wp\/v2\/media?parent=7707"}],"wp:term":[{"taxonomy":"product_cat","embeddable":true,"href":"https:\/\/imiapower.com\/de\/wp-json\/wp\/v2\/product_cat?post=7707"},{"taxonomy":"product_tag","embeddable":true,"href":"https:\/\/imiapower.com\/de\/wp-json\/wp\/v2\/product_tag?post=7707"}],"curies":[{"name":"wp","href":"https:\/\/api.w.org\/{rel}","templated":true}]}}