{"id":7722,"date":"2024-05-25T02:05:55","date_gmt":"2024-05-25T02:05:55","guid":{"rendered":"https:\/\/imiapower.com\/?post_type=product&#038;p=7722"},"modified":"2024-08-16T10:08:45","modified_gmt":"2024-08-16T10:08:45","slug":"international-power-adapters","status":"publish","type":"product","link":"https:\/\/imiapower.com\/de\/products\/travel-adapter\/international-power-adapters\/","title":{"rendered":"G\u00fcnstige internationale 30-W-Netzadapter"},"content":{"rendered":"<ul>\n<li><strong>internationale Netzadapter<\/strong><\/li>\n<li>\u00a0<strong>Eingangsspannung:<\/strong> 100\u2013250\u00a0V, 50\/60\u00a0Hz<\/li>\n<li><strong>AC-Ausgang:<\/strong> 6 A max. (660 W\/100 V, 1330 W\/250 V)<\/li>\n<li><strong>Typ C1-Ausgang:<\/strong> 5 V, 3 A (max. 15 W)<\/li>\n<li><strong>Typ C2-Ausgang:<\/strong> 5 V 3 A\/9 V 3 A\/12 V 2,5 A\/15 V 2 A\/20 V 1,5 A (max. 30 W)<\/li>\n<li><strong>Einzelner USB-Ausgang:<\/strong> 5 V, 3 A, 9 V, 2 A (max. 18 W)<\/li>\n<li><strong>Produktgr\u00f6\u00dfe:<\/strong> 70mm x 50mm x 55mm<\/li>\n<li><strong>Materialien:<\/strong> ABS + PC<\/li>\n<li><strong>Zertifikat:<\/strong> CE\/FCC\/RoHS<\/li>\n<\/ul>","protected":false},"excerpt":{"rendered":"<p>Mit einer Fabrik f\u00fcr Reiseadapter k\u00f6nnen wir niedrigere Mindestbestellmengen akzeptieren und sicherstellen, dass die Kunden an die Qualit\u00e4t unserer Produkte glauben.<\/p>\n<p>Diese internationalen Netzadapter sind aufgrund eines Patentproblems private Formen<\/p>\n<p>Dieser internationale Netzadapter verf\u00fcgt \u00fcber US\/EU\/UK\/AU-Netzstecker f\u00fcr \u00fcber 150 L\u00e4nder. Und er kann an Stecker in S\u00fcdafrika, Indien, den USA, der EU, dem Vereinigten K\u00f6nigreich und Australien angeschlossen werden.<\/p>\n<p>Sicherheitsfunktionen: Hochwertige Adapter verf\u00fcgen \u00fcber integrierte Sicherheitsfunktionen wie \u00dcberlastungsschutz und Kurzschlussschutz, um Ihre Ger\u00e4te vor elektrischen Schwankungen und m\u00f6glichen Sch\u00e4den zu sch\u00fctzen.<\/p>\n<p>&nbsp;<\/p>","protected":false},"featured_media":7726,"comment_status":"open","ping_status":"closed","template":"","meta":{"rank_math_lock_modified_date":false,"site-sidebar-layout":"default","site-content-layout":"","ast-site-content-layout":"default","site-content-style":"default","site-sidebar-style":"default","ast-global-header-display":"","ast-banner-title-visibility":"","ast-main-header-display":"","ast-hfb-above-header-display":"","ast-hfb-below-header-display":"","ast-hfb-mobile-header-display":"","site-post-title":"","ast-breadcrumbs-content":"","ast-featured-img":"","footer-sml-layout":"","ast-disable-related-posts":"","theme-transparent-header-meta":"default","adv-header-id-meta":"","stick-header-meta":"","header-above-stick-meta":"","header-main-stick-meta":"","header-below-stick-meta":"","astra-migrate-meta-layouts":"set","ast-page-background-enabled":"default","ast-page-background-meta":{"desktop":{"background-color":"","background-image":"","background-repeat":"repeat","background-position":"center center","background-size":"auto","background-attachment":"scroll","background-type":"","background-media":"","overlay-type":"","overlay-color":"","overlay-opacity":"","overlay-gradient":""},"tablet":{"background-color":"","background-image":"","background-repeat":"repeat","background-position":"center center","background-size":"auto","background-attachment":"scroll","background-type":"","background-media":"","overlay-type":"","overlay-color":"","overlay-opacity":"","overlay-gradient":""},"mobile":{"background-color":"","background-image":"","background-repeat":"repeat","background-position":"center center","background-size":"auto","background-attachment":"scroll","background-type":"","background-media":"","overlay-type":"","overlay-color":"","overlay-opacity":"","overlay-gradient":""}},"ast-content-background-meta":{"desktop":{"background-color":"var(--ast-global-color-5)","background-image":"","background-repeat":"repeat","background-position":"center center","background-size":"auto","background-attachment":"scroll","background-type":"","background-media":"","overlay-type":"","overlay-color":"","overlay-opacity":"","overlay-gradient":""},"tablet":{"background-color":"var(--ast-global-color-5)","background-image":"","background-repeat":"repeat","background-position":"center center","background-size":"auto","background-attachment":"scroll","background-type":"","background-media":"","overlay-type":"","overlay-color":"","overlay-opacity":"","overlay-gradient":""},"mobile":{"background-color":"var(--ast-global-color-5)","background-image":"","background-repeat":"repeat","background-position":"center center","background-size":"auto","background-attachment":"scroll","background-type":"","background-media":"","overlay-type":"","overlay-color":"","overlay-opacity":"","overlay-gradient":""}}},"product_cat":[64],"product_tag":[],"class_list":{"0":"post-7722","1":"product","2":"type-product","3":"status-publish","4":"has-post-thumbnail","6":"product_cat-travel-adapter","7":"desktop-align-center","8":"tablet-align-center","9":"mobile-align-center","11":"first","12":"instock","13":"shipping-taxable","14":"product-type-simple"},"_links":{"self":[{"href":"https:\/\/imiapower.com\/de\/wp-json\/wp\/v2\/product\/7722","targetHints":{"allow":["GET"]}}],"collection":[{"href":"https:\/\/imiapower.com\/de\/wp-json\/wp\/v2\/product"}],"about":[{"href":"https:\/\/imiapower.com\/de\/wp-json\/wp\/v2\/types\/product"}],"replies":[{"embeddable":true,"href":"https:\/\/imiapower.com\/de\/wp-json\/wp\/v2\/comments?post=7722"}],"version-history":[{"count":3,"href":"https:\/\/imiapower.com\/de\/wp-json\/wp\/v2\/product\/7722\/revisions"}],"predecessor-version":[{"id":7730,"href":"https:\/\/imiapower.com\/de\/wp-json\/wp\/v2\/product\/7722\/revisions\/7730"}],"wp:featuredmedia":[{"embeddable":true,"href":"https:\/\/imiapower.com\/de\/wp-json\/wp\/v2\/media\/7726"}],"wp:attachment":[{"href":"https:\/\/imiapower.com\/de\/wp-json\/wp\/v2\/media?parent=7722"}],"wp:term":[{"taxonomy":"product_cat","embeddable":true,"href":"https:\/\/imiapower.com\/de\/wp-json\/wp\/v2\/product_cat?post=7722"},{"taxonomy":"product_tag","embeddable":true,"href":"https:\/\/imiapower.com\/de\/wp-json\/wp\/v2\/product_tag?post=7722"}],"curies":[{"name":"wp","href":"https:\/\/api.w.org\/{rel}","templated":true}]}}