{"id":7768,"date":"2024-05-12T07:28:02","date_gmt":"2024-05-12T07:28:02","guid":{"rendered":"https:\/\/imiapower.com\/?post_type=product&#038;p=7768"},"modified":"2025-05-26T09:15:58","modified_gmt":"2025-05-26T09:15:58","slug":"international-plugs-adapters","status":"publish","type":"product","link":"https:\/\/imiapower.com\/de\/products\/travel-adapter\/international-plugs-adapters\/","title":{"rendered":"Effiziente 20-W-Steckeradapter f\u00fcr internationale Stecker"},"content":{"rendered":"<ul>\n<li><strong>internationale Steckeradapter<\/strong><\/li>\n<li><strong>AC-Eingang:<\/strong>100\u2013250 V\/Wechselstrom 50\u201360 Hz<\/li>\n<li><strong>AC-Ausgang:<\/strong>6A Max. (660W\/100V oder 1330W\/250V)<\/li>\n<li><strong>USB1+USB2-Ausgang:<\/strong>5V \/ 2400mA<\/li>\n<li><strong>USB 3:<\/strong> 5 V 3 A \/ 9 V 2 A \/ 12 V 1,5 A (Qc 3,0 18 W)<\/li>\n<li><strong>Typ C PD-Ausgang:<\/strong> 5 V 3 A\/9 V 2,22 A\/12 V 1,67 A (max. 20 W)<\/li>\n<li><strong>Gr\u00f6\u00dfe:<\/strong>50x70x55 mm<\/li>\n<li><strong>Material:<\/strong> Gebranntes PC + Kupfermetall<\/li>\n<li><strong>Rmark:<\/strong> EU\/AU\/UK\/US All-in-One kann in mehr als 170 L\u00e4ndern verwendet werden<\/li>\n<li><strong>Zertifikat:<\/strong> CE, Rohs<\/li>\n<\/ul>","protected":false},"excerpt":{"rendered":"<p>Direkthersteller bieten ma\u00dfgeschneiderte Reiseadapter basierend auf den Vorstellungen des Kunden an. Tats\u00e4chlich ist die Entwicklung von Reisesteckern ein langer Prozess und wir verf\u00fcgen \u00fcber langj\u00e4hrige Erfahrung mit dieser Art von Produkten.<\/p>\n<p>Internationale Steckeradapter sind notwendige Produkte f\u00fcr Reisen in verschiedene L\u00e4nder, da die Ladestecker in verschiedenen L\u00e4ndern unterschiedlich sind. Dieser Adapter umfasst EU-, US-, AUS- und UK-Stecker und kann die Steckeranforderungen der meisten L\u00e4nder erf\u00fcllen. Dieses Modell umfasst 3 Versionen<\/p>\n<p>3USB+1Typ-C 20W<\/p>\n<p>1 USB + 1 Typ C 30 W<\/p>\n<p>2 USB + 2 Typ C 30 W<\/p>\n<p>&nbsp;<\/p>","protected":false},"featured_media":7773,"comment_status":"open","ping_status":"closed","template":"","meta":{"rank_math_lock_modified_date":false,"site-sidebar-layout":"default","site-content-layout":"","ast-site-content-layout":"default","site-content-style":"default","site-sidebar-style":"default","ast-global-header-display":"","ast-banner-title-visibility":"","ast-main-header-display":"","ast-hfb-above-header-display":"","ast-hfb-below-header-display":"","ast-hfb-mobile-header-display":"","site-post-title":"","ast-breadcrumbs-content":"","ast-featured-img":"","footer-sml-layout":"","ast-disable-related-posts":"","theme-transparent-header-meta":"default","adv-header-id-meta":"","stick-header-meta":"","header-above-stick-meta":"","header-main-stick-meta":"","header-below-stick-meta":"","astra-migrate-meta-layouts":"set","ast-page-background-enabled":"default","ast-page-background-meta":{"desktop":{"background-color":"","background-image":"","background-repeat":"repeat","background-position":"center center","background-size":"auto","background-attachment":"scroll","background-type":"","background-media":"","overlay-type":"","overlay-color":"","overlay-opacity":"","overlay-gradient":""},"tablet":{"background-color":"","background-image":"","background-repeat":"repeat","background-position":"center center","background-size":"auto","background-attachment":"scroll","background-type":"","background-media":"","overlay-type":"","overlay-color":"","overlay-opacity":"","overlay-gradient":""},"mobile":{"background-color":"","background-image":"","background-repeat":"repeat","background-position":"center center","background-size":"auto","background-attachment":"scroll","background-type":"","background-media":"","overlay-type":"","overlay-color":"","overlay-opacity":"","overlay-gradient":""}},"ast-content-background-meta":{"desktop":{"background-color":"var(--ast-global-color-5)","background-image":"","background-repeat":"repeat","background-position":"center center","background-size":"auto","background-attachment":"scroll","background-type":"","background-media":"","overlay-type":"","overlay-color":"","overlay-opacity":"","overlay-gradient":""},"tablet":{"background-color":"var(--ast-global-color-5)","background-image":"","background-repeat":"repeat","background-position":"center center","background-size":"auto","background-attachment":"scroll","background-type":"","background-media":"","overlay-type":"","overlay-color":"","overlay-opacity":"","overlay-gradient":""},"mobile":{"background-color":"var(--ast-global-color-5)","background-image":"","background-repeat":"repeat","background-position":"center center","background-size":"auto","background-attachment":"scroll","background-type":"","background-media":"","overlay-type":"","overlay-color":"","overlay-opacity":"","overlay-gradient":""}}},"product_cat":[64],"product_tag":[],"class_list":{"0":"post-7768","1":"product","2":"type-product","3":"status-publish","4":"has-post-thumbnail","6":"product_cat-travel-adapter","7":"desktop-align-center","8":"tablet-align-center","9":"mobile-align-center","11":"first","12":"instock","13":"shipping-taxable","14":"product-type-simple"},"_links":{"self":[{"href":"https:\/\/imiapower.com\/de\/wp-json\/wp\/v2\/product\/7768","targetHints":{"allow":["GET"]}}],"collection":[{"href":"https:\/\/imiapower.com\/de\/wp-json\/wp\/v2\/product"}],"about":[{"href":"https:\/\/imiapower.com\/de\/wp-json\/wp\/v2\/types\/product"}],"replies":[{"embeddable":true,"href":"https:\/\/imiapower.com\/de\/wp-json\/wp\/v2\/comments?post=7768"}],"version-history":[{"count":6,"href":"https:\/\/imiapower.com\/de\/wp-json\/wp\/v2\/product\/7768\/revisions"}],"predecessor-version":[{"id":9199,"href":"https:\/\/imiapower.com\/de\/wp-json\/wp\/v2\/product\/7768\/revisions\/9199"}],"wp:featuredmedia":[{"embeddable":true,"href":"https:\/\/imiapower.com\/de\/wp-json\/wp\/v2\/media\/7773"}],"wp:attachment":[{"href":"https:\/\/imiapower.com\/de\/wp-json\/wp\/v2\/media?parent=7768"}],"wp:term":[{"taxonomy":"product_cat","embeddable":true,"href":"https:\/\/imiapower.com\/de\/wp-json\/wp\/v2\/product_cat?post=7768"},{"taxonomy":"product_tag","embeddable":true,"href":"https:\/\/imiapower.com\/de\/wp-json\/wp\/v2\/product_tag?post=7768"}],"curies":[{"name":"wp","href":"https:\/\/api.w.org\/{rel}","templated":true}]}}