{"id":7960,"date":"2024-06-17T07:24:25","date_gmt":"2024-06-17T07:24:25","guid":{"rendered":"https:\/\/imiapower.com\/?post_type=product&#038;p=7960"},"modified":"2024-11-12T08:13:44","modified_gmt":"2024-11-12T08:13:44","slug":"universal-power-adapter","status":"publish","type":"product","link":"https:\/\/imiapower.com\/de\/products\/travel-adapter\/universal-power-adapter\/","title":{"rendered":"Konstruktiver Universal-Netzadapter vom chinesischen Hersteller"},"content":{"rendered":"<ul>\n<li><strong>Universelles Netzteil<\/strong><\/li>\n<li><strong>AC-Eingang:<\/strong>100~250 V\/Wechselstrom, 50-60 Hz, 0,8 A<\/li>\n<li><strong>AC-Ausgang:<\/strong>10 A max. (1000 W\/100 V oder 2400 W\/240 V)<\/li>\n<li><strong>USB-Ausgang:<\/strong>5 V \/ 2,4 A (MAX. 12 W)<\/li>\n<li><strong>Typ C2\/ C3\/C4 Ausgang:<\/strong> 5 V\/2,4 A (max. 12 W)<\/li>\n<li><strong>Typ C1-Ausgang:<\/strong> 5 V3 A 9 V3 A 12 V3 A 15 V3 A 20 V3,25 A (MAX. 65 W)<\/li>\n<li><strong>Gr\u00f6\u00dfe:<\/strong> 76*50,5*57 mm<\/li>\n<li><strong>Gewicht:<\/strong> Schweinefilet ca. 180g<\/li>\n<li><strong>Material:<\/strong> Gebranntes PC + Kupfermetall<\/li>\n<\/ul>","protected":false},"excerpt":{"rendered":"<p>Die britische Erdung sch\u00fctzt vor Stromschl\u00e4gen und verringert das Risiko von Kurzschl\u00fcssen oder Br\u00e4nden.<\/p>\n<p>Britische Stecker verf\u00fcgen normalerweise \u00fcber einen dritten Erdungsstift, der f\u00fcr die Sicherheit elektrischer Ger\u00e4te wichtig ist, insbesondere bei Reisen in Regionen mit unterschiedlichen elektrischen Standards.<\/p>\n<p>Viele Ger\u00e4te sind f\u00fcr den Einsatz mit geerdeten Steckern ausgelegt. Die Verwendung eines britischen Erdungsadapters gew\u00e4hrleistet die Kompatibilit\u00e4t mit solchen Ger\u00e4ten.<\/p>\n<p>Dies ist besonders wichtig f\u00fcr empfindliche Elektronik oder Ger\u00e4te, die eine stabile elektrische Verbindung ben\u00f6tigen<\/p>\n<p>Moderne Reiseadapter sollten leicht, kompakt und einfach zu verwenden sein. Alte Reiseadapter m\u00fcssen Steckerstifte verschiedener L\u00e4nder aufnehmen. All-in-One-Universalnetzadapter sind mit verschiedenen Steckerstiften an einem Produkt ausgestattet.<\/p>\n<p>universelle Spannungsumwandlung, die es Benutzern erm\u00f6glicht, mehrere Ger\u00e4te gleichzeitig zu laden<\/p>\n<p>Diese Art von Universal-Netzteil ist ein hei\u00df verkaufter Artikel, einschlie\u00dflich Unterhaltungselektronik, Reise und Tourismus sowie Geschenkartikelserien<\/p>\n<p>Die Nachfrage nach effizienten, sicheren und multifunktionalen Reiseadaptern w\u00e4chst weiter und zwingt die Hersteller zu Innovationen und herausragenden Leistungen, um den globalen Bedarf zu decken.<\/p>","protected":false},"featured_media":7961,"comment_status":"open","ping_status":"closed","template":"","meta":{"rank_math_lock_modified_date":false,"site-sidebar-layout":"default","site-content-layout":"","ast-site-content-layout":"default","site-content-style":"default","site-sidebar-style":"default","ast-global-header-display":"","ast-banner-title-visibility":"","ast-main-header-display":"","ast-hfb-above-header-display":"","ast-hfb-below-header-display":"","ast-hfb-mobile-header-display":"","site-post-title":"","ast-breadcrumbs-content":"","ast-featured-img":"","footer-sml-layout":"","ast-disable-related-posts":"","theme-transparent-header-meta":"default","adv-header-id-meta":"","stick-header-meta":"","header-above-stick-meta":"","header-main-stick-meta":"","header-below-stick-meta":"","astra-migrate-meta-layouts":"set","ast-page-background-enabled":"default","ast-page-background-meta":{"desktop":{"background-color":"","background-image":"","background-repeat":"repeat","background-position":"center center","background-size":"auto","background-attachment":"scroll","background-type":"","background-media":"","overlay-type":"","overlay-color":"","overlay-opacity":"","overlay-gradient":""},"tablet":{"background-color":"","background-image":"","background-repeat":"repeat","background-position":"center center","background-size":"auto","background-attachment":"scroll","background-type":"","background-media":"","overlay-type":"","overlay-color":"","overlay-opacity":"","overlay-gradient":""},"mobile":{"background-color":"","background-image":"","background-repeat":"repeat","background-position":"center center","background-size":"auto","background-attachment":"scroll","background-type":"","background-media":"","overlay-type":"","overlay-color":"","overlay-opacity":"","overlay-gradient":""}},"ast-content-background-meta":{"desktop":{"background-color":"var(--ast-global-color-5)","background-image":"","background-repeat":"repeat","background-position":"center center","background-size":"auto","background-attachment":"scroll","background-type":"","background-media":"","overlay-type":"","overlay-color":"","overlay-opacity":"","overlay-gradient":""},"tablet":{"background-color":"var(--ast-global-color-5)","background-image":"","background-repeat":"repeat","background-position":"center center","background-size":"auto","background-attachment":"scroll","background-type":"","background-media":"","overlay-type":"","overlay-color":"","overlay-opacity":"","overlay-gradient":""},"mobile":{"background-color":"var(--ast-global-color-5)","background-image":"","background-repeat":"repeat","background-position":"center center","background-size":"auto","background-attachment":"scroll","background-type":"","background-media":"","overlay-type":"","overlay-color":"","overlay-opacity":"","overlay-gradient":""}}},"product_cat":[64],"product_tag":[],"class_list":{"0":"post-7960","1":"product","2":"type-product","3":"status-publish","4":"has-post-thumbnail","6":"product_cat-travel-adapter","7":"desktop-align-center","8":"tablet-align-center","9":"mobile-align-center","11":"first","12":"instock","13":"shipping-taxable","14":"product-type-simple"},"_links":{"self":[{"href":"https:\/\/imiapower.com\/de\/wp-json\/wp\/v2\/product\/7960","targetHints":{"allow":["GET"]}}],"collection":[{"href":"https:\/\/imiapower.com\/de\/wp-json\/wp\/v2\/product"}],"about":[{"href":"https:\/\/imiapower.com\/de\/wp-json\/wp\/v2\/types\/product"}],"replies":[{"embeddable":true,"href":"https:\/\/imiapower.com\/de\/wp-json\/wp\/v2\/comments?post=7960"}],"version-history":[{"count":6,"href":"https:\/\/imiapower.com\/de\/wp-json\/wp\/v2\/product\/7960\/revisions"}],"predecessor-version":[{"id":8672,"href":"https:\/\/imiapower.com\/de\/wp-json\/wp\/v2\/product\/7960\/revisions\/8672"}],"wp:featuredmedia":[{"embeddable":true,"href":"https:\/\/imiapower.com\/de\/wp-json\/wp\/v2\/media\/7961"}],"wp:attachment":[{"href":"https:\/\/imiapower.com\/de\/wp-json\/wp\/v2\/media?parent=7960"}],"wp:term":[{"taxonomy":"product_cat","embeddable":true,"href":"https:\/\/imiapower.com\/de\/wp-json\/wp\/v2\/product_cat?post=7960"},{"taxonomy":"product_tag","embeddable":true,"href":"https:\/\/imiapower.com\/de\/wp-json\/wp\/v2\/product_tag?post=7960"}],"curies":[{"name":"wp","href":"https:\/\/api.w.org\/{rel}","templated":true}]}}