{"id":8008,"date":"2024-06-19T00:51:20","date_gmt":"2024-06-19T00:51:20","guid":{"rendered":"https:\/\/imiapower.com\/?post_type=product&#038;p=8008"},"modified":"2024-06-19T01:06:42","modified_gmt":"2024-06-19T01:06:42","slug":"adaptors-for-international-travel","status":"publish","type":"product","link":"https:\/\/imiapower.com\/de\/products\/travel-adapter\/adaptors-for-international-travel\/","title":{"rendered":"Kreative Adapter f\u00fcr internationale Reisen, 45 W"},"content":{"rendered":"<ul>\n<li><strong>Adapter f\u00fcr internationale Reisen<\/strong><\/li>\n<li><strong>AC-Eingang:<\/strong>100~250 V\/Wechselstrom, 50-60 Hz, 0,8 A<\/li>\n<li><strong>AC-Ausgang:<\/strong>10 A max. (1000 W\/100 V oder 2400 W\/240 V)<\/li>\n<li><strong>USB-Ausgang:<\/strong> 5 V, 2,4 A (max. 12 W)<\/li>\n<li><strong>Typ C1\/C2\/C3-Ausgang:<\/strong> 5 V, 2,4 A (max. 12 W)<\/li>\n<li><strong>Typ C4-Ausgang:<\/strong> 5 V, 3 A, 9 V, 3 A, 12 V, 3 A, 15 V, 3 A, 20 V, 2,25 A (max. 45 W).<\/li>\n<li><strong>Gr\u00f6\u00dfe:<\/strong>76*50,5*57 mm<\/li>\n<li><strong>Farbe: <\/strong>schwarz \/ wei\u00df \/ gelb \/ gr\u00fcn oder kundenspezifische Farbe<\/li>\n<li><strong>Gewicht:<\/strong>Schweinefilet ca. 180g<\/li>\n<li><strong>Material:<\/strong> Gebranntes PC + Kupfermetall<\/li>\n<li><strong>Zertifikat:<\/strong> UKCA, CE, FCC, RoHS, REACH<\/li>\n<\/ul>","protected":false},"excerpt":{"rendered":"<p>Diese Design-Adapter f\u00fcr internationale Reisen basieren auf einer Schiffscontainer-Idee mit verschiedenen Farben zur Auswahl<\/p>\n<p>Wildes Spannungsdesign von 100 V bis 250 V, das weltweit verwendet werden kann<\/p>\n<p>Dieses Modell kann in den Optionen 20 W\/35 W\/45 W\/65 W hergestellt werden<\/p>\n<p>Mit 4 Typ-C-Ladeanschl\u00fcssen, da Typ-C-Kabel eine wichtige Rolle auf dem Elektronikmarkt spielen, geht unser Design mit dem Markttrend und erf\u00fcllt das Aufladen elektronischer Ger\u00e4te gleichzeitig<\/p>\n<p>Universalsteckdose, geeignet f\u00fcr EU-\/UK-\/US-\/USA-\/S\u00fcdafrika-\/Indien-Stecker, w\u00e4hrend einige Modelle von Mitbewerbern nicht f\u00fcr s\u00fcdafrikanische Stecker geeignet sind<\/p>\n<p><img fetchpriority=\"high\" decoding=\"async\" class=\"alignnone\" src=\"https:\/\/p.globalsources.com\/IMAGES\/PDT\/B6020382707\/international-Travel-Adapter.jpg\" alt=\"Adapter f\u00fcr internationale Reisen\" width=\"448\" height=\"448\" \/><\/p>\n<p>F\u00fcr diese Art von Produkt gew\u00e4hren wir 1 Jahr Garantie<\/p>\n<p>Kostenlose Muster k\u00f6nnen bereitgestellt werden und die Vorlaufzeit f\u00fcr die Massenproduktion betr\u00e4gt etwa 25-30 Tage<\/p>\n<p>&nbsp;<\/p>\n<p>&nbsp;<\/p>\n<p>&nbsp;<\/p>","protected":false},"featured_media":8010,"comment_status":"open","ping_status":"closed","template":"","meta":{"rank_math_lock_modified_date":false,"site-sidebar-layout":"default","site-content-layout":"","ast-site-content-layout":"default","site-content-style":"default","site-sidebar-style":"default","ast-global-header-display":"","ast-banner-title-visibility":"","ast-main-header-display":"","ast-hfb-above-header-display":"","ast-hfb-below-header-display":"","ast-hfb-mobile-header-display":"","site-post-title":"","ast-breadcrumbs-content":"","ast-featured-img":"","footer-sml-layout":"","ast-disable-related-posts":"","theme-transparent-header-meta":"default","adv-header-id-meta":"","stick-header-meta":"","header-above-stick-meta":"","header-main-stick-meta":"","header-below-stick-meta":"","astra-migrate-meta-layouts":"set","ast-page-background-enabled":"default","ast-page-background-meta":{"desktop":{"background-color":"","background-image":"","background-repeat":"repeat","background-position":"center center","background-size":"auto","background-attachment":"scroll","background-type":"","background-media":"","overlay-type":"","overlay-color":"","overlay-opacity":"","overlay-gradient":""},"tablet":{"background-color":"","background-image":"","background-repeat":"repeat","background-position":"center center","background-size":"auto","background-attachment":"scroll","background-type":"","background-media":"","overlay-type":"","overlay-color":"","overlay-opacity":"","overlay-gradient":""},"mobile":{"background-color":"","background-image":"","background-repeat":"repeat","background-position":"center center","background-size":"auto","background-attachment":"scroll","background-type":"","background-media":"","overlay-type":"","overlay-color":"","overlay-opacity":"","overlay-gradient":""}},"ast-content-background-meta":{"desktop":{"background-color":"var(--ast-global-color-5)","background-image":"","background-repeat":"repeat","background-position":"center center","background-size":"auto","background-attachment":"scroll","background-type":"","background-media":"","overlay-type":"","overlay-color":"","overlay-opacity":"","overlay-gradient":""},"tablet":{"background-color":"var(--ast-global-color-5)","background-image":"","background-repeat":"repeat","background-position":"center center","background-size":"auto","background-attachment":"scroll","background-type":"","background-media":"","overlay-type":"","overlay-color":"","overlay-opacity":"","overlay-gradient":""},"mobile":{"background-color":"var(--ast-global-color-5)","background-image":"","background-repeat":"repeat","background-position":"center center","background-size":"auto","background-attachment":"scroll","background-type":"","background-media":"","overlay-type":"","overlay-color":"","overlay-opacity":"","overlay-gradient":""}}},"product_cat":[64],"product_tag":[],"class_list":{"0":"post-8008","1":"product","2":"type-product","3":"status-publish","4":"has-post-thumbnail","6":"product_cat-travel-adapter","7":"desktop-align-center","8":"tablet-align-center","9":"mobile-align-center","11":"first","12":"instock","13":"shipping-taxable","14":"product-type-simple"},"_links":{"self":[{"href":"https:\/\/imiapower.com\/de\/wp-json\/wp\/v2\/product\/8008","targetHints":{"allow":["GET"]}}],"collection":[{"href":"https:\/\/imiapower.com\/de\/wp-json\/wp\/v2\/product"}],"about":[{"href":"https:\/\/imiapower.com\/de\/wp-json\/wp\/v2\/types\/product"}],"replies":[{"embeddable":true,"href":"https:\/\/imiapower.com\/de\/wp-json\/wp\/v2\/comments?post=8008"}],"version-history":[{"count":3,"href":"https:\/\/imiapower.com\/de\/wp-json\/wp\/v2\/product\/8008\/revisions"}],"predecessor-version":[{"id":8016,"href":"https:\/\/imiapower.com\/de\/wp-json\/wp\/v2\/product\/8008\/revisions\/8016"}],"wp:featuredmedia":[{"embeddable":true,"href":"https:\/\/imiapower.com\/de\/wp-json\/wp\/v2\/media\/8010"}],"wp:attachment":[{"href":"https:\/\/imiapower.com\/de\/wp-json\/wp\/v2\/media?parent=8008"}],"wp:term":[{"taxonomy":"product_cat","embeddable":true,"href":"https:\/\/imiapower.com\/de\/wp-json\/wp\/v2\/product_cat?post=8008"},{"taxonomy":"product_tag","embeddable":true,"href":"https:\/\/imiapower.com\/de\/wp-json\/wp\/v2\/product_tag?post=8008"}],"curies":[{"name":"wp","href":"https:\/\/api.w.org\/{rel}","templated":true}]}}