{"id":8069,"date":"2024-07-01T02:22:09","date_gmt":"2024-07-01T02:22:09","guid":{"rendered":"https:\/\/imiapower.com\/?post_type=product&#038;p=8069"},"modified":"2024-07-01T02:25:09","modified_gmt":"2024-07-01T02:25:09","slug":"universal-adapter","status":"publish","type":"product","link":"https:\/\/imiapower.com\/de\/products\/travel-adapter\/universal-adapter\/","title":{"rendered":"Innovativer Universaladapter 30W"},"content":{"rendered":"<ul>\n<li><strong>Universaladapter<\/strong><\/li>\n<li><strong>AC-Eingang:<\/strong> 100\u2013250 V\/Wechselstrom 50\u201360 Hz<\/li>\n<li><strong>AC-Ausgang: <\/strong>6A Max. (660W\/100V oder 1330W\/250V)<\/li>\n<li><strong>PD-Ausgang:<\/strong> 5 V 3 A\/9 V 3 A\/12 V 2,5 A\/15 V 2 A\/20 V 1,5 A (max. 30 W)<\/li>\n<li><strong>QC3.0-Ausgabe:<\/strong> 5V3A\/9V2A\/12V1,5A (Max 18W)<\/li>\n<li><strong>PD+ QC-Ausgabe:<\/strong> 5 V, 4 A (max. 20 W\uff09<\/li>\n<li><strong>\u00a0Gr\u00f6\u00dfe:<\/strong> 50x70x55 mm<\/li>\n<li><strong>Material:<\/strong> Gebranntes PC + Kupfermetall + Gummi\u00f6l<\/li>\n<li><strong>Markieren:<\/strong> EU\/AU\/UK\/US All-in-One kann in \u00fcber 170 L\u00e4ndern verwendet werden<\/li>\n<li><strong>Zertifikat:<\/strong> CE, Rohs<\/li>\n<\/ul>","protected":false},"excerpt":{"rendered":"<p>Dieser Universaladapter ist ein modischer Reiseadapter im Fu\u00dfballdesign mit einem USB Type-C PD 30W Schnellladeger\u00e4t und einem universellen Reisesteckeradapter zum Aufladen auf internationalen Reisen. Sicherstes Design Eingebaute 8A-Sicherung mit automatischer R\u00fcckstellung<\/p>\n<p>All-in-One-Design funktioniert in \u00fcber 170 L\u00e4ndern, darunter Gro\u00dfbritannien, Deutschland, Italien, Europa, Naher\/Ferner Osten, Thailand, Indonesien, Australien, Neuseeland, USA, Kanada, Mexiko und S\u00fcdamerika<\/p>\n<p>Hochleistungsger\u00e4te wie Haartrockner, Gl\u00e4tteisen, B\u00fcgeleisen und Wasserkocher k\u00f6nnen bis zu 10 A\/2000 W verwendet werden. Sie m\u00fcssen die Doppelspannung 110 V\/250 V unterst\u00fctzen. Der Adapter wandelt die Spannung NICHT um.<\/p>\n<p>Vermeiden Sie Sch\u00e4den an Ger\u00e4ten mit \u00dcberhitzungs- und \u00dcberlastschutzschaltungen. Eingebaute 8A-Sicherung mit automatischer R\u00fcckstellung. Sicherer als herk\u00f6mmliche Sicherungen und kein Austauschen der Sicherung erforderlich. Eingebaute Sicherheitsklappen und Steckerverriegelungsdesign. CE FCC ROHS-zertifiziert<\/p>\n<p>&nbsp;<\/p>","protected":false},"featured_media":8071,"comment_status":"open","ping_status":"closed","template":"","meta":{"rank_math_lock_modified_date":false,"site-sidebar-layout":"default","site-content-layout":"","ast-site-content-layout":"default","site-content-style":"default","site-sidebar-style":"default","ast-global-header-display":"","ast-banner-title-visibility":"","ast-main-header-display":"","ast-hfb-above-header-display":"","ast-hfb-below-header-display":"","ast-hfb-mobile-header-display":"","site-post-title":"","ast-breadcrumbs-content":"","ast-featured-img":"","footer-sml-layout":"","ast-disable-related-posts":"","theme-transparent-header-meta":"default","adv-header-id-meta":"","stick-header-meta":"","header-above-stick-meta":"","header-main-stick-meta":"","header-below-stick-meta":"","astra-migrate-meta-layouts":"set","ast-page-background-enabled":"default","ast-page-background-meta":{"desktop":{"background-color":"","background-image":"","background-repeat":"repeat","background-position":"center center","background-size":"auto","background-attachment":"scroll","background-type":"","background-media":"","overlay-type":"","overlay-color":"","overlay-opacity":"","overlay-gradient":""},"tablet":{"background-color":"","background-image":"","background-repeat":"repeat","background-position":"center center","background-size":"auto","background-attachment":"scroll","background-type":"","background-media":"","overlay-type":"","overlay-color":"","overlay-opacity":"","overlay-gradient":""},"mobile":{"background-color":"","background-image":"","background-repeat":"repeat","background-position":"center center","background-size":"auto","background-attachment":"scroll","background-type":"","background-media":"","overlay-type":"","overlay-color":"","overlay-opacity":"","overlay-gradient":""}},"ast-content-background-meta":{"desktop":{"background-color":"var(--ast-global-color-5)","background-image":"","background-repeat":"repeat","background-position":"center center","background-size":"auto","background-attachment":"scroll","background-type":"","background-media":"","overlay-type":"","overlay-color":"","overlay-opacity":"","overlay-gradient":""},"tablet":{"background-color":"var(--ast-global-color-5)","background-image":"","background-repeat":"repeat","background-position":"center center","background-size":"auto","background-attachment":"scroll","background-type":"","background-media":"","overlay-type":"","overlay-color":"","overlay-opacity":"","overlay-gradient":""},"mobile":{"background-color":"var(--ast-global-color-5)","background-image":"","background-repeat":"repeat","background-position":"center center","background-size":"auto","background-attachment":"scroll","background-type":"","background-media":"","overlay-type":"","overlay-color":"","overlay-opacity":"","overlay-gradient":""}}},"product_cat":[64],"product_tag":[],"class_list":{"0":"post-8069","1":"product","2":"type-product","3":"status-publish","4":"has-post-thumbnail","6":"product_cat-travel-adapter","7":"desktop-align-center","8":"tablet-align-center","9":"mobile-align-center","11":"first","12":"instock","13":"shipping-taxable","14":"product-type-simple"},"_links":{"self":[{"href":"https:\/\/imiapower.com\/de\/wp-json\/wp\/v2\/product\/8069","targetHints":{"allow":["GET"]}}],"collection":[{"href":"https:\/\/imiapower.com\/de\/wp-json\/wp\/v2\/product"}],"about":[{"href":"https:\/\/imiapower.com\/de\/wp-json\/wp\/v2\/types\/product"}],"replies":[{"embeddable":true,"href":"https:\/\/imiapower.com\/de\/wp-json\/wp\/v2\/comments?post=8069"}],"version-history":[{"count":3,"href":"https:\/\/imiapower.com\/de\/wp-json\/wp\/v2\/product\/8069\/revisions"}],"predecessor-version":[{"id":8076,"href":"https:\/\/imiapower.com\/de\/wp-json\/wp\/v2\/product\/8069\/revisions\/8076"}],"wp:featuredmedia":[{"embeddable":true,"href":"https:\/\/imiapower.com\/de\/wp-json\/wp\/v2\/media\/8071"}],"wp:attachment":[{"href":"https:\/\/imiapower.com\/de\/wp-json\/wp\/v2\/media?parent=8069"}],"wp:term":[{"taxonomy":"product_cat","embeddable":true,"href":"https:\/\/imiapower.com\/de\/wp-json\/wp\/v2\/product_cat?post=8069"},{"taxonomy":"product_tag","embeddable":true,"href":"https:\/\/imiapower.com\/de\/wp-json\/wp\/v2\/product_tag?post=8069"}],"curies":[{"name":"wp","href":"https:\/\/api.w.org\/{rel}","templated":true}]}}