{"id":8077,"date":"2024-07-01T03:32:03","date_gmt":"2024-07-01T03:32:03","guid":{"rendered":"https:\/\/imiapower.com\/?post_type=product&#038;p=8077"},"modified":"2024-11-15T09:28:01","modified_gmt":"2024-11-15T09:28:01","slug":"universal-plug","status":"publish","type":"product","link":"https:\/\/imiapower.com\/de\/products\/travel-adapter\/universal-plug\/","title":{"rendered":"G\u00fcnstiger Universalstecker 12W Fabrik in China"},"content":{"rendered":"<ul>\n<li><strong>Universalstecker<\/strong><\/li>\n<li><strong>AC-Eingang:<\/strong>110~240 V\/Wechselstrom, 50-60 Hz<\/li>\n<li>\u00a0<strong>AC-Ausgang:<\/strong>6 A max. (660 W\/110 V oder 1440 W\/240 V)<\/li>\n<li><strong>USB-Ausgang:<\/strong>5 V, 2400 mA (gesamt)<\/li>\n<li><strong>Gr\u00f6\u00dfe:<\/strong>64,5 x 53 x 61,5 mm<\/li>\n<li><strong>Material :<\/strong> ABS+ Kupfermetall<\/li>\n<li><strong>Markieren:<\/strong> EU\/AU\/UK\/US All-in-One kann in \u00fcber 170 L\u00e4ndern verwendet werden<\/li>\n<li><strong>Zertifikat:<\/strong> CE, Rohs<\/li>\n<li><strong>Service: <\/strong>1 Jahr Garantie<\/li>\n<li><strong>Paket:<\/strong> individuelle Farbbox oder Blisterbox<\/li>\n<\/ul>","protected":false},"excerpt":{"rendered":"<p>Der Universalstecker ist ein Ladeger\u00e4t, das vier verschiedene Stecker (USA\/AUS\/EU\/UK) umfasst, die dem Steckerstandard der meisten L\u00e4nder entsprechen.<\/p>\n<p>Dieses Modell mit seiner geringen Gr\u00f6\u00dfe und Leichtigkeit, mitzunehmen, wenn wir in verschiedene L\u00e4nder reisen, auch mit seinem g\u00fcnstigen Preis, k\u00f6nnen wir in vielen Reisel\u00e4den und Supermarktketten sehen<\/p>\n<p>Mit der Verbesserung des wirtschaftlichen Niveaus reisen immer mehr Menschen in verschiedene L\u00e4nder, und dies wird zu einem unverzichtbaren Gegenstand f\u00fcr unsere Reisen<\/p>\n<p>&nbsp;<\/p>","protected":false},"featured_media":8084,"comment_status":"open","ping_status":"closed","template":"","meta":{"rank_math_lock_modified_date":false,"site-sidebar-layout":"default","site-content-layout":"","ast-site-content-layout":"default","site-content-style":"default","site-sidebar-style":"default","ast-global-header-display":"","ast-banner-title-visibility":"","ast-main-header-display":"","ast-hfb-above-header-display":"","ast-hfb-below-header-display":"","ast-hfb-mobile-header-display":"","site-post-title":"","ast-breadcrumbs-content":"","ast-featured-img":"","footer-sml-layout":"","ast-disable-related-posts":"","theme-transparent-header-meta":"default","adv-header-id-meta":"","stick-header-meta":"","header-above-stick-meta":"","header-main-stick-meta":"","header-below-stick-meta":"","astra-migrate-meta-layouts":"set","ast-page-background-enabled":"default","ast-page-background-meta":{"desktop":{"background-color":"","background-image":"","background-repeat":"repeat","background-position":"center center","background-size":"auto","background-attachment":"scroll","background-type":"","background-media":"","overlay-type":"","overlay-color":"","overlay-opacity":"","overlay-gradient":""},"tablet":{"background-color":"","background-image":"","background-repeat":"repeat","background-position":"center center","background-size":"auto","background-attachment":"scroll","background-type":"","background-media":"","overlay-type":"","overlay-color":"","overlay-opacity":"","overlay-gradient":""},"mobile":{"background-color":"","background-image":"","background-repeat":"repeat","background-position":"center center","background-size":"auto","background-attachment":"scroll","background-type":"","background-media":"","overlay-type":"","overlay-color":"","overlay-opacity":"","overlay-gradient":""}},"ast-content-background-meta":{"desktop":{"background-color":"var(--ast-global-color-5)","background-image":"","background-repeat":"repeat","background-position":"center center","background-size":"auto","background-attachment":"scroll","background-type":"","background-media":"","overlay-type":"","overlay-color":"","overlay-opacity":"","overlay-gradient":""},"tablet":{"background-color":"var(--ast-global-color-5)","background-image":"","background-repeat":"repeat","background-position":"center center","background-size":"auto","background-attachment":"scroll","background-type":"","background-media":"","overlay-type":"","overlay-color":"","overlay-opacity":"","overlay-gradient":""},"mobile":{"background-color":"var(--ast-global-color-5)","background-image":"","background-repeat":"repeat","background-position":"center center","background-size":"auto","background-attachment":"scroll","background-type":"","background-media":"","overlay-type":"","overlay-color":"","overlay-opacity":"","overlay-gradient":""}}},"product_cat":[64],"product_tag":[],"class_list":{"0":"post-8077","1":"product","2":"type-product","3":"status-publish","4":"has-post-thumbnail","6":"product_cat-travel-adapter","7":"desktop-align-center","8":"tablet-align-center","9":"mobile-align-center","11":"first","12":"instock","13":"shipping-taxable","14":"product-type-simple"},"_links":{"self":[{"href":"https:\/\/imiapower.com\/de\/wp-json\/wp\/v2\/product\/8077","targetHints":{"allow":["GET"]}}],"collection":[{"href":"https:\/\/imiapower.com\/de\/wp-json\/wp\/v2\/product"}],"about":[{"href":"https:\/\/imiapower.com\/de\/wp-json\/wp\/v2\/types\/product"}],"replies":[{"embeddable":true,"href":"https:\/\/imiapower.com\/de\/wp-json\/wp\/v2\/comments?post=8077"}],"version-history":[{"count":4,"href":"https:\/\/imiapower.com\/de\/wp-json\/wp\/v2\/product\/8077\/revisions"}],"predecessor-version":[{"id":8089,"href":"https:\/\/imiapower.com\/de\/wp-json\/wp\/v2\/product\/8077\/revisions\/8089"}],"wp:featuredmedia":[{"embeddable":true,"href":"https:\/\/imiapower.com\/de\/wp-json\/wp\/v2\/media\/8084"}],"wp:attachment":[{"href":"https:\/\/imiapower.com\/de\/wp-json\/wp\/v2\/media?parent=8077"}],"wp:term":[{"taxonomy":"product_cat","embeddable":true,"href":"https:\/\/imiapower.com\/de\/wp-json\/wp\/v2\/product_cat?post=8077"},{"taxonomy":"product_tag","embeddable":true,"href":"https:\/\/imiapower.com\/de\/wp-json\/wp\/v2\/product_tag?post=8077"}],"curies":[{"name":"wp","href":"https:\/\/api.w.org\/{rel}","templated":true}]}}