{"id":8119,"date":"2024-07-12T02:36:37","date_gmt":"2024-07-12T02:36:37","guid":{"rendered":"https:\/\/imiapower.com\/?post_type=product&#038;p=8119"},"modified":"2024-07-24T00:39:12","modified_gmt":"2024-07-24T00:39:12","slug":"travel-smart-adapter","status":"publish","type":"product","link":"https:\/\/imiapower.com\/de\/products\/travel-adapter\/travel-smart-adapter\/","title":{"rendered":"G\u00fcnstiger Reise-Smart-Adapter 20 W aus China"},"content":{"rendered":"<ul>\n<li><strong>Reise-Smart-Adapter<\/strong><\/li>\n<li><strong>USB-Typ-C-Anschl\u00fcsse:\u00a0<\/strong> 5 V\/3 A, 9 V\/2,23 A, 12 V\/1,67 A, 20 V\/1 A, (max. 20 W)<\/li>\n<li><strong>USB-A-Anschl\u00fcsse:<\/strong> Intelligente 5 V\/2,4 A Max,<\/li>\n<li><strong>A\/C-Eingang:<\/strong>100 V \u2013 250 V, 50\/60 Hz<\/li>\n<li><strong>A\/C-Ausgang:<\/strong> 880 W \u2013 110 V\/2000 W \u2013 250 V \/ Sicherung max. 8 A<\/li>\n<li><strong>Produktgr\u00f6\u00dfe:<\/strong> 70*50*55 mm<\/li>\n<li><strong>Materialien:\u00a0<\/strong> Feuerhemmender PC + reines Kupfer<\/li>\n<li><strong>Steckertyp:<\/strong>\u00a0 EU UK US AUS Stecker alles in einem<\/li>\n<li><strong>Buchse:\u00a0<\/strong> Universal weltweit<\/li>\n<li><strong>Geeigneter Bereich:<\/strong>\u00a0 Universell f\u00fcr mehr als 170 L\u00e4nder. Der beste Partner f\u00fcr internationale Reisen.<\/li>\n<li><strong>Erdung:<\/strong> Keine Erdung<\/li>\n<li><strong>Farbe:\u00a0<\/strong> Wei\u00df, Schwarz, Farben anpassen<\/li>\n<li><strong>Qualit\u00e4tsstandard:<\/strong>\u00a0 CE FCC ROHS-Zulassung<\/li>\n<li><strong>Probe Vorlaufzeit:\u00a0<\/strong> Benutzerdefiniertes Logo 3 Tage, benutzerdefinierte Verpackung 5 Tage, benutzerdefiniertes Produktfarbmuster 10 Tage.<\/li>\n<li><strong>Garantie:\u00a0<\/strong> Innerhalb der Garantiezeit von 12 Monaten tauschen wir das defekte Produkt kostenlos gegen ein neues aus.<\/li>\n<li><strong>Kundenspezifische Leistungen:<\/strong>\u00a0 Wir bieten ein kostenloses Design f\u00fcr Ihr OEM-Paket und kostenlosen OEM-Logodruck auf Produkten.<\/li>\n<\/ul>","protected":false},"excerpt":{"rendered":"<p>Der Travel Smart Adapter ist ein weltweit einsetzbarer Adapter, den wir auf unseren Gesch\u00e4ftsreisen in verschiedene L\u00e4nder mitnehmen k\u00f6nnen<\/p>","protected":false},"featured_media":8117,"comment_status":"open","ping_status":"closed","template":"","meta":{"rank_math_lock_modified_date":false,"site-sidebar-layout":"default","site-content-layout":"","ast-site-content-layout":"default","site-content-style":"default","site-sidebar-style":"default","ast-global-header-display":"","ast-banner-title-visibility":"","ast-main-header-display":"","ast-hfb-above-header-display":"","ast-hfb-below-header-display":"","ast-hfb-mobile-header-display":"","site-post-title":"","ast-breadcrumbs-content":"","ast-featured-img":"","footer-sml-layout":"","ast-disable-related-posts":"","theme-transparent-header-meta":"default","adv-header-id-meta":"","stick-header-meta":"","header-above-stick-meta":"","header-main-stick-meta":"","header-below-stick-meta":"","astra-migrate-meta-layouts":"set","ast-page-background-enabled":"default","ast-page-background-meta":{"desktop":{"background-color":"","background-image":"","background-repeat":"repeat","background-position":"center center","background-size":"auto","background-attachment":"scroll","background-type":"","background-media":"","overlay-type":"","overlay-color":"","overlay-opacity":"","overlay-gradient":""},"tablet":{"background-color":"","background-image":"","background-repeat":"repeat","background-position":"center center","background-size":"auto","background-attachment":"scroll","background-type":"","background-media":"","overlay-type":"","overlay-color":"","overlay-opacity":"","overlay-gradient":""},"mobile":{"background-color":"","background-image":"","background-repeat":"repeat","background-position":"center center","background-size":"auto","background-attachment":"scroll","background-type":"","background-media":"","overlay-type":"","overlay-color":"","overlay-opacity":"","overlay-gradient":""}},"ast-content-background-meta":{"desktop":{"background-color":"var(--ast-global-color-5)","background-image":"","background-repeat":"repeat","background-position":"center center","background-size":"auto","background-attachment":"scroll","background-type":"","background-media":"","overlay-type":"","overlay-color":"","overlay-opacity":"","overlay-gradient":""},"tablet":{"background-color":"var(--ast-global-color-5)","background-image":"","background-repeat":"repeat","background-position":"center center","background-size":"auto","background-attachment":"scroll","background-type":"","background-media":"","overlay-type":"","overlay-color":"","overlay-opacity":"","overlay-gradient":""},"mobile":{"background-color":"var(--ast-global-color-5)","background-image":"","background-repeat":"repeat","background-position":"center center","background-size":"auto","background-attachment":"scroll","background-type":"","background-media":"","overlay-type":"","overlay-color":"","overlay-opacity":"","overlay-gradient":""}}},"product_cat":[64],"product_tag":[],"class_list":{"0":"post-8119","1":"product","2":"type-product","3":"status-publish","4":"has-post-thumbnail","6":"product_cat-travel-adapter","7":"desktop-align-center","8":"tablet-align-center","9":"mobile-align-center","11":"first","12":"instock","13":"shipping-taxable","14":"product-type-simple"},"_links":{"self":[{"href":"https:\/\/imiapower.com\/de\/wp-json\/wp\/v2\/product\/8119","targetHints":{"allow":["GET"]}}],"collection":[{"href":"https:\/\/imiapower.com\/de\/wp-json\/wp\/v2\/product"}],"about":[{"href":"https:\/\/imiapower.com\/de\/wp-json\/wp\/v2\/types\/product"}],"replies":[{"embeddable":true,"href":"https:\/\/imiapower.com\/de\/wp-json\/wp\/v2\/comments?post=8119"}],"version-history":[{"count":5,"href":"https:\/\/imiapower.com\/de\/wp-json\/wp\/v2\/product\/8119\/revisions"}],"predecessor-version":[{"id":8125,"href":"https:\/\/imiapower.com\/de\/wp-json\/wp\/v2\/product\/8119\/revisions\/8125"}],"wp:featuredmedia":[{"embeddable":true,"href":"https:\/\/imiapower.com\/de\/wp-json\/wp\/v2\/media\/8117"}],"wp:attachment":[{"href":"https:\/\/imiapower.com\/de\/wp-json\/wp\/v2\/media?parent=8119"}],"wp:term":[{"taxonomy":"product_cat","embeddable":true,"href":"https:\/\/imiapower.com\/de\/wp-json\/wp\/v2\/product_cat?post=8119"},{"taxonomy":"product_tag","embeddable":true,"href":"https:\/\/imiapower.com\/de\/wp-json\/wp\/v2\/product_tag?post=8119"}],"curies":[{"name":"wp","href":"https:\/\/api.w.org\/{rel}","templated":true}]}}