{"id":8303,"date":"2025-02-23T01:12:15","date_gmt":"2025-02-23T01:12:15","guid":{"rendered":"https:\/\/imiapower.com\/?post_type=product&#038;p=8303"},"modified":"2025-03-27T07:40:48","modified_gmt":"2025-03-27T07:40:48","slug":"140w-travel-adapter","status":"publish","type":"product","link":"https:\/\/imiapower.com\/de\/products\/travel-adapter\/140w-travel-adapter\/","title":{"rendered":"Leistungsstarker 140W Reiseadapter aus China-Design"},"content":{"rendered":"<ul>\n<li><strong>\u00a0140-W-Reiseadapter<\/strong><\/li>\n<li><strong>AC-Eingang:<\/strong>100~250 V\/Wechselstrom, 50-60 Hz, 0,8 A<\/li>\n<li><strong>Nennleistung:<\/strong>10 A max. (1100 W\/110 V oder 2500 W\/250 V)<\/li>\n<li><strong>USB-Ausgang:<\/strong> 5V3A\/9V2A\/12V 1,5A (Max 18W)<\/li>\n<li><strong>Smart-Ausgang Typ C3\/C4:<\/strong> 5 V, 3,4 A<\/li>\n<li><strong>Ausgang Typ C1:<\/strong> \u00a05V3A \/ 9V3A \/ 12V3A \/ 15V3A \/ 20V5A \/ 28V5A 140W PPS:5-21V 5A<\/li>\n<li><strong>Typ C2:<\/strong>5V3A \/ 9V3A \/ 12V3A \/ 15V3A \/ 20V5A 100W PPS:5-21V 5A<\/li>\n<li><strong>C1+C2: <\/strong>100W + 35W<\/li>\n<li><strong>Gr\u00f6\u00dfe: <\/strong>90*50,5*57 mm<\/li>\n<li><strong>Zertifikat:<\/strong> UKCA, CE<\/li>\n<\/ul>","protected":false},"excerpt":{"rendered":"<p><img fetchpriority=\"high\" decoding=\"async\" class=\"alignnone wp-image-8646 size-full\" src=\"https:\/\/imiapower.com\/wp-content\/uploads\/Universal-Travel-Adapter-1.jpg\" alt=\"140-W-Reiseadapter\" width=\"800\" height=\"800\" srcset=\"https:\/\/imiapower.com\/wp-content\/uploads\/Universal-Travel-Adapter-1.jpg 800w, https:\/\/imiapower.com\/wp-content\/uploads\/Universal-Travel-Adapter-1-300x300.jpg 300w, https:\/\/imiapower.com\/wp-content\/uploads\/Universal-Travel-Adapter-1-100x100.jpg 100w, https:\/\/imiapower.com\/wp-content\/uploads\/Universal-Travel-Adapter-1-600x600.jpg 600w, https:\/\/imiapower.com\/wp-content\/uploads\/Universal-Travel-Adapter-1-64x64.jpg 64w, https:\/\/imiapower.com\/wp-content\/uploads\/Universal-Travel-Adapter-1-150x150.jpg 150w, https:\/\/imiapower.com\/wp-content\/uploads\/Universal-Travel-Adapter-1-768x768.jpg 768w, https:\/\/imiapower.com\/wp-content\/uploads\/Universal-Travel-Adapter-1-12x12.jpg 12w\" sizes=\"(max-width: 800px) 100vw, 800px\" \/><\/p>\n<p><img decoding=\"async\" class=\"alignnone wp-image-8647 size-full\" src=\"https:\/\/imiapower.com\/wp-content\/uploads\/Universal-Travel-Adapter.jpg\" alt=\"140-W-Reiseadapter\" width=\"800\" height=\"800\" srcset=\"https:\/\/imiapower.com\/wp-content\/uploads\/Universal-Travel-Adapter.jpg 800w, https:\/\/imiapower.com\/wp-content\/uploads\/Universal-Travel-Adapter-300x300.jpg 300w, https:\/\/imiapower.com\/wp-content\/uploads\/Universal-Travel-Adapter-100x100.jpg 100w, https:\/\/imiapower.com\/wp-content\/uploads\/Universal-Travel-Adapter-600x600.jpg 600w, https:\/\/imiapower.com\/wp-content\/uploads\/Universal-Travel-Adapter-64x64.jpg 64w, https:\/\/imiapower.com\/wp-content\/uploads\/Universal-Travel-Adapter-150x150.jpg 150w, https:\/\/imiapower.com\/wp-content\/uploads\/Universal-Travel-Adapter-768x768.jpg 768w, https:\/\/imiapower.com\/wp-content\/uploads\/Universal-Travel-Adapter-12x12.jpg 12w\" sizes=\"(max-width: 800px) 100vw, 800px\" \/><\/p>\n<p>Die Nachfrage nach 140-W-Reiseadaptern steigt, da Hochleistungsmodelle von Marken wie Apple, Dell und HP zunehmend 100 W oder mehr f\u00fcr schnelles Laden ben\u00f6tigen. Die Adapter mit h\u00f6herer Wattzahl unterst\u00fctzen diese Ger\u00e4te effizienter. F\u00fcr Gesch\u00e4ftsleute, die in verschiedene L\u00e4nder reisen, ist Zeit Geld. Sie m\u00fcssen Ger\u00e4te wie Laptops, Smartphones und Notebooks effizient aufladen, damit sie ihre Arbeit erledigen k\u00f6nnen.<\/p>\n<p>Da die Europ\u00e4ische Union USB-C als Standard-Ladeanschluss f\u00fcr elektronische Ger\u00e4te vorschreibt, wird erwartet, dass die Akzeptanz weltweit zunimmt. Dieser Adapter mit 4 USB-C-Ladeanschl\u00fcssen kann den Ladebedarf der Verbraucher decken.<\/p>\n<p>Verbraucher suchen nach minimalistischen L\u00f6sungen, die es ihnen erm\u00f6glichen, einen einzigen Adapter f\u00fcr alle ihre Ger\u00e4te mitzunehmen, insbesondere auf Reisen. Ein 140-W-Adapter kann mehrere Adapter ersetzen und ist daher f\u00fcr Vielreisende, darunter Gesch\u00e4ftsreisende und Touristen, attraktiv.<\/p>\n<p>Dank der GaN-Technologie ist dieser 140-W-Reiseadapter nicht sehr gro\u00df, er ist tragbar und energieeffizient. Er ist ein wertvolles Ladeger\u00e4t, wenn Verbraucher in verschiedene L\u00e4nder reisen.<\/p>\n<p>&nbsp;<\/p>","protected":false},"featured_media":8309,"comment_status":"open","ping_status":"closed","template":"","meta":{"rank_math_lock_modified_date":false,"site-sidebar-layout":"default","site-content-layout":"","ast-site-content-layout":"default","site-content-style":"default","site-sidebar-style":"default","ast-global-header-display":"","ast-banner-title-visibility":"","ast-main-header-display":"","ast-hfb-above-header-display":"","ast-hfb-below-header-display":"","ast-hfb-mobile-header-display":"","site-post-title":"","ast-breadcrumbs-content":"","ast-featured-img":"","footer-sml-layout":"","ast-disable-related-posts":"","theme-transparent-header-meta":"default","adv-header-id-meta":"","stick-header-meta":"","header-above-stick-meta":"","header-main-stick-meta":"","header-below-stick-meta":"","astra-migrate-meta-layouts":"set","ast-page-background-enabled":"default","ast-page-background-meta":{"desktop":{"background-color":"","background-image":"","background-repeat":"repeat","background-position":"center center","background-size":"auto","background-attachment":"scroll","background-type":"","background-media":"","overlay-type":"","overlay-color":"","overlay-opacity":"","overlay-gradient":""},"tablet":{"background-color":"","background-image":"","background-repeat":"repeat","background-position":"center center","background-size":"auto","background-attachment":"scroll","background-type":"","background-media":"","overlay-type":"","overlay-color":"","overlay-opacity":"","overlay-gradient":""},"mobile":{"background-color":"","background-image":"","background-repeat":"repeat","background-position":"center center","background-size":"auto","background-attachment":"scroll","background-type":"","background-media":"","overlay-type":"","overlay-color":"","overlay-opacity":"","overlay-gradient":""}},"ast-content-background-meta":{"desktop":{"background-color":"var(--ast-global-color-5)","background-image":"","background-repeat":"repeat","background-position":"center center","background-size":"auto","background-attachment":"scroll","background-type":"","background-media":"","overlay-type":"","overlay-color":"","overlay-opacity":"","overlay-gradient":""},"tablet":{"background-color":"var(--ast-global-color-5)","background-image":"","background-repeat":"repeat","background-position":"center center","background-size":"auto","background-attachment":"scroll","background-type":"","background-media":"","overlay-type":"","overlay-color":"","overlay-opacity":"","overlay-gradient":""},"mobile":{"background-color":"var(--ast-global-color-5)","background-image":"","background-repeat":"repeat","background-position":"center center","background-size":"auto","background-attachment":"scroll","background-type":"","background-media":"","overlay-type":"","overlay-color":"","overlay-opacity":"","overlay-gradient":""}}},"product_cat":[64],"product_tag":[],"class_list":{"0":"post-8303","1":"product","2":"type-product","3":"status-publish","4":"has-post-thumbnail","6":"product_cat-travel-adapter","7":"desktop-align-center","8":"tablet-align-center","9":"mobile-align-center","11":"first","12":"instock","13":"featured","14":"shipping-taxable","15":"product-type-simple"},"_links":{"self":[{"href":"https:\/\/imiapower.com\/de\/wp-json\/wp\/v2\/product\/8303","targetHints":{"allow":["GET"]}}],"collection":[{"href":"https:\/\/imiapower.com\/de\/wp-json\/wp\/v2\/product"}],"about":[{"href":"https:\/\/imiapower.com\/de\/wp-json\/wp\/v2\/types\/product"}],"replies":[{"embeddable":true,"href":"https:\/\/imiapower.com\/de\/wp-json\/wp\/v2\/comments?post=8303"}],"version-history":[{"count":8,"href":"https:\/\/imiapower.com\/de\/wp-json\/wp\/v2\/product\/8303\/revisions"}],"predecessor-version":[{"id":8312,"href":"https:\/\/imiapower.com\/de\/wp-json\/wp\/v2\/product\/8303\/revisions\/8312"}],"wp:featuredmedia":[{"embeddable":true,"href":"https:\/\/imiapower.com\/de\/wp-json\/wp\/v2\/media\/8309"}],"wp:attachment":[{"href":"https:\/\/imiapower.com\/de\/wp-json\/wp\/v2\/media?parent=8303"}],"wp:term":[{"taxonomy":"product_cat","embeddable":true,"href":"https:\/\/imiapower.com\/de\/wp-json\/wp\/v2\/product_cat?post=8303"},{"taxonomy":"product_tag","embeddable":true,"href":"https:\/\/imiapower.com\/de\/wp-json\/wp\/v2\/product_tag?post=8303"}],"curies":[{"name":"wp","href":"https:\/\/api.w.org\/{rel}","templated":true}]}}