{"id":8314,"date":"2025-02-20T01:34:46","date_gmt":"2025-02-20T01:34:46","guid":{"rendered":"https:\/\/imiapower.com\/?post_type=product&#038;p=8314"},"modified":"2025-06-13T07:24:28","modified_gmt":"2025-06-13T07:24:28","slug":"universal-travel-plug-adaptor","status":"publish","type":"product","link":"https:\/\/imiapower.com\/de\/products\/travel-adapter\/universal-travel-plug-adaptor\/","title":{"rendered":"Beliebter Universal-Reisesteckeradapter im Gro\u00dfhandel"},"content":{"rendered":"<ul>\n<li><strong> Universeller Reisesteckeradapter<\/strong><\/li>\n<li><strong>AC-Eingang:<\/strong>100~250 V\/Wechselstrom, 50-60 Hz, 0,8 A<\/li>\n<li><strong>Nennleistung:<\/strong>10 A max. (1100 W\/110 V oder 2500 W\/250 V)<\/li>\n<li><strong>USB-Ausgang:<\/strong>5V3A\/9V2A\/12V 1,5A (Max 18W)<\/li>\n<li><strong>Smart-Ausgang Typ C3\/C4:<\/strong>5 V, 3,4 A<\/li>\n<li><strong>Ausgang Typ C1:<\/strong> 5V3A \/ 9V3A \/ 12V3A \/ 15V3A \/ 20V5A 100W PPS:5-21V 5A<\/li>\n<li><strong>Typ C2-Ausgang:<\/strong>5V3A \/ 9V3A \/ 12V3A \/ 15V3A \/ 20V5A 100W PPS:5-21V 5A<\/li>\n<li><strong>Gr\u00f6\u00dfe:<\/strong>90*50,5*57 mm<\/li>\n<li><strong>Zertifikat: <\/strong>UKCA, CE<\/li>\n<\/ul>","protected":false},"excerpt":{"rendered":"<p><img fetchpriority=\"high\" decoding=\"async\" class=\"alignnone wp-image-9256 size-full\" src=\"https:\/\/imiapower.com\/wp-content\/uploads\/2-2.jpg\" alt=\"Universeller Reiseadapter\" width=\"800\" height=\"800\" srcset=\"https:\/\/imiapower.com\/wp-content\/uploads\/2-2.jpg 800w, https:\/\/imiapower.com\/wp-content\/uploads\/2-2-300x300.jpg 300w, https:\/\/imiapower.com\/wp-content\/uploads\/2-2-150x150.jpg 150w, https:\/\/imiapower.com\/wp-content\/uploads\/2-2-768x768.jpg 768w, https:\/\/imiapower.com\/wp-content\/uploads\/2-2-12x12.jpg 12w, https:\/\/imiapower.com\/wp-content\/uploads\/2-2-600x600.jpg 600w, https:\/\/imiapower.com\/wp-content\/uploads\/2-2-100x100.jpg 100w, https:\/\/imiapower.com\/wp-content\/uploads\/2-2-64x64.jpg 64w\" sizes=\"(max-width: 800px) 100vw, 800px\" \/><\/p>\n<p>F\u00fcr dieses Geh\u00e4usedesign haben wir zwei verschiedene Leistungsoptionen, eine mit 100 W und eine mit 140 W, die dem Markttrend folgen und dem Verbraucher das beste Ladeerlebnis bieten<\/p>\n<p>Die universelle Reisestecker-Kompatibilit\u00e4t wird immer in mehr als 170 L\u00e4ndern genutzt, mit seinen JP\/US-, AUS-, EU- und UK-Steckdosen<\/p>\n<p>Unsere Fabrik verwendet immer gebrannten PC f\u00fcr die Produktion von High-End-Reiseadaptern, GaN-Technologiedesign und doppelten Sicherungsschutz<\/p>\n<p>Ein universeller Reiseadapter erm\u00f6glicht weltweite Konnektivit\u00e4t und ist ein Ladeger\u00e4t mit breiter Kompatibilit\u00e4t. Er ist eine gute Wahl f\u00fcr Gesch\u00e4ftsreisende auf Auslandsreisen.<\/p>\n<p>100-W-Universaladapter verf\u00fcgen \u00fcber USB-A- und USB-C-Ladeanschl\u00fcsse, sodass Sie Smartphones, Tablets oder andere USB-betriebene Ger\u00e4te gleichzeitig aufladen k\u00f6nnen<\/p>\n<p>Zu den Sicherheitsfunktionen geh\u00f6ren: \u00dcberlastschutz, Kurzschlussschutz, \u00dcberspannungsschutz, feuerfeste Materialien<\/p>\n<p>Anstatt f\u00fcr jedes Land, das Sie besuchen, einen separaten Adapter zu kaufen, sparen Sie mit einem universellen Reisesteckeradapter auf lange Sicht Geld. Er ist eine Komplettl\u00f6sung f\u00fcr Ihre internationalen Reisen.<\/p>","protected":false},"featured_media":8320,"comment_status":"open","ping_status":"closed","template":"","meta":{"rank_math_lock_modified_date":false,"site-sidebar-layout":"default","site-content-layout":"","ast-site-content-layout":"default","site-content-style":"default","site-sidebar-style":"default","ast-global-header-display":"","ast-banner-title-visibility":"","ast-main-header-display":"","ast-hfb-above-header-display":"","ast-hfb-below-header-display":"","ast-hfb-mobile-header-display":"","site-post-title":"","ast-breadcrumbs-content":"","ast-featured-img":"","footer-sml-layout":"","ast-disable-related-posts":"","theme-transparent-header-meta":"default","adv-header-id-meta":"","stick-header-meta":"","header-above-stick-meta":"","header-main-stick-meta":"","header-below-stick-meta":"","astra-migrate-meta-layouts":"set","ast-page-background-enabled":"default","ast-page-background-meta":{"desktop":{"background-color":"","background-image":"","background-repeat":"repeat","background-position":"center center","background-size":"auto","background-attachment":"scroll","background-type":"","background-media":"","overlay-type":"","overlay-color":"","overlay-opacity":"","overlay-gradient":""},"tablet":{"background-color":"","background-image":"","background-repeat":"repeat","background-position":"center center","background-size":"auto","background-attachment":"scroll","background-type":"","background-media":"","overlay-type":"","overlay-color":"","overlay-opacity":"","overlay-gradient":""},"mobile":{"background-color":"","background-image":"","background-repeat":"repeat","background-position":"center center","background-size":"auto","background-attachment":"scroll","background-type":"","background-media":"","overlay-type":"","overlay-color":"","overlay-opacity":"","overlay-gradient":""}},"ast-content-background-meta":{"desktop":{"background-color":"var(--ast-global-color-5)","background-image":"","background-repeat":"repeat","background-position":"center center","background-size":"auto","background-attachment":"scroll","background-type":"","background-media":"","overlay-type":"","overlay-color":"","overlay-opacity":"","overlay-gradient":""},"tablet":{"background-color":"var(--ast-global-color-5)","background-image":"","background-repeat":"repeat","background-position":"center center","background-size":"auto","background-attachment":"scroll","background-type":"","background-media":"","overlay-type":"","overlay-color":"","overlay-opacity":"","overlay-gradient":""},"mobile":{"background-color":"var(--ast-global-color-5)","background-image":"","background-repeat":"repeat","background-position":"center center","background-size":"auto","background-attachment":"scroll","background-type":"","background-media":"","overlay-type":"","overlay-color":"","overlay-opacity":"","overlay-gradient":""}}},"product_cat":[64],"product_tag":[],"class_list":{"0":"post-8314","1":"product","2":"type-product","3":"status-publish","4":"has-post-thumbnail","6":"product_cat-travel-adapter","7":"desktop-align-center","8":"tablet-align-center","9":"mobile-align-center","11":"first","12":"instock","13":"featured","14":"shipping-taxable","15":"product-type-simple"},"_links":{"self":[{"href":"https:\/\/imiapower.com\/de\/wp-json\/wp\/v2\/product\/8314","targetHints":{"allow":["GET"]}}],"collection":[{"href":"https:\/\/imiapower.com\/de\/wp-json\/wp\/v2\/product"}],"about":[{"href":"https:\/\/imiapower.com\/de\/wp-json\/wp\/v2\/types\/product"}],"replies":[{"embeddable":true,"href":"https:\/\/imiapower.com\/de\/wp-json\/wp\/v2\/comments?post=8314"}],"version-history":[{"count":6,"href":"https:\/\/imiapower.com\/de\/wp-json\/wp\/v2\/product\/8314\/revisions"}],"predecessor-version":[{"id":9257,"href":"https:\/\/imiapower.com\/de\/wp-json\/wp\/v2\/product\/8314\/revisions\/9257"}],"wp:featuredmedia":[{"embeddable":true,"href":"https:\/\/imiapower.com\/de\/wp-json\/wp\/v2\/media\/8320"}],"wp:attachment":[{"href":"https:\/\/imiapower.com\/de\/wp-json\/wp\/v2\/media?parent=8314"}],"wp:term":[{"taxonomy":"product_cat","embeddable":true,"href":"https:\/\/imiapower.com\/de\/wp-json\/wp\/v2\/product_cat?post=8314"},{"taxonomy":"product_tag","embeddable":true,"href":"https:\/\/imiapower.com\/de\/wp-json\/wp\/v2\/product_tag?post=8314"}],"curies":[{"name":"wp","href":"https:\/\/api.w.org\/{rel}","templated":true}]}}