{"id":8345,"date":"2024-10-15T07:59:42","date_gmt":"2024-10-15T07:59:42","guid":{"rendered":"https:\/\/imiapower.com\/?post_type=product&#038;p=8345"},"modified":"2024-12-02T00:20:33","modified_gmt":"2024-12-02T00:20:33","slug":"universal-charger-adapter","status":"publish","type":"product","link":"https:\/\/imiapower.com\/de\/products\/travel-adapter\/universal-charger-adapter\/","title":{"rendered":"Privater Universal-Ladeadapter vom chinesischen Hersteller"},"content":{"rendered":"<ul>\n<li><strong>Universal-Ladeadapter<\/strong><\/li>\n<li><strong>AC-Eingang:<\/strong>110~250 V\/Wechselstrom, 50-60 Hz<\/li>\n<li><strong>Nennleistung:<\/strong> 10 A max. (1100 W\/110 V oder 2500 W\/250 V)<\/li>\n<li><strong>USB-Ausgang:<\/strong> 5 V 3 A\/9 V 2 A\/12 V 1,5 A (max. 18 W)<\/li>\n<li><strong>Typ C1\/C2\/C3-Ausgang:<\/strong> 5 V, 3 A (max. 15 W)<\/li>\n<li><strong>Typ C4-Ausgang:<\/strong> 5V3A, 9V3A, 12V2,91A, 15V2,33A, 20V1,75A (max. 35 W)<\/li>\n<li><strong>Aufh\u00e4ngekabel:<\/strong> 20 mm langes C-zu-C-Kabel f\u00fcr Aufh\u00e4nger<\/li>\n<li><strong>Gr\u00f6\u00dfe:<\/strong> 73*50*57 mm<\/li>\n<li><strong>Gewicht:<\/strong> Schweinefleisch-Schinken ca. 160g<\/li>\n<li><strong>Material:<\/strong> gebranntes PC+Kupfermetall<\/li>\n<li><strong>Zertifizierung:<\/strong> UKCA, CE, FCC, RoHS<\/li>\n<\/ul>","protected":false},"excerpt":{"rendered":"<p>Die universelle Kompatibilit\u00e4t des Ladeadapters wird immer in mehr als 170 L\u00e4ndern verwendet, mit seinen JP\/US-, AUS-, EU- und UK-Buchsen<\/p>\n<p>Unsere Fabrik verwendet immer gebrannten PC f\u00fcr die Produktion von High-End-Reiseadaptern, GaN-Technologiedesign und doppelten Sicherungsschutz<\/p>\n<p>Ein universeller Reiseadapter erm\u00f6glicht weltweite Konnektivit\u00e4t und ist ein Ladeger\u00e4t mit breiter Kompatibilit\u00e4t. Er ist eine gute Wahl f\u00fcr Gesch\u00e4ftsreisende auf Auslandsreisen.<\/p>\n<p>F\u00fcr das gleiche Designgeh\u00e4use des Adapters bieten wir unterschiedliche Leistungsabgaben an. Der Kunde kann zwischen 35 W, 45 W und 65 W w\u00e4hlen oder diese auch als Serie verkaufen.<\/p>\n<p>F\u00fcr diesen universellen Ladeadapter bieten wir verschiedene Farboptionen an, darunter Wei\u00df, Schwarz, Rot, Gelb, Gr\u00fcn usw. Wir akzeptieren auch individuelle Farbdesigns<\/p>\n<p>Wir haben auch eine andere Option f\u00fcr das Design, wir k\u00f6nnen den mittleren Typ-C-Ladeanschluss durch einen Lightning-Ladeanschluss ersetzen, da einige Verbraucher immer noch Lightning-Ladeanschl\u00fcsse zum Laden ihrer iPhones verwenden. Wir entwickeln immer All-in-One-Reiseadapter nach den W\u00fcnschen der Verbraucher<\/p>\n<p>&nbsp;<\/p>","protected":false},"featured_media":8349,"comment_status":"open","ping_status":"closed","template":"","meta":{"rank_math_lock_modified_date":false,"site-sidebar-layout":"default","site-content-layout":"","ast-site-content-layout":"default","site-content-style":"default","site-sidebar-style":"default","ast-global-header-display":"","ast-banner-title-visibility":"","ast-main-header-display":"","ast-hfb-above-header-display":"","ast-hfb-below-header-display":"","ast-hfb-mobile-header-display":"","site-post-title":"","ast-breadcrumbs-content":"","ast-featured-img":"","footer-sml-layout":"","ast-disable-related-posts":"","theme-transparent-header-meta":"default","adv-header-id-meta":"","stick-header-meta":"","header-above-stick-meta":"","header-main-stick-meta":"","header-below-stick-meta":"","astra-migrate-meta-layouts":"set","ast-page-background-enabled":"default","ast-page-background-meta":{"desktop":{"background-color":"","background-image":"","background-repeat":"repeat","background-position":"center center","background-size":"auto","background-attachment":"scroll","background-type":"","background-media":"","overlay-type":"","overlay-color":"","overlay-opacity":"","overlay-gradient":""},"tablet":{"background-color":"","background-image":"","background-repeat":"repeat","background-position":"center center","background-size":"auto","background-attachment":"scroll","background-type":"","background-media":"","overlay-type":"","overlay-color":"","overlay-opacity":"","overlay-gradient":""},"mobile":{"background-color":"","background-image":"","background-repeat":"repeat","background-position":"center center","background-size":"auto","background-attachment":"scroll","background-type":"","background-media":"","overlay-type":"","overlay-color":"","overlay-opacity":"","overlay-gradient":""}},"ast-content-background-meta":{"desktop":{"background-color":"var(--ast-global-color-5)","background-image":"","background-repeat":"repeat","background-position":"center center","background-size":"auto","background-attachment":"scroll","background-type":"","background-media":"","overlay-type":"","overlay-color":"","overlay-opacity":"","overlay-gradient":""},"tablet":{"background-color":"var(--ast-global-color-5)","background-image":"","background-repeat":"repeat","background-position":"center center","background-size":"auto","background-attachment":"scroll","background-type":"","background-media":"","overlay-type":"","overlay-color":"","overlay-opacity":"","overlay-gradient":""},"mobile":{"background-color":"var(--ast-global-color-5)","background-image":"","background-repeat":"repeat","background-position":"center center","background-size":"auto","background-attachment":"scroll","background-type":"","background-media":"","overlay-type":"","overlay-color":"","overlay-opacity":"","overlay-gradient":""}}},"product_cat":[64],"product_tag":[],"class_list":{"0":"post-8345","1":"product","2":"type-product","3":"status-publish","4":"has-post-thumbnail","6":"product_cat-travel-adapter","7":"desktop-align-center","8":"tablet-align-center","9":"mobile-align-center","11":"first","12":"instock","13":"shipping-taxable","14":"product-type-simple"},"_links":{"self":[{"href":"https:\/\/imiapower.com\/de\/wp-json\/wp\/v2\/product\/8345","targetHints":{"allow":["GET"]}}],"collection":[{"href":"https:\/\/imiapower.com\/de\/wp-json\/wp\/v2\/product"}],"about":[{"href":"https:\/\/imiapower.com\/de\/wp-json\/wp\/v2\/types\/product"}],"replies":[{"embeddable":true,"href":"https:\/\/imiapower.com\/de\/wp-json\/wp\/v2\/comments?post=8345"}],"version-history":[{"count":4,"href":"https:\/\/imiapower.com\/de\/wp-json\/wp\/v2\/product\/8345\/revisions"}],"predecessor-version":[{"id":8644,"href":"https:\/\/imiapower.com\/de\/wp-json\/wp\/v2\/product\/8345\/revisions\/8644"}],"wp:featuredmedia":[{"embeddable":true,"href":"https:\/\/imiapower.com\/de\/wp-json\/wp\/v2\/media\/8349"}],"wp:attachment":[{"href":"https:\/\/imiapower.com\/de\/wp-json\/wp\/v2\/media?parent=8345"}],"wp:term":[{"taxonomy":"product_cat","embeddable":true,"href":"https:\/\/imiapower.com\/de\/wp-json\/wp\/v2\/product_cat?post=8345"},{"taxonomy":"product_tag","embeddable":true,"href":"https:\/\/imiapower.com\/de\/wp-json\/wp\/v2\/product_tag?post=8345"}],"curies":[{"name":"wp","href":"https:\/\/api.w.org\/{rel}","templated":true}]}}