{"id":8708,"date":"2024-11-29T06:22:29","date_gmt":"2024-11-29T06:22:29","guid":{"rendered":"https:\/\/imiapower.com\/?post_type=product&#038;p=8708"},"modified":"2024-11-29T06:35:46","modified_gmt":"2024-11-29T06:35:46","slug":"power-sockets","status":"publish","type":"product","link":"https:\/\/imiapower.com\/de\/products\/power-strip\/power-sockets\/","title":{"rendered":"leistungsstarke quadratische Steckdosen f\u00fcrs B\u00fcro"},"content":{"rendered":"<ul>\n<li><strong>Steckdosen<\/strong><\/li>\n<li><strong>Nennleistung:<\/strong> 16 A, 220 V ~ 240 V<\/li>\n<li><strong>USB-A+ USB-C Gesamtausgang:<\/strong> \u00a0PD 20W<\/li>\n<li><strong>Einzelner USB-A-Ausgang:<\/strong> \u00a05 V, 3 A, 9 V, 2 A, 12 V, 1,5 A (max. 18 W)<\/li>\n<li><strong>Einzelner USB-C-Ausgang:<\/strong> 5V, 3A 9V, 2,2A 12V, 1,67A (MAX 20W)<\/li>\n<li><strong>Kabel:<\/strong> 3 x 1,5 mm, Kupferdrahtkern, Kabell\u00e4nge 1,8 m<\/li>\n<li><strong>Material:<\/strong> Gebranntes PC + Kupfermetall<\/li>\n<li><strong>Gr\u00f6\u00dfe: <\/strong>82 x 82 x 82 mm<\/li>\n<li><strong>Gewicht:<\/strong> 470g<\/li>\n<li><strong>Zertifizierung:<\/strong> Ce- und Rohs-Zertifizierung<\/li>\n<\/ul>","protected":false},"excerpt":{"rendered":"<p><img fetchpriority=\"high\" decoding=\"async\" class=\"alignnone wp-image-8715 size-full\" src=\"https:\/\/imiapower.com\/wp-content\/uploads\/surge-protector-1.jpg\" alt=\"Steckdosen\" width=\"800\" height=\"800\" srcset=\"https:\/\/imiapower.com\/wp-content\/uploads\/surge-protector-1.jpg 800w, https:\/\/imiapower.com\/wp-content\/uploads\/surge-protector-1-300x300.jpg 300w, https:\/\/imiapower.com\/wp-content\/uploads\/surge-protector-1-100x100.jpg 100w, https:\/\/imiapower.com\/wp-content\/uploads\/surge-protector-1-600x600.jpg 600w, https:\/\/imiapower.com\/wp-content\/uploads\/surge-protector-1-64x64.jpg 64w, https:\/\/imiapower.com\/wp-content\/uploads\/surge-protector-1-150x150.jpg 150w, https:\/\/imiapower.com\/wp-content\/uploads\/surge-protector-1-768x768.jpg 768w, https:\/\/imiapower.com\/wp-content\/uploads\/surge-protector-1-12x12.jpg 12w\" sizes=\"(max-width: 800px) 100vw, 800px\" \/><\/p>\n<p>Diese Steckdose mit 4 Steckerverl\u00e4ngerungen und 4 USB-Anschl\u00fcssen (2 USB A + 2 USB C) ist leicht zu transportieren und platzsparend. USB-Anschl\u00fcsse und Buchsenverl\u00e4ngerungen k\u00f6nnen gleichzeitig verwendet werden<\/p>\n<p>USB-Anschl\u00fcsse sind f\u00fcr iPhone, Samsung und Pad geeignet, und Mehrfachstecker sind f\u00fcr Fernseher, Audiosysteme, Spielekonsolen, Ger\u00e4te usw. geeignet.<\/p>\n<p>Steckdosen mit elektronischer Schutzfunktion des Netzteils, mit \u00dcberspannungsschutz, \u00dcberstromschutz, Kurzschlussschutz und \u00dcberspannungsschutzfunktionen, \u00dcberspannungsschutz kann potenziell gef\u00e4hrliche Situationen verhindern, die elektronische Ger\u00e4te besch\u00e4digen k\u00f6nnen<\/p>","protected":false},"featured_media":8709,"comment_status":"open","ping_status":"closed","template":"","meta":{"rank_math_lock_modified_date":false,"site-sidebar-layout":"default","site-content-layout":"","ast-site-content-layout":"default","site-content-style":"default","site-sidebar-style":"default","ast-global-header-display":"","ast-banner-title-visibility":"","ast-main-header-display":"","ast-hfb-above-header-display":"","ast-hfb-below-header-display":"","ast-hfb-mobile-header-display":"","site-post-title":"","ast-breadcrumbs-content":"","ast-featured-img":"","footer-sml-layout":"","ast-disable-related-posts":"","theme-transparent-header-meta":"default","adv-header-id-meta":"","stick-header-meta":"","header-above-stick-meta":"","header-main-stick-meta":"","header-below-stick-meta":"","astra-migrate-meta-layouts":"set","ast-page-background-enabled":"default","ast-page-background-meta":{"desktop":{"background-color":"","background-image":"","background-repeat":"repeat","background-position":"center center","background-size":"auto","background-attachment":"scroll","background-type":"","background-media":"","overlay-type":"","overlay-color":"","overlay-opacity":"","overlay-gradient":""},"tablet":{"background-color":"","background-image":"","background-repeat":"repeat","background-position":"center center","background-size":"auto","background-attachment":"scroll","background-type":"","background-media":"","overlay-type":"","overlay-color":"","overlay-opacity":"","overlay-gradient":""},"mobile":{"background-color":"","background-image":"","background-repeat":"repeat","background-position":"center center","background-size":"auto","background-attachment":"scroll","background-type":"","background-media":"","overlay-type":"","overlay-color":"","overlay-opacity":"","overlay-gradient":""}},"ast-content-background-meta":{"desktop":{"background-color":"var(--ast-global-color-5)","background-image":"","background-repeat":"repeat","background-position":"center center","background-size":"auto","background-attachment":"scroll","background-type":"","background-media":"","overlay-type":"","overlay-color":"","overlay-opacity":"","overlay-gradient":""},"tablet":{"background-color":"var(--ast-global-color-5)","background-image":"","background-repeat":"repeat","background-position":"center center","background-size":"auto","background-attachment":"scroll","background-type":"","background-media":"","overlay-type":"","overlay-color":"","overlay-opacity":"","overlay-gradient":""},"mobile":{"background-color":"var(--ast-global-color-5)","background-image":"","background-repeat":"repeat","background-position":"center center","background-size":"auto","background-attachment":"scroll","background-type":"","background-media":"","overlay-type":"","overlay-color":"","overlay-opacity":"","overlay-gradient":""}}},"product_cat":[239],"product_tag":[],"class_list":{"0":"post-8708","1":"product","2":"type-product","3":"status-publish","4":"has-post-thumbnail","6":"product_cat-power-strip","7":"desktop-align-center","8":"tablet-align-center","9":"mobile-align-center","11":"first","12":"instock","13":"shipping-taxable","14":"product-type-simple"},"_links":{"self":[{"href":"https:\/\/imiapower.com\/de\/wp-json\/wp\/v2\/product\/8708","targetHints":{"allow":["GET"]}}],"collection":[{"href":"https:\/\/imiapower.com\/de\/wp-json\/wp\/v2\/product"}],"about":[{"href":"https:\/\/imiapower.com\/de\/wp-json\/wp\/v2\/types\/product"}],"replies":[{"embeddable":true,"href":"https:\/\/imiapower.com\/de\/wp-json\/wp\/v2\/comments?post=8708"}],"version-history":[{"count":6,"href":"https:\/\/imiapower.com\/de\/wp-json\/wp\/v2\/product\/8708\/revisions"}],"predecessor-version":[{"id":8716,"href":"https:\/\/imiapower.com\/de\/wp-json\/wp\/v2\/product\/8708\/revisions\/8716"}],"wp:featuredmedia":[{"embeddable":true,"href":"https:\/\/imiapower.com\/de\/wp-json\/wp\/v2\/media\/8709"}],"wp:attachment":[{"href":"https:\/\/imiapower.com\/de\/wp-json\/wp\/v2\/media?parent=8708"}],"wp:term":[{"taxonomy":"product_cat","embeddable":true,"href":"https:\/\/imiapower.com\/de\/wp-json\/wp\/v2\/product_cat?post=8708"},{"taxonomy":"product_tag","embeddable":true,"href":"https:\/\/imiapower.com\/de\/wp-json\/wp\/v2\/product_tag?post=8708"}],"curies":[{"name":"wp","href":"https:\/\/api.w.org\/{rel}","templated":true}]}}