{"id":8717,"date":"2024-11-29T06:51:06","date_gmt":"2024-11-29T06:51:06","guid":{"rendered":"https:\/\/imiapower.com\/?post_type=product&#038;p=8717"},"modified":"2025-06-24T03:19:54","modified_gmt":"2025-06-24T03:19:54","slug":"power-cube","status":"publish","type":"product","link":"https:\/\/imiapower.com\/de\/products\/power-strip\/power-cube\/","title":{"rendered":"Beliebter Power Cube vom chinesischen Hersteller"},"content":{"rendered":"<ul>\n<li><strong>Kraftw\u00fcrfel<\/strong><\/li>\n<li><strong>\u00a0Nennleistung:<\/strong> 16 A, 220 V ~ 240 V<\/li>\n<li><strong>USB-A+ USB-C Gesamtausgang:<\/strong> \u00a0PD 20W<\/li>\n<li><strong>Einzelner USB-A-Ausgang:<\/strong> \u00a05 V, 3 A, 9 V, 2 A, 12 V, 1,5 A (max. 18 W)<\/li>\n<li><strong>Einzelner USB-C-Ausgang:<\/strong> 5V, 3A 9V, 2,2A 12V, 1,67A (MAX 20W)<\/li>\n<li><strong>Material :<\/strong> Gebranntes PC + Kupfermetall<\/li>\n<li><strong>Gr\u00f6\u00dfe :<\/strong>82 x 82 x 82 mm<\/li>\n<li><strong>Gewicht:<\/strong> 158g<\/li>\n<li><strong>Standard:<\/strong> Schuko-Standard f\u00fcr den europ\u00e4ischen Markt<\/li>\n<li><strong>Zertifizierung:<\/strong>\u00a0 Ce- und Rohs-Zertifikat<\/li>\n<\/ul>","protected":false},"excerpt":{"rendered":"<p><img fetchpriority=\"high\" decoding=\"async\" class=\"alignnone wp-image-8722 size-full\" src=\"https:\/\/imiapower.com\/wp-content\/uploads\/surge-protector.jpg\" alt=\"Kraftw\u00fcrfel\" width=\"800\" height=\"800\" srcset=\"https:\/\/imiapower.com\/wp-content\/uploads\/surge-protector.jpg 800w, https:\/\/imiapower.com\/wp-content\/uploads\/surge-protector-300x300.jpg 300w, https:\/\/imiapower.com\/wp-content\/uploads\/surge-protector-100x100.jpg 100w, https:\/\/imiapower.com\/wp-content\/uploads\/surge-protector-600x600.jpg 600w, https:\/\/imiapower.com\/wp-content\/uploads\/surge-protector-64x64.jpg 64w, https:\/\/imiapower.com\/wp-content\/uploads\/surge-protector-150x150.jpg 150w, https:\/\/imiapower.com\/wp-content\/uploads\/surge-protector-768x768.jpg 768w, https:\/\/imiapower.com\/wp-content\/uploads\/surge-protector-12x12.jpg 12w\" sizes=\"(max-width: 800px) 100vw, 800px\" \/><\/p>\n<p>Der Power Cube, eine intelligente und platzsparende L\u00f6sung f\u00fcr alle Ihre Lade- und Konnektivit\u00e4tsanforderungen<\/p>\n<p>Mit seiner w\u00fcrfelf\u00f6rmigen, kompakten Bauweise passt der Power Cube perfekt auf Ihren Schreibtisch. Verabschieden Sie sich von Kabelsalat und sperrigen Steckdosenleisten, die Ihren Platz verstopfen<\/p>\n<p>Mit mehreren AC-Steckdosen, USB-Anschl\u00fcssen und optionaler USB-C-Konnektivit\u00e4t k\u00f6nnen Sie mehrere Ger\u00e4te gleichzeitig aufladen. Perfekt f\u00fcr Smartphones, Tablets, Laptops, Smartwatches und mehr<\/p>\n<p>Bis zu 4 AC-Steckdosen und 4 USB-Anschl\u00fcsse zur Stromversorgung aller Ihrer Ger\u00e4te<\/p>\n<p>Schaffen Sie Ordnung am Arbeitsplatz und versorgen Sie Ihre Ger\u00e4te mit Strom<\/p>","protected":false},"featured_media":8718,"comment_status":"open","ping_status":"closed","template":"","meta":{"rank_math_lock_modified_date":false,"site-sidebar-layout":"default","site-content-layout":"","ast-site-content-layout":"default","site-content-style":"default","site-sidebar-style":"default","ast-global-header-display":"","ast-banner-title-visibility":"","ast-main-header-display":"","ast-hfb-above-header-display":"","ast-hfb-below-header-display":"","ast-hfb-mobile-header-display":"","site-post-title":"","ast-breadcrumbs-content":"","ast-featured-img":"","footer-sml-layout":"","ast-disable-related-posts":"","theme-transparent-header-meta":"default","adv-header-id-meta":"","stick-header-meta":"","header-above-stick-meta":"","header-main-stick-meta":"","header-below-stick-meta":"","astra-migrate-meta-layouts":"set","ast-page-background-enabled":"default","ast-page-background-meta":{"desktop":{"background-color":"","background-image":"","background-repeat":"repeat","background-position":"center center","background-size":"auto","background-attachment":"scroll","background-type":"","background-media":"","overlay-type":"","overlay-color":"","overlay-opacity":"","overlay-gradient":""},"tablet":{"background-color":"","background-image":"","background-repeat":"repeat","background-position":"center center","background-size":"auto","background-attachment":"scroll","background-type":"","background-media":"","overlay-type":"","overlay-color":"","overlay-opacity":"","overlay-gradient":""},"mobile":{"background-color":"","background-image":"","background-repeat":"repeat","background-position":"center center","background-size":"auto","background-attachment":"scroll","background-type":"","background-media":"","overlay-type":"","overlay-color":"","overlay-opacity":"","overlay-gradient":""}},"ast-content-background-meta":{"desktop":{"background-color":"var(--ast-global-color-5)","background-image":"","background-repeat":"repeat","background-position":"center center","background-size":"auto","background-attachment":"scroll","background-type":"","background-media":"","overlay-type":"","overlay-color":"","overlay-opacity":"","overlay-gradient":""},"tablet":{"background-color":"var(--ast-global-color-5)","background-image":"","background-repeat":"repeat","background-position":"center center","background-size":"auto","background-attachment":"scroll","background-type":"","background-media":"","overlay-type":"","overlay-color":"","overlay-opacity":"","overlay-gradient":""},"mobile":{"background-color":"var(--ast-global-color-5)","background-image":"","background-repeat":"repeat","background-position":"center center","background-size":"auto","background-attachment":"scroll","background-type":"","background-media":"","overlay-type":"","overlay-color":"","overlay-opacity":"","overlay-gradient":""}}},"product_cat":[239],"product_tag":[],"class_list":{"0":"post-8717","1":"product","2":"type-product","3":"status-publish","4":"has-post-thumbnail","6":"product_cat-power-strip","7":"desktop-align-center","8":"tablet-align-center","9":"mobile-align-center","11":"first","12":"instock","13":"shipping-taxable","14":"product-type-simple"},"_links":{"self":[{"href":"https:\/\/imiapower.com\/de\/wp-json\/wp\/v2\/product\/8717","targetHints":{"allow":["GET"]}}],"collection":[{"href":"https:\/\/imiapower.com\/de\/wp-json\/wp\/v2\/product"}],"about":[{"href":"https:\/\/imiapower.com\/de\/wp-json\/wp\/v2\/types\/product"}],"replies":[{"embeddable":true,"href":"https:\/\/imiapower.com\/de\/wp-json\/wp\/v2\/comments?post=8717"}],"version-history":[{"count":3,"href":"https:\/\/imiapower.com\/de\/wp-json\/wp\/v2\/product\/8717\/revisions"}],"predecessor-version":[{"id":8723,"href":"https:\/\/imiapower.com\/de\/wp-json\/wp\/v2\/product\/8717\/revisions\/8723"}],"wp:featuredmedia":[{"embeddable":true,"href":"https:\/\/imiapower.com\/de\/wp-json\/wp\/v2\/media\/8718"}],"wp:attachment":[{"href":"https:\/\/imiapower.com\/de\/wp-json\/wp\/v2\/media?parent=8717"}],"wp:term":[{"taxonomy":"product_cat","embeddable":true,"href":"https:\/\/imiapower.com\/de\/wp-json\/wp\/v2\/product_cat?post=8717"},{"taxonomy":"product_tag","embeddable":true,"href":"https:\/\/imiapower.com\/de\/wp-json\/wp\/v2\/product_tag?post=8717"}],"curies":[{"name":"wp","href":"https:\/\/api.w.org\/{rel}","templated":true}]}}