{"id":9258,"date":"2025-06-13T08:53:33","date_gmt":"2025-06-13T08:53:33","guid":{"rendered":"https:\/\/imiapower.com\/?post_type=product&#038;p=9258"},"modified":"2025-06-14T03:20:26","modified_gmt":"2025-06-14T03:20:26","slug":"best-worldwide-travel-adaptor","status":"publish","type":"product","link":"https:\/\/imiapower.com\/de\/products\/travel-adapter\/best-worldwide-travel-adaptor\/","title":{"rendered":"Bester weltweiter Reiseadapter 35 W \u2013 schnell, kompakt und universell"},"content":{"rendered":"<ul>\n<li><strong>Bester weltweiter Reiseadapter<\/strong><\/li>\n<li><strong>AC-Eingang:<\/strong> 100~250 V\/Wechselstrom, 50-60 Hz, 0,8 A<\/li>\n<li><strong>AC-Ausgang:<\/strong>10 A max. (1000 W\/100 V oder 2400 W\/240 V)<\/li>\n<li><strong>Einzelner USB-Ausgang:<\/strong> 5 V, 3 A, 9 V, 2 A, 12 V, 1,5 A (max. 18 W)<\/li>\n<li><strong>Einzelner Typ-C-Ausgang:<\/strong> 5 V, 3 A 9 V, 3 A 12 V, 2,91 A 15 V, 2,33 A 20 V, 1,75 A (MAX. 35 W)<\/li>\n<li><strong>Gr\u00f6\u00dfe:<\/strong> 74 x 50,5 x 53,9 mm<\/li>\n<li><strong>Farbe:<\/strong> Schwarz<\/li>\n<li><strong>Gewicht:<\/strong> Schweinefleisch-Schinken ca. 170g<\/li>\n<li><strong>Material :<\/strong> Gebranntes PC + Kupfermetall<\/li>\n<li><strong>Zertifikat:<\/strong> \u00a0 CE, FCC, ROHs, REACH<\/li>\n<\/ul>","protected":false},"excerpt":{"rendered":"<p><img fetchpriority=\"high\" decoding=\"async\" class=\"alignnone wp-image-9264 size-full\" src=\"https:\/\/imiapower.com\/wp-content\/uploads\/converted-6.webp\" alt=\"bester weltweiter Reiseadapter\" width=\"1024\" height=\"1024\" srcset=\"https:\/\/imiapower.com\/wp-content\/uploads\/converted-6.webp 1024w, https:\/\/imiapower.com\/wp-content\/uploads\/converted-6-300x300.webp 300w, https:\/\/imiapower.com\/wp-content\/uploads\/converted-6-150x150.webp 150w, https:\/\/imiapower.com\/wp-content\/uploads\/converted-6-768x768.webp 768w, https:\/\/imiapower.com\/wp-content\/uploads\/converted-6-12x12.webp 12w, https:\/\/imiapower.com\/wp-content\/uploads\/converted-6-600x600.webp 600w, https:\/\/imiapower.com\/wp-content\/uploads\/converted-6-100x100.webp 100w, https:\/\/imiapower.com\/wp-content\/uploads\/converted-6-64x64.webp 64w\" sizes=\"(max-width: 1024px) 100vw, 1024px\" \/><\/p>\n<p>W\u00e4hrend leistungsstarke Reiseadapter wie 100-W-Modelle immer beliebter werden, bleibt der 35-W-USB-C-Reiseadapter eine der beliebtesten und praktischsten Optionen f\u00fcr Weltreisende. Er bietet ein perfektes Gleichgewicht zwischen Leistung, Mobilit\u00e4t und Preis.<\/p>\n<p>Dank universeller Steckerkompatibilit\u00e4t, schnellem USB-C- und Multiport-Laden sowie einem kompakten Design ist es ideal f\u00fcr Smartphones, Tablets und andere Alltagsger\u00e4te.<\/p>\n<p>Egal, ob Sie nach Europa, Asien oder Amerika reisen, dieser beste weltweite Reiseadapter bietet zuverl\u00e4ssiges Laden ohne viel Platz oder hohe Kosten<\/p>","protected":false},"featured_media":9261,"comment_status":"open","ping_status":"closed","template":"","meta":{"rank_math_lock_modified_date":false,"site-sidebar-layout":"default","site-content-layout":"","ast-site-content-layout":"default","site-content-style":"default","site-sidebar-style":"default","ast-global-header-display":"","ast-banner-title-visibility":"","ast-main-header-display":"","ast-hfb-above-header-display":"","ast-hfb-below-header-display":"","ast-hfb-mobile-header-display":"","site-post-title":"","ast-breadcrumbs-content":"","ast-featured-img":"","footer-sml-layout":"","ast-disable-related-posts":"","theme-transparent-header-meta":"default","adv-header-id-meta":"","stick-header-meta":"","header-above-stick-meta":"","header-main-stick-meta":"","header-below-stick-meta":"","astra-migrate-meta-layouts":"set","ast-page-background-enabled":"default","ast-page-background-meta":{"desktop":{"background-color":"","background-image":"","background-repeat":"repeat","background-position":"center center","background-size":"auto","background-attachment":"scroll","background-type":"","background-media":"","overlay-type":"","overlay-color":"","overlay-opacity":"","overlay-gradient":""},"tablet":{"background-color":"","background-image":"","background-repeat":"repeat","background-position":"center center","background-size":"auto","background-attachment":"scroll","background-type":"","background-media":"","overlay-type":"","overlay-color":"","overlay-opacity":"","overlay-gradient":""},"mobile":{"background-color":"","background-image":"","background-repeat":"repeat","background-position":"center center","background-size":"auto","background-attachment":"scroll","background-type":"","background-media":"","overlay-type":"","overlay-color":"","overlay-opacity":"","overlay-gradient":""}},"ast-content-background-meta":{"desktop":{"background-color":"var(--ast-global-color-5)","background-image":"","background-repeat":"repeat","background-position":"center center","background-size":"auto","background-attachment":"scroll","background-type":"","background-media":"","overlay-type":"","overlay-color":"","overlay-opacity":"","overlay-gradient":""},"tablet":{"background-color":"var(--ast-global-color-5)","background-image":"","background-repeat":"repeat","background-position":"center center","background-size":"auto","background-attachment":"scroll","background-type":"","background-media":"","overlay-type":"","overlay-color":"","overlay-opacity":"","overlay-gradient":""},"mobile":{"background-color":"var(--ast-global-color-5)","background-image":"","background-repeat":"repeat","background-position":"center center","background-size":"auto","background-attachment":"scroll","background-type":"","background-media":"","overlay-type":"","overlay-color":"","overlay-opacity":"","overlay-gradient":""}}},"product_cat":[64],"product_tag":[],"class_list":{"0":"post-9258","1":"product","2":"type-product","3":"status-publish","4":"has-post-thumbnail","6":"product_cat-travel-adapter","7":"desktop-align-center","8":"tablet-align-center","9":"mobile-align-center","11":"first","12":"instock","13":"featured","14":"shipping-taxable","15":"product-type-simple"},"_links":{"self":[{"href":"https:\/\/imiapower.com\/de\/wp-json\/wp\/v2\/product\/9258","targetHints":{"allow":["GET"]}}],"collection":[{"href":"https:\/\/imiapower.com\/de\/wp-json\/wp\/v2\/product"}],"about":[{"href":"https:\/\/imiapower.com\/de\/wp-json\/wp\/v2\/types\/product"}],"replies":[{"embeddable":true,"href":"https:\/\/imiapower.com\/de\/wp-json\/wp\/v2\/comments?post=9258"}],"version-history":[{"count":2,"href":"https:\/\/imiapower.com\/de\/wp-json\/wp\/v2\/product\/9258\/revisions"}],"predecessor-version":[{"id":9266,"href":"https:\/\/imiapower.com\/de\/wp-json\/wp\/v2\/product\/9258\/revisions\/9266"}],"wp:featuredmedia":[{"embeddable":true,"href":"https:\/\/imiapower.com\/de\/wp-json\/wp\/v2\/media\/9261"}],"wp:attachment":[{"href":"https:\/\/imiapower.com\/de\/wp-json\/wp\/v2\/media?parent=9258"}],"wp:term":[{"taxonomy":"product_cat","embeddable":true,"href":"https:\/\/imiapower.com\/de\/wp-json\/wp\/v2\/product_cat?post=9258"},{"taxonomy":"product_tag","embeddable":true,"href":"https:\/\/imiapower.com\/de\/wp-json\/wp\/v2\/product_tag?post=9258"}],"curies":[{"name":"wp","href":"https:\/\/api.w.org\/{rel}","templated":true}]}}