{"id":9431,"date":"2025-07-12T07:00:15","date_gmt":"2025-07-12T07:00:15","guid":{"rendered":"https:\/\/imiapower.com\/?post_type=product&#038;p=9431"},"modified":"2025-07-12T07:03:42","modified_gmt":"2025-07-12T07:03:42","slug":"30w-car-charger-with-usb-c","status":"publish","type":"product","link":"https:\/\/imiapower.com\/de\/products\/car-charger\/30w-car-charger-with-usb-c\/","title":{"rendered":"30-W-Autoladeger\u00e4t mit USB-C PD und zwei USB-A-Anschl\u00fcssen | Schnelles Laden"},"content":{"rendered":"<ul>\n<li><strong>Autoladeger\u00e4t mit USB-C<\/strong><\/li>\n<li><strong>Eingabe:<\/strong> Gleichstrom 12-24 V<\/li>\n<li><strong>Ausgang USB-A1&amp;A2:<\/strong> 12 W, max. 5 V, 2,4 A<\/li>\n<li><strong>USB-C: 18 W max.:<\/strong> 12 V 1,5 A \/ 9 V 2 A \/ 5 V 3 A<\/li>\n<li><strong>Gesamtleistung:<\/strong> 30 W max.: USB-A1 und A2: 5 V 2,4 A USB-C: 12 V 1,5 A \/ 9 V 2 A \/ 5 V 3 A<\/li>\n<li><strong>Material:<\/strong> Aluminiumlegierung, halogenfreies feuerfestes PC, PCBA<\/li>\n<li><strong>Zertifizierung:<\/strong> CE\/FCC\/ROHS<\/li>\n<li><strong>Gr\u00f6\u00dfe:<\/strong> 25,2*41,2*65,3 mm<\/li>\n<li><strong>Gef\u00fchrt:<\/strong> Blaues Licht<\/li>\n<\/ul>","protected":false},"excerpt":{"rendered":"<p>Kompaktes 3-Port-Autoladeger\u00e4t (USB-C + 2\u00d7USB-A) mit maximal 30 W Leistung. Unterst\u00fctzt Schnellladen f\u00fcr Smartphones und Tablets. Feuerfestes Geh\u00e4use mit blauer LED.<\/p>\n<p><img fetchpriority=\"high\" decoding=\"async\" class=\"alignnone wp-image-9433 size-full\" src=\"https:\/\/imiapower.com\/wp-content\/uploads\/converted-2-6.webp\" alt=\"Autoladeger\u00e4t mit USB-C\" width=\"730\" height=\"410\" srcset=\"https:\/\/imiapower.com\/wp-content\/uploads\/converted-2-6.webp 730w, https:\/\/imiapower.com\/wp-content\/uploads\/converted-2-6-300x168.webp 300w, https:\/\/imiapower.com\/wp-content\/uploads\/converted-2-6-18x10.webp 18w, https:\/\/imiapower.com\/wp-content\/uploads\/converted-2-6-600x337.webp 600w, https:\/\/imiapower.com\/wp-content\/uploads\/converted-2-6-64x36.webp 64w\" sizes=\"(max-width: 730px) 100vw, 730px\" \/><\/p>","protected":false},"featured_media":9434,"comment_status":"open","ping_status":"closed","template":"","meta":{"rank_math_lock_modified_date":false,"site-sidebar-layout":"default","site-content-layout":"","ast-site-content-layout":"default","site-content-style":"default","site-sidebar-style":"default","ast-global-header-display":"","ast-banner-title-visibility":"","ast-main-header-display":"","ast-hfb-above-header-display":"","ast-hfb-below-header-display":"","ast-hfb-mobile-header-display":"","site-post-title":"","ast-breadcrumbs-content":"","ast-featured-img":"","footer-sml-layout":"","ast-disable-related-posts":"","theme-transparent-header-meta":"default","adv-header-id-meta":"","stick-header-meta":"","header-above-stick-meta":"","header-main-stick-meta":"","header-below-stick-meta":"","astra-migrate-meta-layouts":"set","ast-page-background-enabled":"default","ast-page-background-meta":{"desktop":{"background-color":"","background-image":"","background-repeat":"repeat","background-position":"center center","background-size":"auto","background-attachment":"scroll","background-type":"","background-media":"","overlay-type":"","overlay-color":"","overlay-opacity":"","overlay-gradient":""},"tablet":{"background-color":"","background-image":"","background-repeat":"repeat","background-position":"center center","background-size":"auto","background-attachment":"scroll","background-type":"","background-media":"","overlay-type":"","overlay-color":"","overlay-opacity":"","overlay-gradient":""},"mobile":{"background-color":"","background-image":"","background-repeat":"repeat","background-position":"center center","background-size":"auto","background-attachment":"scroll","background-type":"","background-media":"","overlay-type":"","overlay-color":"","overlay-opacity":"","overlay-gradient":""}},"ast-content-background-meta":{"desktop":{"background-color":"var(--ast-global-color-5)","background-image":"","background-repeat":"repeat","background-position":"center center","background-size":"auto","background-attachment":"scroll","background-type":"","background-media":"","overlay-type":"","overlay-color":"","overlay-opacity":"","overlay-gradient":""},"tablet":{"background-color":"var(--ast-global-color-5)","background-image":"","background-repeat":"repeat","background-position":"center center","background-size":"auto","background-attachment":"scroll","background-type":"","background-media":"","overlay-type":"","overlay-color":"","overlay-opacity":"","overlay-gradient":""},"mobile":{"background-color":"var(--ast-global-color-5)","background-image":"","background-repeat":"repeat","background-position":"center center","background-size":"auto","background-attachment":"scroll","background-type":"","background-media":"","overlay-type":"","overlay-color":"","overlay-opacity":"","overlay-gradient":""}}},"product_cat":[41],"product_tag":[],"class_list":{"0":"post-9431","1":"product","2":"type-product","3":"status-publish","4":"has-post-thumbnail","6":"product_cat-car-charger","7":"desktop-align-center","8":"tablet-align-center","9":"mobile-align-center","11":"first","12":"instock","13":"shipping-taxable","14":"product-type-simple"},"_links":{"self":[{"href":"https:\/\/imiapower.com\/de\/wp-json\/wp\/v2\/product\/9431","targetHints":{"allow":["GET"]}}],"collection":[{"href":"https:\/\/imiapower.com\/de\/wp-json\/wp\/v2\/product"}],"about":[{"href":"https:\/\/imiapower.com\/de\/wp-json\/wp\/v2\/types\/product"}],"replies":[{"embeddable":true,"href":"https:\/\/imiapower.com\/de\/wp-json\/wp\/v2\/comments?post=9431"}],"version-history":[{"count":3,"href":"https:\/\/imiapower.com\/de\/wp-json\/wp\/v2\/product\/9431\/revisions"}],"predecessor-version":[{"id":9438,"href":"https:\/\/imiapower.com\/de\/wp-json\/wp\/v2\/product\/9431\/revisions\/9438"}],"wp:featuredmedia":[{"embeddable":true,"href":"https:\/\/imiapower.com\/de\/wp-json\/wp\/v2\/media\/9434"}],"wp:attachment":[{"href":"https:\/\/imiapower.com\/de\/wp-json\/wp\/v2\/media?parent=9431"}],"wp:term":[{"taxonomy":"product_cat","embeddable":true,"href":"https:\/\/imiapower.com\/de\/wp-json\/wp\/v2\/product_cat?post=9431"},{"taxonomy":"product_tag","embeddable":true,"href":"https:\/\/imiapower.com\/de\/wp-json\/wp\/v2\/product_tag?post=9431"}],"curies":[{"name":"wp","href":"https:\/\/api.w.org\/{rel}","templated":true}]}}