{"id":9460,"date":"2025-07-14T09:22:12","date_gmt":"2025-07-14T09:22:12","guid":{"rendered":"https:\/\/imiapower.com\/?post_type=product&#038;p=9460"},"modified":"2025-07-14T09:22:47","modified_gmt":"2025-07-14T09:22:47","slug":"universal-travel-outlet-35w","status":"publish","type":"product","link":"https:\/\/imiapower.com\/de\/products\/travel-adapter\/universal-travel-outlet-35w\/","title":{"rendered":"Universelle Reisesteckdose mit USB, USB-C PD 35 W, AC-Buchse \u2013 weltweite Kompatibilit\u00e4t"},"content":{"rendered":"<ul>\n<li><strong>Eingangsspannung:<\/strong>110~250 V\/Wechselstrom, 50-60 Hz<\/li>\n<li><strong>AC-Ausgang:<\/strong>10 A max. (1000 W\/100 V oder 2400 W\/240 V)<\/li>\n<li><strong>USB-Ausgang:<\/strong> 5 V 3 A\/9 V 2 A\/12 V 1,5 A (max. 18 W)<\/li>\n<li><strong>Typ C1-Ausgang:<\/strong>5 V, 3 A 9 V, 3 A 12 V, 2,91 A 15 V, 2,33 A 20 V, 1,75 A (MAX. 35 W)<\/li>\n<li><strong>Ausgang Typ C2:<\/strong> 5V1A 5W<\/li>\n<li><strong>Kabel C3:<\/strong>5 V, 3 A 9 V, 3 A 12 V, 2,91 A 15 V, 2,33 A 20 V, 1,75 A (MAX. 35 W)<\/li>\n<li><strong>C1\/C2+C3:<\/strong> 20 W + 5 W<\/li>\n<li><strong>C1+C2+C3+USB:<\/strong>20W+15W<\/li>\n<li><strong>C3+USB:<\/strong>5V3A<\/li>\n<li><strong>Gewicht:<\/strong>248 g<\/li>\n<li><strong>Material :<\/strong> Gebranntes PC + Kupfermetall<\/li>\n<li><strong>Zertifikat:<\/strong> FCC, CE<\/li>\n<\/ul>","protected":false},"excerpt":{"rendered":"<p>Reisen Sie intelligenter mit diesem universellen Reise-Outlet, das auf Komfort, Sicherheit und Geschwindigkeit ausgelegt ist.<\/p>\n<p>Dieser Adapter ist mit einem 110\u2013250-V-Wechselstromeingang kompatibel und bietet eine Ausgangsleistung von bis zu 2400 W. Er ist ideal f\u00fcr internationale Reisen.<\/p>\n<p>Es verf\u00fcgt \u00fcber ein Multiport-Design, darunter einen USB-A (18 W), zwei USB-C-Anschl\u00fcsse (C1 und C2) und ein integriertes Kabel (C3) mit Power Delivery (PD) bis zu 35 W. Laden Sie Smartphones, Tablets, Laptops und andere elektronische Ger\u00e4te gleichzeitig auf.<\/p>","protected":false},"featured_media":9465,"comment_status":"open","ping_status":"closed","template":"","meta":{"rank_math_lock_modified_date":false,"site-sidebar-layout":"default","site-content-layout":"","ast-site-content-layout":"default","site-content-style":"default","site-sidebar-style":"default","ast-global-header-display":"","ast-banner-title-visibility":"","ast-main-header-display":"","ast-hfb-above-header-display":"","ast-hfb-below-header-display":"","ast-hfb-mobile-header-display":"","site-post-title":"","ast-breadcrumbs-content":"","ast-featured-img":"","footer-sml-layout":"","ast-disable-related-posts":"","theme-transparent-header-meta":"default","adv-header-id-meta":"","stick-header-meta":"","header-above-stick-meta":"","header-main-stick-meta":"","header-below-stick-meta":"","astra-migrate-meta-layouts":"set","ast-page-background-enabled":"default","ast-page-background-meta":{"desktop":{"background-color":"","background-image":"","background-repeat":"repeat","background-position":"center center","background-size":"auto","background-attachment":"scroll","background-type":"","background-media":"","overlay-type":"","overlay-color":"","overlay-opacity":"","overlay-gradient":""},"tablet":{"background-color":"","background-image":"","background-repeat":"repeat","background-position":"center center","background-size":"auto","background-attachment":"scroll","background-type":"","background-media":"","overlay-type":"","overlay-color":"","overlay-opacity":"","overlay-gradient":""},"mobile":{"background-color":"","background-image":"","background-repeat":"repeat","background-position":"center center","background-size":"auto","background-attachment":"scroll","background-type":"","background-media":"","overlay-type":"","overlay-color":"","overlay-opacity":"","overlay-gradient":""}},"ast-content-background-meta":{"desktop":{"background-color":"var(--ast-global-color-5)","background-image":"","background-repeat":"repeat","background-position":"center center","background-size":"auto","background-attachment":"scroll","background-type":"","background-media":"","overlay-type":"","overlay-color":"","overlay-opacity":"","overlay-gradient":""},"tablet":{"background-color":"var(--ast-global-color-5)","background-image":"","background-repeat":"repeat","background-position":"center center","background-size":"auto","background-attachment":"scroll","background-type":"","background-media":"","overlay-type":"","overlay-color":"","overlay-opacity":"","overlay-gradient":""},"mobile":{"background-color":"var(--ast-global-color-5)","background-image":"","background-repeat":"repeat","background-position":"center center","background-size":"auto","background-attachment":"scroll","background-type":"","background-media":"","overlay-type":"","overlay-color":"","overlay-opacity":"","overlay-gradient":""}}},"product_cat":[64],"product_tag":[],"class_list":{"0":"post-9460","1":"product","2":"type-product","3":"status-publish","4":"has-post-thumbnail","6":"product_cat-travel-adapter","7":"desktop-align-center","8":"tablet-align-center","9":"mobile-align-center","11":"first","12":"instock","13":"shipping-taxable","14":"product-type-simple"},"_links":{"self":[{"href":"https:\/\/imiapower.com\/de\/wp-json\/wp\/v2\/product\/9460","targetHints":{"allow":["GET"]}}],"collection":[{"href":"https:\/\/imiapower.com\/de\/wp-json\/wp\/v2\/product"}],"about":[{"href":"https:\/\/imiapower.com\/de\/wp-json\/wp\/v2\/types\/product"}],"replies":[{"embeddable":true,"href":"https:\/\/imiapower.com\/de\/wp-json\/wp\/v2\/comments?post=9460"}],"version-history":[{"count":1,"href":"https:\/\/imiapower.com\/de\/wp-json\/wp\/v2\/product\/9460\/revisions"}],"predecessor-version":[{"id":9467,"href":"https:\/\/imiapower.com\/de\/wp-json\/wp\/v2\/product\/9460\/revisions\/9467"}],"wp:featuredmedia":[{"embeddable":true,"href":"https:\/\/imiapower.com\/de\/wp-json\/wp\/v2\/media\/9465"}],"wp:attachment":[{"href":"https:\/\/imiapower.com\/de\/wp-json\/wp\/v2\/media?parent=9460"}],"wp:term":[{"taxonomy":"product_cat","embeddable":true,"href":"https:\/\/imiapower.com\/de\/wp-json\/wp\/v2\/product_cat?post=9460"},{"taxonomy":"product_tag","embeddable":true,"href":"https:\/\/imiapower.com\/de\/wp-json\/wp\/v2\/product_tag?post=9460"}],"curies":[{"name":"wp","href":"https:\/\/api.w.org\/{rel}","templated":true}]}}