{"id":9596,"date":"2025-07-26T07:35:09","date_gmt":"2025-07-26T07:35:09","guid":{"rendered":"https:\/\/imiapower.com\/?post_type=product&#038;p=9596"},"modified":"2025-08-02T00:18:30","modified_gmt":"2025-08-02T00:18:30","slug":"best-power-adapters-for-travel","status":"publish","type":"product","link":"https:\/\/imiapower.com\/de\/products\/travel-adapter\/best-power-adapters-for-travel\/","title":{"rendered":"Beste Netzadapter f\u00fcr unterwegs \u2013 Steckeradapter Europa auf Gro\u00dfbritannien"},"content":{"rendered":"<ul>\n<li><strong>Die besten Netzteile f\u00fcr unterwegs<\/strong><\/li>\n<li><strong>Eingabe:<\/strong> 250 V, 10 A, 2500 W max.<\/li>\n<li><strong>Geh\u00e4usematerial:<\/strong> PC<\/li>\n<li><strong>Standard:<\/strong> Konform mit IEC60884-2-5<\/li>\n<li><strong>Farbe:<\/strong>\u00a0Wei\u00df\/Schwarz<\/li>\n<li><strong>Anmerkung:<\/strong> Steckeradapter Europa \u2013 Gro\u00dfbritannien<\/li>\n<\/ul>","protected":false},"excerpt":{"rendered":"<p data-start=\"947\" data-end=\"1381\">Auf der Suche nach <strong data-start=\"963\" data-end=\"997\">die besten Netzteile f\u00fcr unterwegs<\/strong>Dieser Steckeradapter von Europa nach Gro\u00dfbritannien ist die perfekte L\u00f6sung f\u00fcr Reisende, die eine zuverl\u00e4ssige und leistungsstarke Konvertierung ben\u00f6tigen. Mit einer maximalen Kapazit\u00e4t von 250 V, 10 A und 2500 W unterst\u00fctzt er m\u00fchelos leistungsstarke Ger\u00e4te und Anwendungen. Das hochwertige PC-Geh\u00e4use sorgt f\u00fcr h\u00f6chste Hitzebest\u00e4ndigkeit und Langlebigkeit und erf\u00fcllt die internationale Sicherheitsnorm IEC60884-2-5.<\/p>\n<p data-start=\"1383\" data-end=\"1632\">Kompakt, leicht und in elegantem Schwarz oder Wei\u00df erh\u00e4ltlich, ist es Ihr unverzichtbarer Begleiter f\u00fcr Reisen durch Europa und Gro\u00dfbritannien. Ob auf Gesch\u00e4ftsreisen oder im Urlaub \u2013 sorgen Sie daf\u00fcr, dass Ihre elektronischen Ger\u00e4te sicher und effizient mit Strom versorgt werden.<\/p>\n<p data-start=\"1383\" data-end=\"1632\"><img fetchpriority=\"high\" decoding=\"async\" class=\"alignnone wp-image-9597 size-full\" src=\"https:\/\/imiapower.com\/wp-content\/uploads\/converted-1-15.webp\" alt=\"die besten Netzteile f\u00fcr unterwegs\" width=\"960\" height=\"770\" srcset=\"https:\/\/imiapower.com\/wp-content\/uploads\/converted-1-15.webp 960w, https:\/\/imiapower.com\/wp-content\/uploads\/converted-1-15-300x241.webp 300w, https:\/\/imiapower.com\/wp-content\/uploads\/converted-1-15-768x616.webp 768w, https:\/\/imiapower.com\/wp-content\/uploads\/converted-1-15-15x12.webp 15w, https:\/\/imiapower.com\/wp-content\/uploads\/converted-1-15-600x481.webp 600w, https:\/\/imiapower.com\/wp-content\/uploads\/converted-1-15-64x51.webp 64w\" sizes=\"(max-width: 960px) 100vw, 960px\" \/><\/p>","protected":false},"featured_media":9598,"comment_status":"open","ping_status":"closed","template":"","meta":{"rank_math_lock_modified_date":false,"site-sidebar-layout":"default","site-content-layout":"","ast-site-content-layout":"default","site-content-style":"default","site-sidebar-style":"default","ast-global-header-display":"","ast-banner-title-visibility":"","ast-main-header-display":"","ast-hfb-above-header-display":"","ast-hfb-below-header-display":"","ast-hfb-mobile-header-display":"","site-post-title":"","ast-breadcrumbs-content":"","ast-featured-img":"","footer-sml-layout":"","ast-disable-related-posts":"","theme-transparent-header-meta":"default","adv-header-id-meta":"","stick-header-meta":"","header-above-stick-meta":"","header-main-stick-meta":"","header-below-stick-meta":"","astra-migrate-meta-layouts":"set","ast-page-background-enabled":"default","ast-page-background-meta":{"desktop":{"background-color":"","background-image":"","background-repeat":"repeat","background-position":"center center","background-size":"auto","background-attachment":"scroll","background-type":"","background-media":"","overlay-type":"","overlay-color":"","overlay-opacity":"","overlay-gradient":""},"tablet":{"background-color":"","background-image":"","background-repeat":"repeat","background-position":"center center","background-size":"auto","background-attachment":"scroll","background-type":"","background-media":"","overlay-type":"","overlay-color":"","overlay-opacity":"","overlay-gradient":""},"mobile":{"background-color":"","background-image":"","background-repeat":"repeat","background-position":"center center","background-size":"auto","background-attachment":"scroll","background-type":"","background-media":"","overlay-type":"","overlay-color":"","overlay-opacity":"","overlay-gradient":""}},"ast-content-background-meta":{"desktop":{"background-color":"var(--ast-global-color-5)","background-image":"","background-repeat":"repeat","background-position":"center center","background-size":"auto","background-attachment":"scroll","background-type":"","background-media":"","overlay-type":"","overlay-color":"","overlay-opacity":"","overlay-gradient":""},"tablet":{"background-color":"var(--ast-global-color-5)","background-image":"","background-repeat":"repeat","background-position":"center center","background-size":"auto","background-attachment":"scroll","background-type":"","background-media":"","overlay-type":"","overlay-color":"","overlay-opacity":"","overlay-gradient":""},"mobile":{"background-color":"var(--ast-global-color-5)","background-image":"","background-repeat":"repeat","background-position":"center center","background-size":"auto","background-attachment":"scroll","background-type":"","background-media":"","overlay-type":"","overlay-color":"","overlay-opacity":"","overlay-gradient":""}}},"product_cat":[64],"product_tag":[],"class_list":{"0":"post-9596","1":"product","2":"type-product","3":"status-publish","4":"has-post-thumbnail","6":"product_cat-travel-adapter","7":"desktop-align-center","8":"tablet-align-center","9":"mobile-align-center","11":"first","12":"instock","13":"shipping-taxable","14":"product-type-simple"},"_links":{"self":[{"href":"https:\/\/imiapower.com\/de\/wp-json\/wp\/v2\/product\/9596","targetHints":{"allow":["GET"]}}],"collection":[{"href":"https:\/\/imiapower.com\/de\/wp-json\/wp\/v2\/product"}],"about":[{"href":"https:\/\/imiapower.com\/de\/wp-json\/wp\/v2\/types\/product"}],"replies":[{"embeddable":true,"href":"https:\/\/imiapower.com\/de\/wp-json\/wp\/v2\/comments?post=9596"}],"version-history":[{"count":1,"href":"https:\/\/imiapower.com\/de\/wp-json\/wp\/v2\/product\/9596\/revisions"}],"predecessor-version":[{"id":9599,"href":"https:\/\/imiapower.com\/de\/wp-json\/wp\/v2\/product\/9596\/revisions\/9599"}],"wp:featuredmedia":[{"embeddable":true,"href":"https:\/\/imiapower.com\/de\/wp-json\/wp\/v2\/media\/9598"}],"wp:attachment":[{"href":"https:\/\/imiapower.com\/de\/wp-json\/wp\/v2\/media?parent=9596"}],"wp:term":[{"taxonomy":"product_cat","embeddable":true,"href":"https:\/\/imiapower.com\/de\/wp-json\/wp\/v2\/product_cat?post=9596"},{"taxonomy":"product_tag","embeddable":true,"href":"https:\/\/imiapower.com\/de\/wp-json\/wp\/v2\/product_tag?post=9596"}],"curies":[{"name":"wp","href":"https:\/\/api.w.org\/{rel}","templated":true}]}}