{"id":9604,"date":"2025-08-08T02:21:14","date_gmt":"2025-08-08T02:21:14","guid":{"rendered":"https:\/\/imiapower.com\/?post_type=product&#038;p=9604"},"modified":"2025-08-08T02:21:56","modified_gmt":"2025-08-08T02:21:56","slug":"travel-plugs-universal","status":"publish","type":"product","link":"https:\/\/imiapower.com\/de\/products\/travel-adapter\/travel-plugs-universal\/","title":{"rendered":"Reisesteckeradapter \u2013 Universal-Konverter Welt auf Gro\u00dfbritannien, 250 V, 10 A, BS8546-zertifiziert"},"content":{"rendered":"<ul>\n<li><strong>Reisestecker<\/strong><\/li>\n<li><strong>Eingabe:<\/strong>250 V, 10 A, 2500 W max.<\/li>\n<li><strong>Geh\u00e4usematerial:<\/strong>PC<\/li>\n<li><strong>Standard: <\/strong>BS8546, IEC60884-2-5<\/li>\n<li><strong>Farbe:<\/strong>\u00a0Wei\u00df\/Schwarz<\/li>\n<li><strong>Anmerkung:<\/strong>Steckeradapter Welt auf Gro\u00dfbritannien<\/li>\n<\/ul>","protected":false},"excerpt":{"rendered":"<p><img fetchpriority=\"high\" decoding=\"async\" class=\"alignnone wp-image-9606 size-full\" src=\"https:\/\/imiapower.com\/wp-content\/uploads\/converted-25.webp\" alt=\"Reisestecker\" width=\"960\" height=\"960\" srcset=\"https:\/\/imiapower.com\/wp-content\/uploads\/converted-25.webp 960w, https:\/\/imiapower.com\/wp-content\/uploads\/converted-25-300x300.webp 300w, https:\/\/imiapower.com\/wp-content\/uploads\/converted-25-150x150.webp 150w, https:\/\/imiapower.com\/wp-content\/uploads\/converted-25-768x768.webp 768w, https:\/\/imiapower.com\/wp-content\/uploads\/converted-25-12x12.webp 12w, https:\/\/imiapower.com\/wp-content\/uploads\/converted-25-600x600.webp 600w, https:\/\/imiapower.com\/wp-content\/uploads\/converted-25-100x100.webp 100w, https:\/\/imiapower.com\/wp-content\/uploads\/converted-25-64x64.webp 64w\" sizes=\"(max-width: 960px) 100vw, 960px\" \/><\/p>\n<p data-start=\"1078\" data-end=\"1415\">Die ultimativen Reisestecker f\u00fcr Reisen in Gro\u00dfbritannien.<br data-start=\"1120\" data-end=\"1123\" \/>Mit diesem universellen Reisesteckeradapter k\u00f6nnen Sie jeden internationalen Stecker \u2013 einschlie\u00dflich EU, US, AU und mehr \u2013 an eine britische Standardsteckdose (Typ G) anschlie\u00dfen. Er unterst\u00fctzt bis zu 250 V \/ 10 A \/ 2500 W und erf\u00fcllt die internationalen Sicherheitsstandards BS8546 und IEC60884-2-5 f\u00fcr eine sichere Nutzung.<\/p>\n<p data-start=\"1417\" data-end=\"1611\">Das robuste PC-Geh\u00e4use ist hitzebest\u00e4ndig und reisetauglich. Das kompakte Design eignet sich perfekt f\u00fcr Koffer, Rucks\u00e4cke und Technik-Kits \u2013 so bleiben Sie auf Reisen immer in Verbindung.<\/p>","protected":false},"featured_media":9605,"comment_status":"open","ping_status":"closed","template":"","meta":{"rank_math_lock_modified_date":false,"site-sidebar-layout":"default","site-content-layout":"","ast-site-content-layout":"default","site-content-style":"default","site-sidebar-style":"default","ast-global-header-display":"","ast-banner-title-visibility":"","ast-main-header-display":"","ast-hfb-above-header-display":"","ast-hfb-below-header-display":"","ast-hfb-mobile-header-display":"","site-post-title":"","ast-breadcrumbs-content":"","ast-featured-img":"","footer-sml-layout":"","ast-disable-related-posts":"","theme-transparent-header-meta":"default","adv-header-id-meta":"","stick-header-meta":"","header-above-stick-meta":"","header-main-stick-meta":"","header-below-stick-meta":"","astra-migrate-meta-layouts":"set","ast-page-background-enabled":"default","ast-page-background-meta":{"desktop":{"background-color":"","background-image":"","background-repeat":"repeat","background-position":"center center","background-size":"auto","background-attachment":"scroll","background-type":"","background-media":"","overlay-type":"","overlay-color":"","overlay-opacity":"","overlay-gradient":""},"tablet":{"background-color":"","background-image":"","background-repeat":"repeat","background-position":"center center","background-size":"auto","background-attachment":"scroll","background-type":"","background-media":"","overlay-type":"","overlay-color":"","overlay-opacity":"","overlay-gradient":""},"mobile":{"background-color":"","background-image":"","background-repeat":"repeat","background-position":"center center","background-size":"auto","background-attachment":"scroll","background-type":"","background-media":"","overlay-type":"","overlay-color":"","overlay-opacity":"","overlay-gradient":""}},"ast-content-background-meta":{"desktop":{"background-color":"var(--ast-global-color-5)","background-image":"","background-repeat":"repeat","background-position":"center center","background-size":"auto","background-attachment":"scroll","background-type":"","background-media":"","overlay-type":"","overlay-color":"","overlay-opacity":"","overlay-gradient":""},"tablet":{"background-color":"var(--ast-global-color-5)","background-image":"","background-repeat":"repeat","background-position":"center center","background-size":"auto","background-attachment":"scroll","background-type":"","background-media":"","overlay-type":"","overlay-color":"","overlay-opacity":"","overlay-gradient":""},"mobile":{"background-color":"var(--ast-global-color-5)","background-image":"","background-repeat":"repeat","background-position":"center center","background-size":"auto","background-attachment":"scroll","background-type":"","background-media":"","overlay-type":"","overlay-color":"","overlay-opacity":"","overlay-gradient":""}}},"product_cat":[64],"product_tag":[],"class_list":{"0":"post-9604","1":"product","2":"type-product","3":"status-publish","4":"has-post-thumbnail","6":"product_cat-travel-adapter","7":"desktop-align-center","8":"tablet-align-center","9":"mobile-align-center","11":"first","12":"instock","13":"shipping-taxable","14":"product-type-simple"},"_links":{"self":[{"href":"https:\/\/imiapower.com\/de\/wp-json\/wp\/v2\/product\/9604","targetHints":{"allow":["GET"]}}],"collection":[{"href":"https:\/\/imiapower.com\/de\/wp-json\/wp\/v2\/product"}],"about":[{"href":"https:\/\/imiapower.com\/de\/wp-json\/wp\/v2\/types\/product"}],"replies":[{"embeddable":true,"href":"https:\/\/imiapower.com\/de\/wp-json\/wp\/v2\/comments?post=9604"}],"version-history":[{"count":2,"href":"https:\/\/imiapower.com\/de\/wp-json\/wp\/v2\/product\/9604\/revisions"}],"predecessor-version":[{"id":9608,"href":"https:\/\/imiapower.com\/de\/wp-json\/wp\/v2\/product\/9604\/revisions\/9608"}],"wp:featuredmedia":[{"embeddable":true,"href":"https:\/\/imiapower.com\/de\/wp-json\/wp\/v2\/media\/9605"}],"wp:attachment":[{"href":"https:\/\/imiapower.com\/de\/wp-json\/wp\/v2\/media?parent=9604"}],"wp:term":[{"taxonomy":"product_cat","embeddable":true,"href":"https:\/\/imiapower.com\/de\/wp-json\/wp\/v2\/product_cat?post=9604"},{"taxonomy":"product_tag","embeddable":true,"href":"https:\/\/imiapower.com\/de\/wp-json\/wp\/v2\/product_tag?post=9604"}],"curies":[{"name":"wp","href":"https:\/\/api.w.org\/{rel}","templated":true}]}}