{"id":9640,"date":"2025-08-12T01:52:35","date_gmt":"2025-08-12T01:52:35","guid":{"rendered":"https:\/\/imiapower.com\/?post_type=product&#038;p=9640"},"modified":"2025-08-21T00:50:47","modified_gmt":"2025-08-21T00:50:47","slug":"travel-adapter-plug-china","status":"publish","type":"product","link":"https:\/\/imiapower.com\/de\/products\/travel-adapter\/travel-adapter-plug-china\/","title":{"rendered":"Reiseadapterstecker China \u2013 Welt nach China\/Australien Steckeradapter 250V 10A"},"content":{"rendered":"<ul>\n<li><strong>Reiseadapterstecker China<\/strong><\/li>\n<li><strong>Eingabe:<\/strong>250 V, 10 A, 2500 W max.<\/li>\n<li><strong>Geh\u00e4usematerial:<\/strong>PC<\/li>\n<li><strong>Standard: <\/strong>BS8546, IEC60884-2-5<\/li>\n<li><strong>Farbe:<\/strong>\u00a0Wei\u00df\/Schwarz<\/li>\n<li><strong>Anmerkung:<\/strong>Steckeradapter Welt nach China\/Australien<\/li>\n<\/ul>","protected":false},"excerpt":{"rendered":"<p><img fetchpriority=\"high\" decoding=\"async\" class=\"alignnone wp-image-9641 size-full\" src=\"https:\/\/imiapower.com\/wp-content\/uploads\/converted-1-21.webp\" alt=\"Reiseadapterstecker China\" width=\"960\" height=\"960\" srcset=\"https:\/\/imiapower.com\/wp-content\/uploads\/converted-1-21.webp 960w, https:\/\/imiapower.com\/wp-content\/uploads\/converted-1-21-300x300.webp 300w, https:\/\/imiapower.com\/wp-content\/uploads\/converted-1-21-150x150.webp 150w, https:\/\/imiapower.com\/wp-content\/uploads\/converted-1-21-768x768.webp 768w, https:\/\/imiapower.com\/wp-content\/uploads\/converted-1-21-12x12.webp 12w, https:\/\/imiapower.com\/wp-content\/uploads\/converted-1-21-600x600.webp 600w, https:\/\/imiapower.com\/wp-content\/uploads\/converted-1-21-100x100.webp 100w, https:\/\/imiapower.com\/wp-content\/uploads\/converted-1-21-64x64.webp 64w\" sizes=\"(max-width: 960px) 100vw, 960px\" \/><\/p>\n<p>Chinas rasantes Wirtschaftswachstum zieht unz\u00e4hlige Gesch\u00e4ftsreisende, Markenvertreter und Vertriebsh\u00e4ndler aus der ganzen Welt an.<\/p>\n<p>Tats\u00e4chlich haben \u00fcber 90 % der Adapterhersteller weltweit ihren Sitz in China, was die Besuche von Branchenexperten noch h\u00e4ufiger macht.<\/p>\n<p>Ob Sie Messen besuchen, Fabriken besichtigen oder Chinas St\u00e4dte erkunden, ein <strong data-start=\"1136\" data-end=\"1165\">T<\/strong>Der Reiseadapterstecker China ist ein Muss, um Ihre Ger\u00e4te mit Strom zu versorgen.<\/p>\n<p>Unser Steckeradapter von der Welt nach China\/Australien unterst\u00fctzt 250 V, 10 A und bis zu 2500 W max.<\/p>\n<p>Es verf\u00fcgt \u00fcber ein robustes PC-Geh\u00e4use und entspricht den Sicherheitsstandards BS8546 und IEC60884-2-5. Es eignet sich perfekt zum Laden von Laptops, Kameras und Smartphones.<\/p>\n<p>Es ist kompakt, zuverl\u00e4ssig und in Wei\u00df oder Schwarz erh\u00e4ltlich und sorgt daf\u00fcr, dass Sie w\u00e4hrend Ihrer gesamten Reise verbunden und produktiv bleiben.<\/p>","protected":false},"featured_media":9642,"comment_status":"open","ping_status":"closed","template":"","meta":{"rank_math_lock_modified_date":false,"site-sidebar-layout":"default","site-content-layout":"","ast-site-content-layout":"default","site-content-style":"default","site-sidebar-style":"default","ast-global-header-display":"","ast-banner-title-visibility":"","ast-main-header-display":"","ast-hfb-above-header-display":"","ast-hfb-below-header-display":"","ast-hfb-mobile-header-display":"","site-post-title":"","ast-breadcrumbs-content":"","ast-featured-img":"","footer-sml-layout":"","ast-disable-related-posts":"","theme-transparent-header-meta":"default","adv-header-id-meta":"","stick-header-meta":"","header-above-stick-meta":"","header-main-stick-meta":"","header-below-stick-meta":"","astra-migrate-meta-layouts":"set","ast-page-background-enabled":"default","ast-page-background-meta":{"desktop":{"background-color":"","background-image":"","background-repeat":"repeat","background-position":"center center","background-size":"auto","background-attachment":"scroll","background-type":"","background-media":"","overlay-type":"","overlay-color":"","overlay-opacity":"","overlay-gradient":""},"tablet":{"background-color":"","background-image":"","background-repeat":"repeat","background-position":"center center","background-size":"auto","background-attachment":"scroll","background-type":"","background-media":"","overlay-type":"","overlay-color":"","overlay-opacity":"","overlay-gradient":""},"mobile":{"background-color":"","background-image":"","background-repeat":"repeat","background-position":"center center","background-size":"auto","background-attachment":"scroll","background-type":"","background-media":"","overlay-type":"","overlay-color":"","overlay-opacity":"","overlay-gradient":""}},"ast-content-background-meta":{"desktop":{"background-color":"var(--ast-global-color-5)","background-image":"","background-repeat":"repeat","background-position":"center center","background-size":"auto","background-attachment":"scroll","background-type":"","background-media":"","overlay-type":"","overlay-color":"","overlay-opacity":"","overlay-gradient":""},"tablet":{"background-color":"var(--ast-global-color-5)","background-image":"","background-repeat":"repeat","background-position":"center center","background-size":"auto","background-attachment":"scroll","background-type":"","background-media":"","overlay-type":"","overlay-color":"","overlay-opacity":"","overlay-gradient":""},"mobile":{"background-color":"var(--ast-global-color-5)","background-image":"","background-repeat":"repeat","background-position":"center center","background-size":"auto","background-attachment":"scroll","background-type":"","background-media":"","overlay-type":"","overlay-color":"","overlay-opacity":"","overlay-gradient":""}}},"product_cat":[64],"product_tag":[],"class_list":{"0":"post-9640","1":"product","2":"type-product","3":"status-publish","4":"has-post-thumbnail","6":"product_cat-travel-adapter","7":"desktop-align-center","8":"tablet-align-center","9":"mobile-align-center","11":"first","12":"instock","13":"shipping-taxable","14":"product-type-simple"},"_links":{"self":[{"href":"https:\/\/imiapower.com\/de\/wp-json\/wp\/v2\/product\/9640","targetHints":{"allow":["GET"]}}],"collection":[{"href":"https:\/\/imiapower.com\/de\/wp-json\/wp\/v2\/product"}],"about":[{"href":"https:\/\/imiapower.com\/de\/wp-json\/wp\/v2\/types\/product"}],"replies":[{"embeddable":true,"href":"https:\/\/imiapower.com\/de\/wp-json\/wp\/v2\/comments?post=9640"}],"version-history":[{"count":1,"href":"https:\/\/imiapower.com\/de\/wp-json\/wp\/v2\/product\/9640\/revisions"}],"predecessor-version":[{"id":9643,"href":"https:\/\/imiapower.com\/de\/wp-json\/wp\/v2\/product\/9640\/revisions\/9643"}],"wp:featuredmedia":[{"embeddable":true,"href":"https:\/\/imiapower.com\/de\/wp-json\/wp\/v2\/media\/9642"}],"wp:attachment":[{"href":"https:\/\/imiapower.com\/de\/wp-json\/wp\/v2\/media?parent=9640"}],"wp:term":[{"taxonomy":"product_cat","embeddable":true,"href":"https:\/\/imiapower.com\/de\/wp-json\/wp\/v2\/product_cat?post=9640"},{"taxonomy":"product_tag","embeddable":true,"href":"https:\/\/imiapower.com\/de\/wp-json\/wp\/v2\/product_tag?post=9640"}],"curies":[{"name":"wp","href":"https:\/\/api.w.org\/{rel}","templated":true}]}}