{"id":9678,"date":"2025-09-02T00:15:19","date_gmt":"2025-09-02T00:15:19","guid":{"rendered":"https:\/\/imiapower.com\/?post_type=product&#038;p=9678"},"modified":"2025-09-02T00:15:20","modified_gmt":"2025-09-02T00:15:20","slug":"travel-plug-adapter-for-china","status":"publish","type":"product","link":"https:\/\/imiapower.com\/de\/products\/travel-adapter\/travel-plug-adapter-for-china\/","title":{"rendered":"Reisesteckeradapter f\u00fcr China \u2013 Robustes PC-Geh\u00e4use, UL94 V-0-zertifiziert"},"content":{"rendered":"<ul>\n<li><strong>Reisesteckeradapter f\u00fcr China <\/strong><\/li>\n<li><strong>Bewertungen:<\/strong> 250 V, 10 A, 2500 W max.<\/li>\n<li><strong>Geh\u00e4usematerial:<\/strong> PC<\/li>\n<li><strong>Leitermaterial:<\/strong> Kupfer<\/li>\n<li><strong>Feuerbest\u00e4ndigkeit:<\/strong> 94V0<\/li>\n<li><strong>Anmerkung:<\/strong> Steckeradapter UK auf AUS\/CN<\/li>\n<li><strong>Farbe:<\/strong> Wei\u00df und Schwarz<\/li>\n<\/ul>","protected":false},"excerpt":{"rendered":"<p>Mit diesem Steckeradapter von Gro\u00dfbritannien auf Australien\/China werden Reisen nach China zum Kinderspiel.<\/p>\n<p>Es wurde f\u00fcr die in Festlandchina und Australien \u00fcblichen Steckdosen vom Typ I entwickelt und erm\u00f6glicht den sofortigen Anschluss britischer Ger\u00e4te \u2013 ideal f\u00fcr Gesch\u00e4ftsreisende und Messeteams.<\/p>\n<p>Es verf\u00fcgt \u00fcber ein robustes PC-Geh\u00e4use (Polycarbonat) und Kupferleiter und unterst\u00fctzt bis zu 250 V 10 A (max. 2500 W) f\u00fcr Laptops, Ladeger\u00e4te und kleine Ger\u00e4te.<\/p>\n<p>Die Flammschutzklassifizierung UL94 V-0 erh\u00f6ht die Sicherheit unterwegs. Erh\u00e4ltlich in Wei\u00df und Schwarz.<\/p>\n<p>Kompatibilit\u00e4t: UK-Stecker \u2192 AUS\/CN (Typ I)-Steckdosen; verwendbar in China<\/p>\n<p><img fetchpriority=\"high\" decoding=\"async\" class=\"alignnone wp-image-9679 size-full\" src=\"https:\/\/imiapower.com\/wp-content\/uploads\/converted-1-25.webp\" alt=\"Reisesteckeradapter f\u00fcr China\" width=\"960\" height=\"960\" srcset=\"https:\/\/imiapower.com\/wp-content\/uploads\/converted-1-25.webp 960w, https:\/\/imiapower.com\/wp-content\/uploads\/converted-1-25-300x300.webp 300w, https:\/\/imiapower.com\/wp-content\/uploads\/converted-1-25-150x150.webp 150w, https:\/\/imiapower.com\/wp-content\/uploads\/converted-1-25-768x768.webp 768w, https:\/\/imiapower.com\/wp-content\/uploads\/converted-1-25-12x12.webp 12w, https:\/\/imiapower.com\/wp-content\/uploads\/converted-1-25-600x600.webp 600w, https:\/\/imiapower.com\/wp-content\/uploads\/converted-1-25-100x100.webp 100w, https:\/\/imiapower.com\/wp-content\/uploads\/converted-1-25-64x64.webp 64w\" sizes=\"(max-width: 960px) 100vw, 960px\" \/><\/p>\n<p>&nbsp;<\/p>","protected":false},"featured_media":9680,"comment_status":"open","ping_status":"closed","template":"","meta":{"rank_math_lock_modified_date":false,"site-sidebar-layout":"default","site-content-layout":"","ast-site-content-layout":"default","site-content-style":"default","site-sidebar-style":"default","ast-global-header-display":"","ast-banner-title-visibility":"","ast-main-header-display":"","ast-hfb-above-header-display":"","ast-hfb-below-header-display":"","ast-hfb-mobile-header-display":"","site-post-title":"","ast-breadcrumbs-content":"","ast-featured-img":"","footer-sml-layout":"","ast-disable-related-posts":"","theme-transparent-header-meta":"default","adv-header-id-meta":"","stick-header-meta":"","header-above-stick-meta":"","header-main-stick-meta":"","header-below-stick-meta":"","astra-migrate-meta-layouts":"set","ast-page-background-enabled":"default","ast-page-background-meta":{"desktop":{"background-color":"","background-image":"","background-repeat":"repeat","background-position":"center center","background-size":"auto","background-attachment":"scroll","background-type":"","background-media":"","overlay-type":"","overlay-color":"","overlay-opacity":"","overlay-gradient":""},"tablet":{"background-color":"","background-image":"","background-repeat":"repeat","background-position":"center center","background-size":"auto","background-attachment":"scroll","background-type":"","background-media":"","overlay-type":"","overlay-color":"","overlay-opacity":"","overlay-gradient":""},"mobile":{"background-color":"","background-image":"","background-repeat":"repeat","background-position":"center center","background-size":"auto","background-attachment":"scroll","background-type":"","background-media":"","overlay-type":"","overlay-color":"","overlay-opacity":"","overlay-gradient":""}},"ast-content-background-meta":{"desktop":{"background-color":"var(--ast-global-color-5)","background-image":"","background-repeat":"repeat","background-position":"center center","background-size":"auto","background-attachment":"scroll","background-type":"","background-media":"","overlay-type":"","overlay-color":"","overlay-opacity":"","overlay-gradient":""},"tablet":{"background-color":"var(--ast-global-color-5)","background-image":"","background-repeat":"repeat","background-position":"center center","background-size":"auto","background-attachment":"scroll","background-type":"","background-media":"","overlay-type":"","overlay-color":"","overlay-opacity":"","overlay-gradient":""},"mobile":{"background-color":"var(--ast-global-color-5)","background-image":"","background-repeat":"repeat","background-position":"center center","background-size":"auto","background-attachment":"scroll","background-type":"","background-media":"","overlay-type":"","overlay-color":"","overlay-opacity":"","overlay-gradient":""}}},"product_cat":[64],"product_tag":[],"class_list":{"0":"post-9678","1":"product","2":"type-product","3":"status-publish","4":"has-post-thumbnail","6":"product_cat-travel-adapter","7":"desktop-align-center","8":"tablet-align-center","9":"mobile-align-center","11":"first","12":"instock","13":"shipping-taxable","14":"product-type-simple"},"_links":{"self":[{"href":"https:\/\/imiapower.com\/de\/wp-json\/wp\/v2\/product\/9678","targetHints":{"allow":["GET"]}}],"collection":[{"href":"https:\/\/imiapower.com\/de\/wp-json\/wp\/v2\/product"}],"about":[{"href":"https:\/\/imiapower.com\/de\/wp-json\/wp\/v2\/types\/product"}],"replies":[{"embeddable":true,"href":"https:\/\/imiapower.com\/de\/wp-json\/wp\/v2\/comments?post=9678"}],"version-history":[{"count":1,"href":"https:\/\/imiapower.com\/de\/wp-json\/wp\/v2\/product\/9678\/revisions"}],"predecessor-version":[{"id":9681,"href":"https:\/\/imiapower.com\/de\/wp-json\/wp\/v2\/product\/9678\/revisions\/9681"}],"wp:featuredmedia":[{"embeddable":true,"href":"https:\/\/imiapower.com\/de\/wp-json\/wp\/v2\/media\/9680"}],"wp:attachment":[{"href":"https:\/\/imiapower.com\/de\/wp-json\/wp\/v2\/media?parent=9678"}],"wp:term":[{"taxonomy":"product_cat","embeddable":true,"href":"https:\/\/imiapower.com\/de\/wp-json\/wp\/v2\/product_cat?post=9678"},{"taxonomy":"product_tag","embeddable":true,"href":"https:\/\/imiapower.com\/de\/wp-json\/wp\/v2\/product_tag?post=9678"}],"curies":[{"name":"wp","href":"https:\/\/api.w.org\/{rel}","templated":true}]}}