{"id":9682,"date":"2025-10-16T08:57:50","date_gmt":"2025-10-16T08:57:50","guid":{"rendered":"https:\/\/imiapower.com\/?post_type=product&#038;p=9682"},"modified":"2025-10-16T08:57:51","modified_gmt":"2025-10-16T08:57:51","slug":"wholesale-power-adapters-in-uk","status":"publish","type":"product","link":"https:\/\/imiapower.com\/de\/products\/travel-adapter\/wholesale-power-adapters-in-uk\/","title":{"rendered":"Netzteile im Gro\u00dfhandel in Gro\u00dfbritannien | Reisestecker von der ganzen Welt nach Gro\u00dfbritannien mit 20 W PD, 2 USB-C und 1 USB-A"},"content":{"rendered":"<ul>\n<li><strong>Gro\u00dfhandelsnetzteile in Gro\u00dfbritannien<\/strong><\/li>\n<li><strong>Eingabe:<\/strong> 100\u2013250 V, 10 A, max. 2500 W, max.<\/li>\n<li><strong>Ausgabe<\/strong> PD 20 W<\/li>\n<li><strong>Ladeanschluss:<\/strong> 2 USB-C- und 1 USB-A-Anschluss.<\/li>\n<li><strong>Farbe:<\/strong> Wei\u00df und Schwarz<\/li>\n<li><strong>Anmerkung:<\/strong> Reisesteckeradapter Weltweit auf Gro\u00dfbritannien<\/li>\n<\/ul>","protected":false},"excerpt":{"rendered":"<p><img fetchpriority=\"high\" decoding=\"async\" class=\"alignnone wp-image-9683 size-full\" src=\"https:\/\/imiapower.com\/wp-content\/uploads\/converted-1-26.webp\" alt=\"Gro\u00dfhandelsnetzteile in Gro\u00dfbritannien\" width=\"800\" height=\"1053\" srcset=\"https:\/\/imiapower.com\/wp-content\/uploads\/converted-1-26.webp 800w, https:\/\/imiapower.com\/wp-content\/uploads\/converted-1-26-228x300.webp 228w, https:\/\/imiapower.com\/wp-content\/uploads\/converted-1-26-778x1024.webp 778w, https:\/\/imiapower.com\/wp-content\/uploads\/converted-1-26-768x1011.webp 768w, https:\/\/imiapower.com\/wp-content\/uploads\/converted-1-26-9x12.webp 9w, https:\/\/imiapower.com\/wp-content\/uploads\/converted-1-26-600x790.webp 600w, https:\/\/imiapower.com\/wp-content\/uploads\/converted-1-26-64x84.webp 64w\" sizes=\"(max-width: 800px) 100vw, 800px\" \/><\/p>\n<p data-start=\"907\" data-end=\"1079\">Suchen Sie nach Netzadaptern im Gro\u00dfhandel in Gro\u00dfbritannien? Dieser vielseitige Reisesteckeradapter von der ganzen Welt nach Gro\u00dfbritannien ist f\u00fcr Gro\u00dfabnehmer, H\u00e4ndler und internationale Reisende konzipiert.<\/p>\n<p data-start=\"1081\" data-end=\"1572\">\u2705 <strong data-start=\"1083\" data-end=\"1105\">Breite Kompatibilit\u00e4t<\/strong> \u2013 Funktioniert mit 100\u2013250 V, 10 A, 2500 W max., geeignet f\u00fcr Stecker aus den meisten L\u00e4ndern.<\/p>\n<p data-start=\"1081\" data-end=\"1572\"><br data-start=\"1184\" data-end=\"1187\" \/>\u2705 <strong data-start=\"1189\" data-end=\"1213\">20 W PD-Schnellladung<\/strong> \u2013 L\u00e4dt Smartphones, Tablets und andere Ger\u00e4te schnell auf.<\/p>\n<p data-start=\"1081\" data-end=\"1572\"><br data-start=\"1272\" data-end=\"1275\" \/>\u2705 <strong data-start=\"1277\" data-end=\"1294\">3 USB-Ausg\u00e4nge<\/strong> \u2013 2 USB-C- + 1 USB-A-Anschluss zum gleichzeitigen Laden mehrerer Ger\u00e4te.<\/p>\n<p data-start=\"1081\" data-end=\"1572\"><br data-start=\"1367\" data-end=\"1370\" \/>\u2705 <strong data-start=\"1372\" data-end=\"1395\">Universelle AC-Steckdose<\/strong> \u2013 Akzeptiert Stecker aus aller Welt und ist daher ein Muss f\u00fcr Weltreisende.<\/p>\n<p data-start=\"1081\" data-end=\"1572\"><br data-start=\"1478\" data-end=\"1481\" \/>\u2705 <strong data-start=\"1483\" data-end=\"1501\">Sicher und langlebig<\/strong> \u2013 Hergestellt aus feuerhemmendem PC-Geh\u00e4use, erh\u00e4ltlich in Schwarz und Wei\u00df.<\/p>","protected":false},"featured_media":9684,"comment_status":"open","ping_status":"closed","template":"","meta":{"rank_math_lock_modified_date":false,"site-sidebar-layout":"default","site-content-layout":"","ast-site-content-layout":"default","site-content-style":"default","site-sidebar-style":"default","ast-global-header-display":"","ast-banner-title-visibility":"","ast-main-header-display":"","ast-hfb-above-header-display":"","ast-hfb-below-header-display":"","ast-hfb-mobile-header-display":"","site-post-title":"","ast-breadcrumbs-content":"","ast-featured-img":"","footer-sml-layout":"","ast-disable-related-posts":"","theme-transparent-header-meta":"default","adv-header-id-meta":"","stick-header-meta":"","header-above-stick-meta":"","header-main-stick-meta":"","header-below-stick-meta":"","astra-migrate-meta-layouts":"set","ast-page-background-enabled":"default","ast-page-background-meta":{"desktop":{"background-color":"","background-image":"","background-repeat":"repeat","background-position":"center center","background-size":"auto","background-attachment":"scroll","background-type":"","background-media":"","overlay-type":"","overlay-color":"","overlay-opacity":"","overlay-gradient":""},"tablet":{"background-color":"","background-image":"","background-repeat":"repeat","background-position":"center center","background-size":"auto","background-attachment":"scroll","background-type":"","background-media":"","overlay-type":"","overlay-color":"","overlay-opacity":"","overlay-gradient":""},"mobile":{"background-color":"","background-image":"","background-repeat":"repeat","background-position":"center center","background-size":"auto","background-attachment":"scroll","background-type":"","background-media":"","overlay-type":"","overlay-color":"","overlay-opacity":"","overlay-gradient":""}},"ast-content-background-meta":{"desktop":{"background-color":"var(--ast-global-color-5)","background-image":"","background-repeat":"repeat","background-position":"center center","background-size":"auto","background-attachment":"scroll","background-type":"","background-media":"","overlay-type":"","overlay-color":"","overlay-opacity":"","overlay-gradient":""},"tablet":{"background-color":"var(--ast-global-color-5)","background-image":"","background-repeat":"repeat","background-position":"center center","background-size":"auto","background-attachment":"scroll","background-type":"","background-media":"","overlay-type":"","overlay-color":"","overlay-opacity":"","overlay-gradient":""},"mobile":{"background-color":"var(--ast-global-color-5)","background-image":"","background-repeat":"repeat","background-position":"center center","background-size":"auto","background-attachment":"scroll","background-type":"","background-media":"","overlay-type":"","overlay-color":"","overlay-opacity":"","overlay-gradient":""}}},"product_cat":[64],"product_tag":[],"class_list":{"0":"post-9682","1":"product","2":"type-product","3":"status-publish","4":"has-post-thumbnail","6":"product_cat-travel-adapter","7":"desktop-align-center","8":"tablet-align-center","9":"mobile-align-center","11":"first","12":"instock","13":"shipping-taxable","14":"product-type-simple"},"_links":{"self":[{"href":"https:\/\/imiapower.com\/de\/wp-json\/wp\/v2\/product\/9682","targetHints":{"allow":["GET"]}}],"collection":[{"href":"https:\/\/imiapower.com\/de\/wp-json\/wp\/v2\/product"}],"about":[{"href":"https:\/\/imiapower.com\/de\/wp-json\/wp\/v2\/types\/product"}],"replies":[{"embeddable":true,"href":"https:\/\/imiapower.com\/de\/wp-json\/wp\/v2\/comments?post=9682"}],"version-history":[{"count":3,"href":"https:\/\/imiapower.com\/de\/wp-json\/wp\/v2\/product\/9682\/revisions"}],"predecessor-version":[{"id":9687,"href":"https:\/\/imiapower.com\/de\/wp-json\/wp\/v2\/product\/9682\/revisions\/9687"}],"wp:featuredmedia":[{"embeddable":true,"href":"https:\/\/imiapower.com\/de\/wp-json\/wp\/v2\/media\/9684"}],"wp:attachment":[{"href":"https:\/\/imiapower.com\/de\/wp-json\/wp\/v2\/media?parent=9682"}],"wp:term":[{"taxonomy":"product_cat","embeddable":true,"href":"https:\/\/imiapower.com\/de\/wp-json\/wp\/v2\/product_cat?post=9682"},{"taxonomy":"product_tag","embeddable":true,"href":"https:\/\/imiapower.com\/de\/wp-json\/wp\/v2\/product_tag?post=9682"}],"curies":[{"name":"wp","href":"https:\/\/api.w.org\/{rel}","templated":true}]}}