{"id":9713,"date":"2025-09-01T06:28:31","date_gmt":"2025-09-01T06:28:31","guid":{"rendered":"https:\/\/imiapower.com\/?post_type=product&#038;p=9713"},"modified":"2025-10-16T08:57:09","modified_gmt":"2025-10-16T08:57:09","slug":"travel-universal-adaptor","status":"publish","type":"product","link":"https:\/\/imiapower.com\/de\/products\/travel-adapter\/travel-universal-adaptor\/","title":{"rendered":"Reise-Universaladapter AUS-Stecker mit PD 20W Schnellladung | USB-C &amp; USB-A"},"content":{"rendered":"<ul>\n<li><strong>Reise-Universaladapter<\/strong><\/li>\n<li><strong>Eingabe:<\/strong> 100\u2013250 V, 10 A, max. 2500 W, max.<\/li>\n<li><strong>Ausgabe<\/strong> PD 20 W<\/li>\n<li><strong>Ladeanschluss:<\/strong> 2 USB-C- und 1 USB-A-Anschluss.<\/li>\n<li><strong>Farbe:<\/strong> Wei\u00df und Schwarz<\/li>\n<li><strong>Adaptergr\u00f6\u00dfe:<\/strong> 66*64,8*83 mm<\/li>\n<li><strong>Adaptergewicht:<\/strong> 95 g<\/li>\n<li><strong>Anmerkung:<\/strong> Reisesteckeradapter Welt auf AUS<\/li>\n<\/ul>","protected":false},"excerpt":{"rendered":"<p><img fetchpriority=\"high\" decoding=\"async\" class=\"alignnone wp-image-9715 size-full\" src=\"https:\/\/imiapower.com\/wp-content\/uploads\/converted-35.webp\" alt=\"Reise-Universaladapter\" width=\"800\" height=\"1269\" srcset=\"https:\/\/imiapower.com\/wp-content\/uploads\/converted-35.webp 800w, https:\/\/imiapower.com\/wp-content\/uploads\/converted-35-189x300.webp 189w, https:\/\/imiapower.com\/wp-content\/uploads\/converted-35-646x1024.webp 646w, https:\/\/imiapower.com\/wp-content\/uploads\/converted-35-768x1218.webp 768w, https:\/\/imiapower.com\/wp-content\/uploads\/converted-35-8x12.webp 8w, https:\/\/imiapower.com\/wp-content\/uploads\/converted-35-600x952.webp 600w, https:\/\/imiapower.com\/wp-content\/uploads\/converted-35-64x102.webp 64w\" sizes=\"(max-width: 800px) 100vw, 800px\" \/><\/p>\n<p>Universal-Reiseadapter f\u00fcr L\u00e4nder mit AUS-Steckern \u2013 die perfekte Wahl f\u00fcr Reisende nach Australien, Neuseeland, China und in Regionen mit AUS-Steckern.<\/p>\n<p>Dieser Adapter unterst\u00fctzt nicht nur 100\u2013250 V, 10 A (bis zu 2500 W) f\u00fcr globale Kompatibilit\u00e4t, sondern umfasst auch PD 20 W Schnellladen mit 2 USB-C- und 1 USB-A-Anschluss, sodass Sie mehrere Ger\u00e4te gleichzeitig mit Strom versorgen k\u00f6nnen.<\/p>\n<p>Mit einem Gewicht von nur 95 g und einem kompakten Design (66 \u00d7 64,8 \u00d7 83 mm) ist es ein intelligentes und zuverl\u00e4ssiges Reiseutensil<\/p>\n<p>&nbsp;<\/p>","protected":false},"featured_media":9714,"comment_status":"open","ping_status":"closed","template":"","meta":{"rank_math_lock_modified_date":false,"site-sidebar-layout":"default","site-content-layout":"","ast-site-content-layout":"default","site-content-style":"default","site-sidebar-style":"default","ast-global-header-display":"","ast-banner-title-visibility":"","ast-main-header-display":"","ast-hfb-above-header-display":"","ast-hfb-below-header-display":"","ast-hfb-mobile-header-display":"","site-post-title":"","ast-breadcrumbs-content":"","ast-featured-img":"","footer-sml-layout":"","ast-disable-related-posts":"","theme-transparent-header-meta":"default","adv-header-id-meta":"","stick-header-meta":"","header-above-stick-meta":"","header-main-stick-meta":"","header-below-stick-meta":"","astra-migrate-meta-layouts":"set","ast-page-background-enabled":"default","ast-page-background-meta":{"desktop":{"background-color":"","background-image":"","background-repeat":"repeat","background-position":"center center","background-size":"auto","background-attachment":"scroll","background-type":"","background-media":"","overlay-type":"","overlay-color":"","overlay-opacity":"","overlay-gradient":""},"tablet":{"background-color":"","background-image":"","background-repeat":"repeat","background-position":"center center","background-size":"auto","background-attachment":"scroll","background-type":"","background-media":"","overlay-type":"","overlay-color":"","overlay-opacity":"","overlay-gradient":""},"mobile":{"background-color":"","background-image":"","background-repeat":"repeat","background-position":"center center","background-size":"auto","background-attachment":"scroll","background-type":"","background-media":"","overlay-type":"","overlay-color":"","overlay-opacity":"","overlay-gradient":""}},"ast-content-background-meta":{"desktop":{"background-color":"var(--ast-global-color-5)","background-image":"","background-repeat":"repeat","background-position":"center center","background-size":"auto","background-attachment":"scroll","background-type":"","background-media":"","overlay-type":"","overlay-color":"","overlay-opacity":"","overlay-gradient":""},"tablet":{"background-color":"var(--ast-global-color-5)","background-image":"","background-repeat":"repeat","background-position":"center center","background-size":"auto","background-attachment":"scroll","background-type":"","background-media":"","overlay-type":"","overlay-color":"","overlay-opacity":"","overlay-gradient":""},"mobile":{"background-color":"var(--ast-global-color-5)","background-image":"","background-repeat":"repeat","background-position":"center center","background-size":"auto","background-attachment":"scroll","background-type":"","background-media":"","overlay-type":"","overlay-color":"","overlay-opacity":"","overlay-gradient":""}}},"product_cat":[64],"product_tag":[],"class_list":{"0":"post-9713","1":"product","2":"type-product","3":"status-publish","4":"has-post-thumbnail","6":"product_cat-travel-adapter","7":"desktop-align-center","8":"tablet-align-center","9":"mobile-align-center","11":"first","12":"instock","13":"shipping-taxable","14":"product-type-simple"},"_links":{"self":[{"href":"https:\/\/imiapower.com\/de\/wp-json\/wp\/v2\/product\/9713","targetHints":{"allow":["GET"]}}],"collection":[{"href":"https:\/\/imiapower.com\/de\/wp-json\/wp\/v2\/product"}],"about":[{"href":"https:\/\/imiapower.com\/de\/wp-json\/wp\/v2\/types\/product"}],"replies":[{"embeddable":true,"href":"https:\/\/imiapower.com\/de\/wp-json\/wp\/v2\/comments?post=9713"}],"version-history":[{"count":1,"href":"https:\/\/imiapower.com\/de\/wp-json\/wp\/v2\/product\/9713\/revisions"}],"predecessor-version":[{"id":9716,"href":"https:\/\/imiapower.com\/de\/wp-json\/wp\/v2\/product\/9713\/revisions\/9716"}],"wp:featuredmedia":[{"embeddable":true,"href":"https:\/\/imiapower.com\/de\/wp-json\/wp\/v2\/media\/9714"}],"wp:attachment":[{"href":"https:\/\/imiapower.com\/de\/wp-json\/wp\/v2\/media?parent=9713"}],"wp:term":[{"taxonomy":"product_cat","embeddable":true,"href":"https:\/\/imiapower.com\/de\/wp-json\/wp\/v2\/product_cat?post=9713"},{"taxonomy":"product_tag","embeddable":true,"href":"https:\/\/imiapower.com\/de\/wp-json\/wp\/v2\/product_tag?post=9713"}],"curies":[{"name":"wp","href":"https:\/\/api.w.org\/{rel}","templated":true}]}}