{"id":9717,"date":"2025-09-01T06:52:08","date_gmt":"2025-09-01T06:52:08","guid":{"rendered":"https:\/\/imiapower.com\/?post_type=product&#038;p=9717"},"modified":"2025-09-08T00:28:25","modified_gmt":"2025-09-08T00:28:25","slug":"odm-power-supply-german-plug","status":"publish","type":"product","link":"https:\/\/imiapower.com\/de\/products\/travel-adapter\/odm-power-supply-german-plug\/","title":{"rendered":"ODM Netzteil Deutschland Steckeradapter mit PD 20W Schnellladung | USB-C &amp; USB-A Anschl\u00fcsse"},"content":{"rendered":"<ul>\n<li><strong>ODM-Netzteil<\/strong><\/li>\n<li><strong>Eingabe:<\/strong> 100\u2013250 V, 10 A, max. 2500 W, max.<\/li>\n<li><strong>Ausgabe<\/strong> PD 20 W<\/li>\n<li><strong>Ladeanschluss:<\/strong> 2 USB-C- und 1 USB-A-Anschluss.<\/li>\n<li><strong>Farbe:<\/strong> Wei\u00df und Schwarz<\/li>\n<li><strong>Gewicht:<\/strong> 95 g<\/li>\n<li><strong>Anmerkung:<\/strong> Reisesteckeradapter von der ganzen Welt nach Deutschland<\/li>\n<\/ul>","protected":false},"excerpt":{"rendered":"<p><img fetchpriority=\"high\" decoding=\"async\" class=\"alignnone wp-image-9718 size-full\" src=\"https:\/\/imiapower.com\/wp-content\/uploads\/converted-1-28.webp\" alt=\"ODM-Stromversorgung\" width=\"960\" height=\"960\" srcset=\"https:\/\/imiapower.com\/wp-content\/uploads\/converted-1-28.webp 960w, https:\/\/imiapower.com\/wp-content\/uploads\/converted-1-28-300x300.webp 300w, https:\/\/imiapower.com\/wp-content\/uploads\/converted-1-28-150x150.webp 150w, https:\/\/imiapower.com\/wp-content\/uploads\/converted-1-28-768x768.webp 768w, https:\/\/imiapower.com\/wp-content\/uploads\/converted-1-28-12x12.webp 12w, https:\/\/imiapower.com\/wp-content\/uploads\/converted-1-28-600x600.webp 600w, https:\/\/imiapower.com\/wp-content\/uploads\/converted-1-28-100x100.webp 100w, https:\/\/imiapower.com\/wp-content\/uploads\/converted-1-28-64x64.webp 64w\" sizes=\"(max-width: 960px) 100vw, 960px\" \/><\/p>\n<p data-start=\"808\" data-end=\"1148\">ODM-Netzteil-Steckeradapter f\u00fcr Deutschland \u2013 entwickelt f\u00fcr Marken, H\u00e4ndler und Gro\u00dfhandelsk\u00e4ufer, die hochwertige, anpassbare Netzteile ben\u00f6tigen.<\/p>\n<p data-start=\"808\" data-end=\"1148\">Diese ODM-L\u00f6sungen, auch Adapter genannt, werden in vielen Branchen eingesetzt, beispielsweise in der Unterhaltungselektronik, bei Reisezubeh\u00f6r, im Gastgewerbe und bei Verpackungsprojekten f\u00fcr den Einzelhandel.<\/p>\n<p data-start=\"1150\" data-end=\"1470\">Dieses Modell unterst\u00fctzt 100\u2013250 V, 10 A (bis zu 2500 W) Eingang und bietet PD 20 W Schnellladeausgang mit 2 USB-C-Anschl\u00fcssen und 1 USB-A-Anschluss, sodass mehrere Ger\u00e4te gleichzeitig geladen werden k\u00f6nnen.<\/p>\n<p data-start=\"1472\" data-end=\"1629\">Dieser ODM-Adapter ist in Wei\u00df und Schwarz erh\u00e4ltlich und eine kluge Wahl f\u00fcr Partner, die individuelles Branding, Gro\u00dfbestellungen oder Private-Label-L\u00f6sungen suchen.<\/p>\n<p>&nbsp;<\/p>","protected":false},"featured_media":9719,"comment_status":"open","ping_status":"closed","template":"","meta":{"rank_math_lock_modified_date":false,"site-sidebar-layout":"default","site-content-layout":"","ast-site-content-layout":"default","site-content-style":"default","site-sidebar-style":"default","ast-global-header-display":"","ast-banner-title-visibility":"","ast-main-header-display":"","ast-hfb-above-header-display":"","ast-hfb-below-header-display":"","ast-hfb-mobile-header-display":"","site-post-title":"","ast-breadcrumbs-content":"","ast-featured-img":"","footer-sml-layout":"","ast-disable-related-posts":"","theme-transparent-header-meta":"default","adv-header-id-meta":"","stick-header-meta":"","header-above-stick-meta":"","header-main-stick-meta":"","header-below-stick-meta":"","astra-migrate-meta-layouts":"set","ast-page-background-enabled":"default","ast-page-background-meta":{"desktop":{"background-color":"","background-image":"","background-repeat":"repeat","background-position":"center center","background-size":"auto","background-attachment":"scroll","background-type":"","background-media":"","overlay-type":"","overlay-color":"","overlay-opacity":"","overlay-gradient":""},"tablet":{"background-color":"","background-image":"","background-repeat":"repeat","background-position":"center center","background-size":"auto","background-attachment":"scroll","background-type":"","background-media":"","overlay-type":"","overlay-color":"","overlay-opacity":"","overlay-gradient":""},"mobile":{"background-color":"","background-image":"","background-repeat":"repeat","background-position":"center center","background-size":"auto","background-attachment":"scroll","background-type":"","background-media":"","overlay-type":"","overlay-color":"","overlay-opacity":"","overlay-gradient":""}},"ast-content-background-meta":{"desktop":{"background-color":"var(--ast-global-color-5)","background-image":"","background-repeat":"repeat","background-position":"center center","background-size":"auto","background-attachment":"scroll","background-type":"","background-media":"","overlay-type":"","overlay-color":"","overlay-opacity":"","overlay-gradient":""},"tablet":{"background-color":"var(--ast-global-color-5)","background-image":"","background-repeat":"repeat","background-position":"center center","background-size":"auto","background-attachment":"scroll","background-type":"","background-media":"","overlay-type":"","overlay-color":"","overlay-opacity":"","overlay-gradient":""},"mobile":{"background-color":"var(--ast-global-color-5)","background-image":"","background-repeat":"repeat","background-position":"center center","background-size":"auto","background-attachment":"scroll","background-type":"","background-media":"","overlay-type":"","overlay-color":"","overlay-opacity":"","overlay-gradient":""}}},"product_cat":[64],"product_tag":[],"class_list":{"0":"post-9717","1":"product","2":"type-product","3":"status-publish","4":"has-post-thumbnail","6":"product_cat-travel-adapter","7":"desktop-align-center","8":"tablet-align-center","9":"mobile-align-center","11":"first","12":"instock","13":"shipping-taxable","14":"product-type-simple"},"_links":{"self":[{"href":"https:\/\/imiapower.com\/de\/wp-json\/wp\/v2\/product\/9717","targetHints":{"allow":["GET"]}}],"collection":[{"href":"https:\/\/imiapower.com\/de\/wp-json\/wp\/v2\/product"}],"about":[{"href":"https:\/\/imiapower.com\/de\/wp-json\/wp\/v2\/types\/product"}],"replies":[{"embeddable":true,"href":"https:\/\/imiapower.com\/de\/wp-json\/wp\/v2\/comments?post=9717"}],"version-history":[{"count":1,"href":"https:\/\/imiapower.com\/de\/wp-json\/wp\/v2\/product\/9717\/revisions"}],"predecessor-version":[{"id":9720,"href":"https:\/\/imiapower.com\/de\/wp-json\/wp\/v2\/product\/9717\/revisions\/9720"}],"wp:featuredmedia":[{"embeddable":true,"href":"https:\/\/imiapower.com\/de\/wp-json\/wp\/v2\/media\/9719"}],"wp:attachment":[{"href":"https:\/\/imiapower.com\/de\/wp-json\/wp\/v2\/media?parent=9717"}],"wp:term":[{"taxonomy":"product_cat","embeddable":true,"href":"https:\/\/imiapower.com\/de\/wp-json\/wp\/v2\/product_cat?post=9717"},{"taxonomy":"product_tag","embeddable":true,"href":"https:\/\/imiapower.com\/de\/wp-json\/wp\/v2\/product_tag?post=9717"}],"curies":[{"name":"wp","href":"https:\/\/api.w.org\/{rel}","templated":true}]}}