{"id":9721,"date":"2025-09-01T07:03:40","date_gmt":"2025-09-01T07:03:40","guid":{"rendered":"https:\/\/imiapower.com\/?post_type=product&#038;p=9721"},"modified":"2025-09-08T00:27:02","modified_gmt":"2025-09-08T00:27:02","slug":"electrical-plug-types","status":"publish","type":"product","link":"https:\/\/imiapower.com\/de\/products\/travel-adapter\/electrical-plug-types\/","title":{"rendered":"Elektrische Steckertypen USA-Reiseadapter mit PD 20W Schnellladung | USB-C und USB-A | OEM\/ODM-Netzteil"},"content":{"rendered":"<ul>\n<li><strong>Elektrische Steckertypen<\/strong><\/li>\n<li><strong>Eingabe:<\/strong> 100\u2013250 V, 10 A, max. 2500 W, max.<\/li>\n<li><strong>Ausgabe<\/strong> PD 20 W<\/li>\n<li><strong>Ladeanschluss:<\/strong> 2 USB-C- und 1 USB-A-Anschluss.<\/li>\n<li><strong>Farbe:<\/strong> Wei\u00df und Schwarz<\/li>\n<li><strong>Gewicht:<\/strong> 95 g<\/li>\n<li><strong>Anmerkung:<\/strong> Reisesteckeradapter Weltweit in die USA<\/li>\n<\/ul>","protected":false},"excerpt":{"rendered":"<p data-start=\"1472\" data-end=\"1629\"><img fetchpriority=\"high\" decoding=\"async\" class=\"alignnone wp-image-9723 size-full\" src=\"https:\/\/imiapower.com\/wp-content\/uploads\/converted-2-13.webp\" alt=\"elektrische Steckertypen\" width=\"1200\" height=\"1200\" srcset=\"https:\/\/imiapower.com\/wp-content\/uploads\/converted-2-13.webp 1200w, https:\/\/imiapower.com\/wp-content\/uploads\/converted-2-13-300x300.webp 300w, https:\/\/imiapower.com\/wp-content\/uploads\/converted-2-13-1024x1024.webp 1024w, https:\/\/imiapower.com\/wp-content\/uploads\/converted-2-13-150x150.webp 150w, https:\/\/imiapower.com\/wp-content\/uploads\/converted-2-13-768x768.webp 768w, https:\/\/imiapower.com\/wp-content\/uploads\/converted-2-13-12x12.webp 12w, https:\/\/imiapower.com\/wp-content\/uploads\/converted-2-13-600x600.webp 600w, https:\/\/imiapower.com\/wp-content\/uploads\/converted-2-13-100x100.webp 100w, https:\/\/imiapower.com\/wp-content\/uploads\/converted-2-13-64x64.webp 64w\" sizes=\"(max-width: 1200px) 100vw, 1200px\" \/><\/p>\n<p data-start=\"863\" data-end=\"1160\">Elektrische Steckertypen \u2013 Reiseadapter f\u00fcr die USA, sowohl f\u00fcr den privaten Gebrauch als auch f\u00fcr B2B-Stromversorgungsl\u00f6sungen. Dieser Adapter unterst\u00fctzt 100\u2013250 V, 10 A (bis zu 2500 W) Eingang und bietet PD 20 W Schnellladeausgang mit 2 USB-C-Anschl\u00fcssen und 1 USB-A-Anschluss zum Laden mehrerer Ger\u00e4te.<\/p>\n<p data-start=\"1162\" data-end=\"1457\">Mit seinem leichten 95-g-Geh\u00e4use und dem kompakten Design ist dieser Adapter ideal f\u00fcr internationale Reisende in die USA oder in Regionen mit Steckern vom Typ A\/B. Erh\u00e4ltlich in Wei\u00df und Schwarz bietet er zuverl\u00e4ssige Leistung zum Laden von Smartphones, Tablets, Laptops und anderen elektronischen Ger\u00e4ten.<\/p>\n<p data-start=\"1459\" data-end=\"1583\">Als Stromlieferant und ODM\/OEM-Hersteller bieten wir ma\u00dfgeschneiderte Steckeradapterl\u00f6sungen f\u00fcr Branchen wie:<\/p>\n<ul data-start=\"1584\" data-end=\"1868\">\n<li data-start=\"1584\" data-end=\"1650\">\n<p data-start=\"1586\" data-end=\"1650\">Marken der Unterhaltungselektronik suchen nach Eigenmarkenprodukten<\/p>\n<\/li>\n<li data-start=\"1651\" data-end=\"1724\">\n<p data-start=\"1653\" data-end=\"1724\">Gastgewerbe und Reiseunternehmen bieten Stromversorgungsl\u00f6sungen f\u00fcr G\u00e4ste an<\/p>\n<\/li>\n<li data-start=\"1725\" data-end=\"1792\">\n<p data-start=\"1727\" data-end=\"1792\">Distributoren und Gro\u00dfh\u00e4ndler, die nach Gro\u00dfmengen suchen<\/p>\n<\/li>\n<li data-start=\"1793\" data-end=\"1868\">\n<p data-start=\"1795\" data-end=\"1868\">Industrielle und kommerzielle Projekte, die ma\u00dfgeschneiderte Stromversorgungsger\u00e4te erfordern<\/p>\n<\/li>\n<\/ul>\n<p data-start=\"1870\" data-end=\"2009\">Dieser USA-Reisesteckeradapter ist nicht nur ein verkaufsfertiges Zubeh\u00f6r, sondern auch ein skalierbares ODM-Stromversorgungsger\u00e4t f\u00fcr globale M\u00e4rkte.<\/p>\n<p>&nbsp;<\/p>","protected":false},"featured_media":9722,"comment_status":"open","ping_status":"closed","template":"","meta":{"rank_math_lock_modified_date":false,"site-sidebar-layout":"default","site-content-layout":"","ast-site-content-layout":"default","site-content-style":"default","site-sidebar-style":"default","ast-global-header-display":"","ast-banner-title-visibility":"","ast-main-header-display":"","ast-hfb-above-header-display":"","ast-hfb-below-header-display":"","ast-hfb-mobile-header-display":"","site-post-title":"","ast-breadcrumbs-content":"","ast-featured-img":"","footer-sml-layout":"","ast-disable-related-posts":"","theme-transparent-header-meta":"default","adv-header-id-meta":"","stick-header-meta":"","header-above-stick-meta":"","header-main-stick-meta":"","header-below-stick-meta":"","astra-migrate-meta-layouts":"set","ast-page-background-enabled":"default","ast-page-background-meta":{"desktop":{"background-color":"","background-image":"","background-repeat":"repeat","background-position":"center center","background-size":"auto","background-attachment":"scroll","background-type":"","background-media":"","overlay-type":"","overlay-color":"","overlay-opacity":"","overlay-gradient":""},"tablet":{"background-color":"","background-image":"","background-repeat":"repeat","background-position":"center center","background-size":"auto","background-attachment":"scroll","background-type":"","background-media":"","overlay-type":"","overlay-color":"","overlay-opacity":"","overlay-gradient":""},"mobile":{"background-color":"","background-image":"","background-repeat":"repeat","background-position":"center center","background-size":"auto","background-attachment":"scroll","background-type":"","background-media":"","overlay-type":"","overlay-color":"","overlay-opacity":"","overlay-gradient":""}},"ast-content-background-meta":{"desktop":{"background-color":"var(--ast-global-color-5)","background-image":"","background-repeat":"repeat","background-position":"center center","background-size":"auto","background-attachment":"scroll","background-type":"","background-media":"","overlay-type":"","overlay-color":"","overlay-opacity":"","overlay-gradient":""},"tablet":{"background-color":"var(--ast-global-color-5)","background-image":"","background-repeat":"repeat","background-position":"center center","background-size":"auto","background-attachment":"scroll","background-type":"","background-media":"","overlay-type":"","overlay-color":"","overlay-opacity":"","overlay-gradient":""},"mobile":{"background-color":"var(--ast-global-color-5)","background-image":"","background-repeat":"repeat","background-position":"center center","background-size":"auto","background-attachment":"scroll","background-type":"","background-media":"","overlay-type":"","overlay-color":"","overlay-opacity":"","overlay-gradient":""}}},"product_cat":[64],"product_tag":[],"class_list":{"0":"post-9721","1":"product","2":"type-product","3":"status-publish","4":"has-post-thumbnail","6":"product_cat-travel-adapter","7":"desktop-align-center","8":"tablet-align-center","9":"mobile-align-center","11":"first","12":"instock","13":"shipping-taxable","14":"product-type-simple"},"_links":{"self":[{"href":"https:\/\/imiapower.com\/de\/wp-json\/wp\/v2\/product\/9721","targetHints":{"allow":["GET"]}}],"collection":[{"href":"https:\/\/imiapower.com\/de\/wp-json\/wp\/v2\/product"}],"about":[{"href":"https:\/\/imiapower.com\/de\/wp-json\/wp\/v2\/types\/product"}],"replies":[{"embeddable":true,"href":"https:\/\/imiapower.com\/de\/wp-json\/wp\/v2\/comments?post=9721"}],"version-history":[{"count":1,"href":"https:\/\/imiapower.com\/de\/wp-json\/wp\/v2\/product\/9721\/revisions"}],"predecessor-version":[{"id":9724,"href":"https:\/\/imiapower.com\/de\/wp-json\/wp\/v2\/product\/9721\/revisions\/9724"}],"wp:featuredmedia":[{"embeddable":true,"href":"https:\/\/imiapower.com\/de\/wp-json\/wp\/v2\/media\/9722"}],"wp:attachment":[{"href":"https:\/\/imiapower.com\/de\/wp-json\/wp\/v2\/media?parent=9721"}],"wp:term":[{"taxonomy":"product_cat","embeddable":true,"href":"https:\/\/imiapower.com\/de\/wp-json\/wp\/v2\/product_cat?post=9721"},{"taxonomy":"product_tag","embeddable":true,"href":"https:\/\/imiapower.com\/de\/wp-json\/wp\/v2\/product_tag?post=9721"}],"curies":[{"name":"wp","href":"https:\/\/api.w.org\/{rel}","templated":true}]}}