{"id":4653,"date":"2023-03-04T00:24:05","date_gmt":"2023-03-04T00:24:05","guid":{"rendered":"https:\/\/imia.com.cn\/?post_type=product&#038;p=4653"},"modified":"2024-11-30T09:16:54","modified_gmt":"2024-11-30T09:16:54","slug":"usb-charger-with-display","status":"publish","type":"product","link":"https:\/\/imiapower.com\/es\/products\/wall-charger\/usb-charger-with-display\/","title":{"rendered":"hermoso cargador usb con pantalla 12 v"},"content":{"rendered":"<ul>\n<li><strong>Cargador USB con pantalla<\/strong><\/li>\n<li><strong>Producci\u00f3n<\/strong>: 5V2.4A 12WM\u00e1x.<\/li>\n<li><strong>Voltaje de entrada:<\/strong>100-240V<\/li>\n<li><strong>Frecuencia de entrada:<\/strong>50\/60Hz<\/li>\n<li><strong>Clase energ\u00e9tica: <\/strong>VI<\/li>\n<li><strong>Certificaci\u00f3n de seguridad: <\/strong>EN62368:FCC\/CCC<\/li>\n<li><strong>Pies plegables Tama\u00f1o US\/CN\/JP:<\/strong> 60*26*40mm<\/li>\n<\/ul>","protected":false},"excerpt":{"rendered":"<p>El cargador con pantalla digital puede mostrar el voltaje y la corriente durante la carga, se apaga autom\u00e1ticamente despu\u00e9s de la carga completa. Este producto se vende durante varios a\u00f1os en el mercado nacional y extranjero.<\/p>\n<p>Antes de irnos a dormir, cargamos nuestro tel\u00e9fono m\u00f3vil, despu\u00e9s de cargarlo completamente, la energ\u00eda se cortar\u00e1 autom\u00e1ticamente, despu\u00e9s de levantarnos por la ma\u00f1ana, verificamos nuestro tel\u00e9fono con plena carga y dejamos de cargarlo.<\/p>\n<p>Este cargador USB con pantalla no solo muestra la pantalla y la funci\u00f3n de corte autom\u00e1tico de este cargador, este dise\u00f1o de cargador tambi\u00e9n es hermoso, no como el cargador normal del mercado, este cargador incluye 8 juegos de moldes, el costo de desarrollo tambi\u00e9n es alto y permite que este cargador se destaque<\/p>\n<p>https:\/\/www.youtube.com\/embed\/tlPwMeR-arw<\/p>","protected":false},"featured_media":4583,"comment_status":"closed","ping_status":"closed","template":"","meta":{"rank_math_lock_modified_date":false,"site-sidebar-layout":"default","site-content-layout":"default","ast-site-content-layout":"default","site-content-style":"default","site-sidebar-style":"default","ast-global-header-display":"","ast-banner-title-visibility":"","ast-main-header-display":"","ast-hfb-above-header-display":"","ast-hfb-below-header-display":"","ast-hfb-mobile-header-display":"","site-post-title":"","ast-breadcrumbs-content":"","ast-featured-img":"","footer-sml-layout":"","ast-disable-related-posts":"","theme-transparent-header-meta":"default","adv-header-id-meta":"","stick-header-meta":"","header-above-stick-meta":"","header-main-stick-meta":"","header-below-stick-meta":"","astra-migrate-meta-layouts":"set","ast-page-background-enabled":"default","ast-page-background-meta":{"desktop":{"background-color":"","background-image":"","background-repeat":"repeat","background-position":"center center","background-size":"auto","background-attachment":"scroll","background-type":"","background-media":"","overlay-type":"","overlay-color":"","overlay-opacity":"","overlay-gradient":""},"tablet":{"background-color":"","background-image":"","background-repeat":"repeat","background-position":"center center","background-size":"auto","background-attachment":"scroll","background-type":"","background-media":"","overlay-type":"","overlay-color":"","overlay-opacity":"","overlay-gradient":""},"mobile":{"background-color":"","background-image":"","background-repeat":"repeat","background-position":"center center","background-size":"auto","background-attachment":"scroll","background-type":"","background-media":"","overlay-type":"","overlay-color":"","overlay-opacity":"","overlay-gradient":""}},"ast-content-background-meta":{"desktop":{"background-color":"var(--ast-global-color-5)","background-image":"","background-repeat":"repeat","background-position":"center center","background-size":"auto","background-attachment":"scroll","background-type":"","background-media":"","overlay-type":"","overlay-color":"","overlay-opacity":"","overlay-gradient":""},"tablet":{"background-color":"var(--ast-global-color-5)","background-image":"","background-repeat":"repeat","background-position":"center center","background-size":"auto","background-attachment":"scroll","background-type":"","background-media":"","overlay-type":"","overlay-color":"","overlay-opacity":"","overlay-gradient":""},"mobile":{"background-color":"var(--ast-global-color-5)","background-image":"","background-repeat":"repeat","background-position":"center center","background-size":"auto","background-attachment":"scroll","background-type":"","background-media":"","overlay-type":"","overlay-color":"","overlay-opacity":"","overlay-gradient":""}}},"product_cat":[43],"product_tag":[],"class_list":{"0":"post-4653","1":"product","2":"type-product","3":"status-publish","4":"has-post-thumbnail","6":"product_cat-wall-charger","7":"desktop-align-center","8":"tablet-align-center","9":"mobile-align-center","11":"first","12":"instock","13":"shipping-taxable","14":"purchasable","15":"product-type-simple"},"_links":{"self":[{"href":"https:\/\/imiapower.com\/es\/wp-json\/wp\/v2\/product\/4653","targetHints":{"allow":["GET"]}}],"collection":[{"href":"https:\/\/imiapower.com\/es\/wp-json\/wp\/v2\/product"}],"about":[{"href":"https:\/\/imiapower.com\/es\/wp-json\/wp\/v2\/types\/product"}],"replies":[{"embeddable":true,"href":"https:\/\/imiapower.com\/es\/wp-json\/wp\/v2\/comments?post=4653"}],"version-history":[{"count":5,"href":"https:\/\/imiapower.com\/es\/wp-json\/wp\/v2\/product\/4653\/revisions"}],"predecessor-version":[{"id":8585,"href":"https:\/\/imiapower.com\/es\/wp-json\/wp\/v2\/product\/4653\/revisions\/8585"}],"wp:featuredmedia":[{"embeddable":true,"href":"https:\/\/imiapower.com\/es\/wp-json\/wp\/v2\/media\/4583"}],"wp:attachment":[{"href":"https:\/\/imiapower.com\/es\/wp-json\/wp\/v2\/media?parent=4653"}],"wp:term":[{"taxonomy":"product_cat","embeddable":true,"href":"https:\/\/imiapower.com\/es\/wp-json\/wp\/v2\/product_cat?post=4653"},{"taxonomy":"product_tag","embeddable":true,"href":"https:\/\/imiapower.com\/es\/wp-json\/wp\/v2\/product_tag?post=4653"}],"curies":[{"name":"wp","href":"https:\/\/api.w.org\/{rel}","templated":true}]}}