{"id":4663,"date":"2023-03-04T00:24:06","date_gmt":"2023-03-04T00:24:06","guid":{"rendered":"https:\/\/imia.com.cn\/?post_type=product&#038;p=4663"},"modified":"2025-09-30T03:25:26","modified_gmt":"2025-09-30T03:25:26","slug":"usb-c-laptop-charger","status":"publish","type":"product","link":"https:\/\/imiapower.com\/es\/products\/power-adapter\/usb-c-laptop-charger\/","title":{"rendered":"Descubre cargador de port\u00e1til usb c 65w"},"content":{"rendered":"<ul>\n<li><strong>Cargador de port\u00e1til USB C<\/strong><\/li>\n<li><strong>Producci\u00f3n:<\/strong>5 V-20 V 65 W m\u00e1x.<\/li>\n<li><strong>Voltaje de entrada:<\/strong> 100-240V<\/li>\n<li><strong>Frecuencia de entrada:<\/strong> 50\/60Hz<\/li>\n<li><strong>Clase energ\u00e9tica:<\/strong> VI<\/li>\n<li><strong>Certificaci\u00f3n de seguridad:<\/strong> EN62368: CE<\/li>\n<li><strong>Plazo de ejecuci\u00f3n de producci\u00f3n:<\/strong> 25-30 d\u00edas<\/li>\n<li><strong>Material :<\/strong> PC<\/li>\n<li><strong>Cable:<\/strong> 1,5 m<\/li>\n<li><strong>Observaci\u00f3n: <\/strong>Apto para todo tipo de tel\u00e9fonos m\u00f3viles y port\u00e1tiles.<\/li>\n<\/ul>","protected":false},"excerpt":{"rendered":"<p>Este adaptador para computadora port\u00e1til con cable USB, tambi\u00e9n proporcionamos varios enchufes para adaptarse a diferentes marcas de computadoras port\u00e1tiles, la carga r\u00e1pida es una buena opci\u00f3n para cargar su computadora port\u00e1til<\/p>","protected":false},"featured_media":4593,"comment_status":"closed","ping_status":"closed","template":"","meta":{"rank_math_lock_modified_date":false,"site-sidebar-layout":"default","site-content-layout":"default","ast-site-content-layout":"default","site-content-style":"default","site-sidebar-style":"default","ast-global-header-display":"","ast-banner-title-visibility":"","ast-main-header-display":"","ast-hfb-above-header-display":"","ast-hfb-below-header-display":"","ast-hfb-mobile-header-display":"","site-post-title":"","ast-breadcrumbs-content":"","ast-featured-img":"","footer-sml-layout":"","ast-disable-related-posts":"","theme-transparent-header-meta":"default","adv-header-id-meta":"","stick-header-meta":"","header-above-stick-meta":"","header-main-stick-meta":"","header-below-stick-meta":"","astra-migrate-meta-layouts":"set","ast-page-background-enabled":"default","ast-page-background-meta":{"desktop":{"background-color":"","background-image":"","background-repeat":"repeat","background-position":"center center","background-size":"auto","background-attachment":"scroll","background-type":"","background-media":"","overlay-type":"","overlay-color":"","overlay-opacity":"","overlay-gradient":""},"tablet":{"background-color":"","background-image":"","background-repeat":"repeat","background-position":"center center","background-size":"auto","background-attachment":"scroll","background-type":"","background-media":"","overlay-type":"","overlay-color":"","overlay-opacity":"","overlay-gradient":""},"mobile":{"background-color":"","background-image":"","background-repeat":"repeat","background-position":"center center","background-size":"auto","background-attachment":"scroll","background-type":"","background-media":"","overlay-type":"","overlay-color":"","overlay-opacity":"","overlay-gradient":""}},"ast-content-background-meta":{"desktop":{"background-color":"var(--ast-global-color-5)","background-image":"","background-repeat":"repeat","background-position":"center center","background-size":"auto","background-attachment":"scroll","background-type":"","background-media":"","overlay-type":"","overlay-color":"","overlay-opacity":"","overlay-gradient":""},"tablet":{"background-color":"var(--ast-global-color-5)","background-image":"","background-repeat":"repeat","background-position":"center center","background-size":"auto","background-attachment":"scroll","background-type":"","background-media":"","overlay-type":"","overlay-color":"","overlay-opacity":"","overlay-gradient":""},"mobile":{"background-color":"var(--ast-global-color-5)","background-image":"","background-repeat":"repeat","background-position":"center center","background-size":"auto","background-attachment":"scroll","background-type":"","background-media":"","overlay-type":"","overlay-color":"","overlay-opacity":"","overlay-gradient":""}}},"product_cat":[58],"product_tag":[],"class_list":{"0":"post-4663","1":"product","2":"type-product","3":"status-publish","4":"has-post-thumbnail","6":"product_cat-power-adapter","7":"desktop-align-center","8":"tablet-align-center","9":"mobile-align-center","11":"first","12":"instock","13":"shipping-taxable","14":"purchasable","15":"product-type-simple"},"_links":{"self":[{"href":"https:\/\/imiapower.com\/es\/wp-json\/wp\/v2\/product\/4663","targetHints":{"allow":["GET"]}}],"collection":[{"href":"https:\/\/imiapower.com\/es\/wp-json\/wp\/v2\/product"}],"about":[{"href":"https:\/\/imiapower.com\/es\/wp-json\/wp\/v2\/types\/product"}],"replies":[{"embeddable":true,"href":"https:\/\/imiapower.com\/es\/wp-json\/wp\/v2\/comments?post=4663"}],"version-history":[{"count":1,"href":"https:\/\/imiapower.com\/es\/wp-json\/wp\/v2\/product\/4663\/revisions"}],"predecessor-version":[{"id":9377,"href":"https:\/\/imiapower.com\/es\/wp-json\/wp\/v2\/product\/4663\/revisions\/9377"}],"wp:featuredmedia":[{"embeddable":true,"href":"https:\/\/imiapower.com\/es\/wp-json\/wp\/v2\/media\/4593"}],"wp:attachment":[{"href":"https:\/\/imiapower.com\/es\/wp-json\/wp\/v2\/media?parent=4663"}],"wp:term":[{"taxonomy":"product_cat","embeddable":true,"href":"https:\/\/imiapower.com\/es\/wp-json\/wp\/v2\/product_cat?post=4663"},{"taxonomy":"product_tag","embeddable":true,"href":"https:\/\/imiapower.com\/es\/wp-json\/wp\/v2\/product_tag?post=4663"}],"curies":[{"name":"wp","href":"https:\/\/api.w.org\/{rel}","templated":true}]}}