{"id":5872,"date":"2023-03-24T02:39:42","date_gmt":"2023-03-24T02:39:42","guid":{"rendered":"https:\/\/imia.com.cn\/?post_type=product&#038;p=5872"},"modified":"2024-06-18T06:45:39","modified_gmt":"2024-06-18T06:45:39","slug":"cell-phone-charger","status":"publish","type":"product","link":"https:\/\/imiapower.com\/es\/products\/wall-charger\/cell-phone-charger\/","title":{"rendered":"cargador de celular 20w pd 3.0"},"content":{"rendered":"<ul>\n<li><strong>cargador de celular<\/strong><\/li>\n<li><strong>Producci\u00f3n<\/strong> 18W m\u00e1x.<\/li>\n<li><strong>USB-A: <\/strong>5V3A\/9V2A\/12V1.5A QC18\\W<\/li>\n<li><strong>Tipo C:<\/strong>5V3A\/9V2A\/12V1.5A PD18W<\/li>\n<li><strong>Doble salida:<\/strong> 5V3A<\/li>\n<li><strong>Voltaje de entrada:<\/strong> 100-240V<\/li>\n<li><strong>Frecuencia de entrada:<\/strong> 50\/60Hz<\/li>\n<li><strong>Clase energ\u00e9tica:<\/strong> VI<\/li>\n<li><strong>Certificaci\u00f3n de seguridad:<\/strong> EN62368: FCC\/CE\/SAA\/CCC<\/li>\n<li><strong>Pies plegables Tama\u00f1o US\/CN\/JP:<\/strong> 60*26*40mm<\/li>\n<li><strong>Tama\u00f1o de EE. UU.\/CN\/JP:<\/strong> 60*26*40mm<\/li>\n<li><strong>Tama\u00f1o UE\/KR:<\/strong> 80*27*40mm<\/li>\n<li><strong>Tama\u00f1o de UK:<\/strong> 75*27*39,5mm<\/li>\n<\/ul>","protected":false},"excerpt":{"rendered":"<p>Un cargador de pared es un dispositivo que se utiliza para cargar sus dispositivos electr\u00f3nicos mientras est\u00e1n enchufados a una toma de corriente. Tambi\u00e9n se le conoce como cargador USB. Explore la lista de cargadores de pared USB a continuaci\u00f3n junto con rese\u00f1as y opiniones asociadas.<\/p>","protected":false},"featured_media":5873,"comment_status":"closed","ping_status":"closed","template":"","meta":{"rank_math_lock_modified_date":false,"site-sidebar-layout":"default","site-content-layout":"default","ast-site-content-layout":"default","site-content-style":"default","site-sidebar-style":"default","ast-global-header-display":"","ast-banner-title-visibility":"","ast-main-header-display":"","ast-hfb-above-header-display":"","ast-hfb-below-header-display":"","ast-hfb-mobile-header-display":"","site-post-title":"","ast-breadcrumbs-content":"","ast-featured-img":"","footer-sml-layout":"","ast-disable-related-posts":"","theme-transparent-header-meta":"default","adv-header-id-meta":"","stick-header-meta":"","header-above-stick-meta":"","header-main-stick-meta":"","header-below-stick-meta":"","astra-migrate-meta-layouts":"set","ast-page-background-enabled":"default","ast-page-background-meta":{"desktop":{"background-color":"","background-image":"","background-repeat":"repeat","background-position":"center center","background-size":"auto","background-attachment":"scroll","background-type":"","background-media":"","overlay-type":"","overlay-color":"","overlay-opacity":"","overlay-gradient":""},"tablet":{"background-color":"","background-image":"","background-repeat":"repeat","background-position":"center center","background-size":"auto","background-attachment":"scroll","background-type":"","background-media":"","overlay-type":"","overlay-color":"","overlay-opacity":"","overlay-gradient":""},"mobile":{"background-color":"","background-image":"","background-repeat":"repeat","background-position":"center center","background-size":"auto","background-attachment":"scroll","background-type":"","background-media":"","overlay-type":"","overlay-color":"","overlay-opacity":"","overlay-gradient":""}},"ast-content-background-meta":{"desktop":{"background-color":"var(--ast-global-color-5)","background-image":"","background-repeat":"repeat","background-position":"center center","background-size":"auto","background-attachment":"scroll","background-type":"","background-media":"","overlay-type":"","overlay-color":"","overlay-opacity":"","overlay-gradient":""},"tablet":{"background-color":"var(--ast-global-color-5)","background-image":"","background-repeat":"repeat","background-position":"center center","background-size":"auto","background-attachment":"scroll","background-type":"","background-media":"","overlay-type":"","overlay-color":"","overlay-opacity":"","overlay-gradient":""},"mobile":{"background-color":"var(--ast-global-color-5)","background-image":"","background-repeat":"repeat","background-position":"center center","background-size":"auto","background-attachment":"scroll","background-type":"","background-media":"","overlay-type":"","overlay-color":"","overlay-opacity":"","overlay-gradient":""}}},"product_cat":[43],"product_tag":[],"class_list":{"0":"post-5872","1":"product","2":"type-product","3":"status-publish","4":"has-post-thumbnail","6":"product_cat-wall-charger","7":"desktop-align-center","8":"tablet-align-center","9":"mobile-align-center","11":"first","12":"instock","13":"shipping-taxable","14":"product-type-simple"},"_links":{"self":[{"href":"https:\/\/imiapower.com\/es\/wp-json\/wp\/v2\/product\/5872","targetHints":{"allow":["GET"]}}],"collection":[{"href":"https:\/\/imiapower.com\/es\/wp-json\/wp\/v2\/product"}],"about":[{"href":"https:\/\/imiapower.com\/es\/wp-json\/wp\/v2\/types\/product"}],"replies":[{"embeddable":true,"href":"https:\/\/imiapower.com\/es\/wp-json\/wp\/v2\/comments?post=5872"}],"version-history":[{"count":1,"href":"https:\/\/imiapower.com\/es\/wp-json\/wp\/v2\/product\/5872\/revisions"}],"predecessor-version":[{"id":8000,"href":"https:\/\/imiapower.com\/es\/wp-json\/wp\/v2\/product\/5872\/revisions\/8000"}],"wp:featuredmedia":[{"embeddable":true,"href":"https:\/\/imiapower.com\/es\/wp-json\/wp\/v2\/media\/5873"}],"wp:attachment":[{"href":"https:\/\/imiapower.com\/es\/wp-json\/wp\/v2\/media?parent=5872"}],"wp:term":[{"taxonomy":"product_cat","embeddable":true,"href":"https:\/\/imiapower.com\/es\/wp-json\/wp\/v2\/product_cat?post=5872"},{"taxonomy":"product_tag","embeddable":true,"href":"https:\/\/imiapower.com\/es\/wp-json\/wp\/v2\/product_tag?post=5872"}],"curies":[{"name":"wp","href":"https:\/\/api.w.org\/{rel}","templated":true}]}}