{"id":6477,"date":"2024-01-22T04:10:39","date_gmt":"2024-01-22T04:10:39","guid":{"rendered":"https:\/\/imia.com.cn\/?post_type=product&#038;p=6477"},"modified":"2024-11-12T09:56:59","modified_gmt":"2024-11-12T09:56:59","slug":"best-travel-power-adapter-converterter","status":"publish","type":"product","link":"https:\/\/imiapower.com\/es\/products\/travel-adapter\/best-travel-power-adapter-converterter\/","title":{"rendered":"La mejor f\u00e1brica de adaptadores y convertidores de corriente para viajes de China"},"content":{"rendered":"<ul>\n<li><strong>El mejor convertidor de adaptador de corriente para viajes<\/strong><\/li>\n<li><strong>Entrada de CA:<\/strong>100-250 V\/CA 50-60 Hz<\/li>\n<li><strong>Salida de CA:<\/strong> 6A m\u00e1x. (660W\/110V o 1440W\/240V)<\/li>\n<li><strong>Enchufar:<\/strong> UE\/AU\/REINO UNIDO\/EE. UU.<\/li>\n<li><strong>Color: <\/strong>Blanco negro<\/li>\n<li><strong>Tama\u00f1o:<\/strong> 50*40*75mm<\/li>\n<li><strong>Material :<\/strong> ABS + metal de cobre<\/li>\n<li><strong>Nota:<\/strong> El sistema todo en uno se puede utilizar en m\u00e1s de 170 pa\u00edses.<\/li>\n<li><strong>Certificado :<\/strong>\u00a0 CE, RoHS<\/li>\n<\/ul>\n<p>&nbsp;<\/p>","protected":false},"excerpt":{"rendered":"<p>Este es un producto necesario para viajar a diferentes pa\u00edses, porque en otros pa\u00edses, el enchufe de carga es diferente, este adaptador, que incluye enchufes de la UE, EE. UU., AUS y el Reino Unido, puede satisfacer las solicitudes de enchufes de la mayor\u00eda de los pa\u00edses.<\/p>\n<p>Este mejor convertidor adaptador de corriente de viaje <span style=\"font-size: 16px;\">Es el modelo m\u00e1s antiguo y tambi\u00e9n tiene una versi\u00f3n actualizada con un puerto de carga USB doble que puede cargar tel\u00e9fonos inteligentes, computadoras port\u00e1tiles y algunos otros dispositivos electr\u00f3nicos con comodidad.<\/span><\/p>\n<p>El mejor convertidor de voltaje de viaje para rizadores de pelo<\/p>\n<p>\u00bfCu\u00e1l es la mejor ventaja del convertidor de energ\u00eda para viajes?<\/p>\n<p>Compatible con varios enchufes internacionales. Los adaptadores integrados en los puertos USB permiten cargar varios dispositivos simult\u00e1neamente. Una verdadera ventaja para los viajeros amantes de la tecnolog\u00eda.<\/p>\n<p>El mejor adaptador y conversor de viaje de China<\/p>\n<p>Si busca el mejor adaptador de viaje de China, el adaptador Imia es el mejor. Es conocido por su calidad y versatilidad. D\u00eda a d\u00eda se ha vuelto muy popular en China. Adem\u00e1s, Imia combina funcionalidad con durabilidad. Incluso lo convierte en una excelente opci\u00f3n para aventuras internacionales.<\/p>\n<p>Algunas desventajas del mejor adaptador conversor de viaje para Europa<\/p>\n<p>Si bien los adaptadores y convertidores de viaje son esenciales para los viajes por Europa, tambi\u00e9n presentan algunos problemas.<\/p>\n<p>Se\u00f1ales del mejor convertidor adaptador de corriente para viajes<\/p>\n<p>Por lo tanto, elegir el mejor convertidor adaptador de viaje para Europa es muy importante. Un mejor convertidor adaptador de viaje puede reducir sus molestias durante su aventura europea.<\/p>\n<p>Algunas de las mejores empresas de convertidores de potencia populares<\/p>\n<p>Varias empresas de renombre son conocidas por producir convertidores de energ\u00eda y adaptadores de viaje de alta calidad:<\/p>\n<p>Todas estas marcas se hicieron populares muy pronto por su rendimiento.<\/p>\n<p>&nbsp;<\/p>","protected":false},"featured_media":6480,"comment_status":"closed","ping_status":"closed","template":"","meta":{"rank_math_lock_modified_date":false,"site-sidebar-layout":"default","site-content-layout":"","ast-site-content-layout":"default","site-content-style":"default","site-sidebar-style":"default","ast-global-header-display":"","ast-banner-title-visibility":"","ast-main-header-display":"","ast-hfb-above-header-display":"","ast-hfb-below-header-display":"","ast-hfb-mobile-header-display":"","site-post-title":"","ast-breadcrumbs-content":"","ast-featured-img":"","footer-sml-layout":"","ast-disable-related-posts":"","theme-transparent-header-meta":"default","adv-header-id-meta":"","stick-header-meta":"","header-above-stick-meta":"","header-main-stick-meta":"","header-below-stick-meta":"","astra-migrate-meta-layouts":"set","ast-page-background-enabled":"default","ast-page-background-meta":{"desktop":{"background-color":"","background-image":"","background-repeat":"repeat","background-position":"center center","background-size":"auto","background-attachment":"scroll","background-type":"","background-media":"","overlay-type":"","overlay-color":"","overlay-opacity":"","overlay-gradient":""},"tablet":{"background-color":"","background-image":"","background-repeat":"repeat","background-position":"center center","background-size":"auto","background-attachment":"scroll","background-type":"","background-media":"","overlay-type":"","overlay-color":"","overlay-opacity":"","overlay-gradient":""},"mobile":{"background-color":"","background-image":"","background-repeat":"repeat","background-position":"center center","background-size":"auto","background-attachment":"scroll","background-type":"","background-media":"","overlay-type":"","overlay-color":"","overlay-opacity":"","overlay-gradient":""}},"ast-content-background-meta":{"desktop":{"background-color":"var(--ast-global-color-5)","background-image":"","background-repeat":"repeat","background-position":"center center","background-size":"auto","background-attachment":"scroll","background-type":"","background-media":"","overlay-type":"","overlay-color":"","overlay-opacity":"","overlay-gradient":""},"tablet":{"background-color":"var(--ast-global-color-5)","background-image":"","background-repeat":"repeat","background-position":"center center","background-size":"auto","background-attachment":"scroll","background-type":"","background-media":"","overlay-type":"","overlay-color":"","overlay-opacity":"","overlay-gradient":""},"mobile":{"background-color":"var(--ast-global-color-5)","background-image":"","background-repeat":"repeat","background-position":"center center","background-size":"auto","background-attachment":"scroll","background-type":"","background-media":"","overlay-type":"","overlay-color":"","overlay-opacity":"","overlay-gradient":""}}},"product_cat":[64],"product_tag":[],"class_list":{"0":"post-6477","1":"product","2":"type-product","3":"status-publish","4":"has-post-thumbnail","6":"product_cat-travel-adapter","7":"desktop-align-center","8":"tablet-align-center","9":"mobile-align-center","11":"first","12":"instock","13":"shipping-taxable","14":"product-type-simple"},"_links":{"self":[{"href":"https:\/\/imiapower.com\/es\/wp-json\/wp\/v2\/product\/6477","targetHints":{"allow":["GET"]}}],"collection":[{"href":"https:\/\/imiapower.com\/es\/wp-json\/wp\/v2\/product"}],"about":[{"href":"https:\/\/imiapower.com\/es\/wp-json\/wp\/v2\/types\/product"}],"replies":[{"embeddable":true,"href":"https:\/\/imiapower.com\/es\/wp-json\/wp\/v2\/comments?post=6477"}],"version-history":[{"count":14,"href":"https:\/\/imiapower.com\/es\/wp-json\/wp\/v2\/product\/6477\/revisions"}],"predecessor-version":[{"id":8676,"href":"https:\/\/imiapower.com\/es\/wp-json\/wp\/v2\/product\/6477\/revisions\/8676"}],"wp:featuredmedia":[{"embeddable":true,"href":"https:\/\/imiapower.com\/es\/wp-json\/wp\/v2\/media\/6480"}],"wp:attachment":[{"href":"https:\/\/imiapower.com\/es\/wp-json\/wp\/v2\/media?parent=6477"}],"wp:term":[{"taxonomy":"product_cat","embeddable":true,"href":"https:\/\/imiapower.com\/es\/wp-json\/wp\/v2\/product_cat?post=6477"},{"taxonomy":"product_tag","embeddable":true,"href":"https:\/\/imiapower.com\/es\/wp-json\/wp\/v2\/product_tag?post=6477"}],"curies":[{"name":"wp","href":"https:\/\/api.w.org\/{rel}","templated":true}]}}