{"id":6495,"date":"2024-01-26T03:06:36","date_gmt":"2024-01-26T03:06:36","guid":{"rendered":"https:\/\/imia.com.cn\/?post_type=product&#038;p=6495"},"modified":"2025-09-30T02:56:01","modified_gmt":"2025-09-30T02:56:01","slug":"best-travel-power-adapter","status":"publish","type":"product","link":"https:\/\/imiapower.com\/es\/products\/travel-adapter\/best-travel-power-adapter\/","title":{"rendered":"El mejor adaptador de corriente para viaje, cargador r\u00e1pido de 33w"},"content":{"rendered":"<ul>\n<li><strong>El mejor adaptador de corriente para viajes<\/strong><\/li>\n<li><strong>Aporte :<\/strong>100-250 V\/0,8 A m\u00e1x. 50\/60 Hz<\/li>\n<li><strong>Producci\u00f3n<\/strong> Tipo C1: 5V3A, 9V3A, 12V2.5A, 15V2A, 20V1.5A M\u00c1X. 30W<\/li>\n<li><strong>PPD:<\/strong> 3,3-11V3A, 3,3-16V2A m\u00e1x. 33W<\/li>\n<li><strong>Tipo C2\/C3:<\/strong> 5V3A M\u00c1XIMO 15W<\/li>\n<li><strong>USB1\/USB2:<\/strong> 5V2.4A M\u00c1XIMO 12W<\/li>\n<li><strong>Tipo C1+Tipo C2\/C3:<\/strong> PD18W+12W<\/li>\n<li><strong>Tipo C1+USB:<\/strong> PD18W+12W<\/li>\n<li><strong>Producci\u00f3n total:<\/strong>M\u00c1XIMO 33W Tama\u00f1o: 50x70x65 mm<\/li>\n<li><strong>Material :<\/strong> PC cocida + metal Cooper<\/li>\n<li><strong>Nota:<\/strong> El dispositivo todo en uno EU\/AU\/UK\/US se puede utilizar en m\u00e1s de 170 pa\u00edses<\/li>\n<li><strong>Certificado :<\/strong> CE, Rohs, FCC, UKCA, alcance, ERP<\/li>\n<\/ul>","protected":false},"excerpt":{"rendered":"<p><img fetchpriority=\"high\" decoding=\"async\" class=\"alignnone wp-image-8697 size-full\" src=\"https:\/\/imiapower.com\/wp-content\/uploads\/Universal-Travel-Adapter-2-1.jpg\" alt=\"El mejor adaptador de corriente para viajes\" width=\"800\" height=\"800\" srcset=\"https:\/\/imiapower.com\/wp-content\/uploads\/Universal-Travel-Adapter-2-1.jpg 800w, https:\/\/imiapower.com\/wp-content\/uploads\/Universal-Travel-Adapter-2-1-300x300.jpg 300w, https:\/\/imiapower.com\/wp-content\/uploads\/Universal-Travel-Adapter-2-1-100x100.jpg 100w, https:\/\/imiapower.com\/wp-content\/uploads\/Universal-Travel-Adapter-2-1-600x600.jpg 600w, https:\/\/imiapower.com\/wp-content\/uploads\/Universal-Travel-Adapter-2-1-64x64.jpg 64w, https:\/\/imiapower.com\/wp-content\/uploads\/Universal-Travel-Adapter-2-1-150x150.jpg 150w, https:\/\/imiapower.com\/wp-content\/uploads\/Universal-Travel-Adapter-2-1-768x768.jpg 768w, https:\/\/imiapower.com\/wp-content\/uploads\/Universal-Travel-Adapter-2-1-12x12.jpg 12w\" sizes=\"(max-width: 800px) 100vw, 800px\" \/><\/p>\n<p>Adaptador de viaje universal. Es el mejor compa\u00f1ero de viaje para la mayor\u00eda de las personas porque lo prepara para cualquier necesidad de carga o energ\u00eda. Los adaptadores de viaje universales permiten que el equipo de doble voltaje de un pa\u00eds, como un transformador o convertidor, se conecte a una toma de corriente.<\/p>\n<p>Este enchufe adaptador de viaje puede ser compatible con el enchufe &quot;peque\u00f1o de Sud\u00e1frica&quot; que otros fabricantes no pueden<\/p>\n<p>Este adaptador de viaje es un modelo con conexi\u00f3n a tierra, el enchufe del Reino Unido usamos material de cobre mientras que otros usan pl\u00e1stico.<\/p>\n<p>Este adaptador de viaje utiliza voltaje salvaje, el enchufe puede adaptarse al enchufe de un secador de pelo, rizador y algunos otros peque\u00f1os electrodom\u00e9sticos.<\/p>\n<p>Para este adaptador de viaje, obtuvimos varias certificaciones que cumplen con los est\u00e1ndares de diferentes pa\u00edses.<\/p>\n<p>Este adaptador de viaje acepta dise\u00f1os de logotipos personalizados y la posici\u00f3n del dise\u00f1o del logotipo tiene una pantalla LED digital, lo que har\u00e1 que el logotipo se vea fant\u00e1stico.<\/p>\n<p>&nbsp;<\/p>\n<p>&nbsp;<\/p>","protected":false},"featured_media":7455,"comment_status":"closed","ping_status":"closed","template":"","meta":{"rank_math_lock_modified_date":false,"site-sidebar-layout":"default","site-content-layout":"","ast-site-content-layout":"default","site-content-style":"default","site-sidebar-style":"default","ast-global-header-display":"","ast-banner-title-visibility":"","ast-main-header-display":"","ast-hfb-above-header-display":"","ast-hfb-below-header-display":"","ast-hfb-mobile-header-display":"","site-post-title":"","ast-breadcrumbs-content":"","ast-featured-img":"","footer-sml-layout":"","ast-disable-related-posts":"","theme-transparent-header-meta":"default","adv-header-id-meta":"","stick-header-meta":"","header-above-stick-meta":"","header-main-stick-meta":"","header-below-stick-meta":"","astra-migrate-meta-layouts":"set","ast-page-background-enabled":"default","ast-page-background-meta":{"desktop":{"background-color":"","background-image":"","background-repeat":"repeat","background-position":"center center","background-size":"auto","background-attachment":"scroll","background-type":"","background-media":"","overlay-type":"","overlay-color":"","overlay-opacity":"","overlay-gradient":""},"tablet":{"background-color":"","background-image":"","background-repeat":"repeat","background-position":"center center","background-size":"auto","background-attachment":"scroll","background-type":"","background-media":"","overlay-type":"","overlay-color":"","overlay-opacity":"","overlay-gradient":""},"mobile":{"background-color":"","background-image":"","background-repeat":"repeat","background-position":"center center","background-size":"auto","background-attachment":"scroll","background-type":"","background-media":"","overlay-type":"","overlay-color":"","overlay-opacity":"","overlay-gradient":""}},"ast-content-background-meta":{"desktop":{"background-color":"var(--ast-global-color-5)","background-image":"","background-repeat":"repeat","background-position":"center center","background-size":"auto","background-attachment":"scroll","background-type":"","background-media":"","overlay-type":"","overlay-color":"","overlay-opacity":"","overlay-gradient":""},"tablet":{"background-color":"var(--ast-global-color-5)","background-image":"","background-repeat":"repeat","background-position":"center center","background-size":"auto","background-attachment":"scroll","background-type":"","background-media":"","overlay-type":"","overlay-color":"","overlay-opacity":"","overlay-gradient":""},"mobile":{"background-color":"var(--ast-global-color-5)","background-image":"","background-repeat":"repeat","background-position":"center center","background-size":"auto","background-attachment":"scroll","background-type":"","background-media":"","overlay-type":"","overlay-color":"","overlay-opacity":"","overlay-gradient":""}}},"product_cat":[64],"product_tag":[],"class_list":{"0":"post-6495","1":"product","2":"type-product","3":"status-publish","4":"has-post-thumbnail","6":"product_cat-travel-adapter","7":"desktop-align-center","8":"tablet-align-center","9":"mobile-align-center","11":"first","12":"instock","13":"shipping-taxable","14":"product-type-simple"},"_links":{"self":[{"href":"https:\/\/imiapower.com\/es\/wp-json\/wp\/v2\/product\/6495","targetHints":{"allow":["GET"]}}],"collection":[{"href":"https:\/\/imiapower.com\/es\/wp-json\/wp\/v2\/product"}],"about":[{"href":"https:\/\/imiapower.com\/es\/wp-json\/wp\/v2\/types\/product"}],"replies":[{"embeddable":true,"href":"https:\/\/imiapower.com\/es\/wp-json\/wp\/v2\/comments?post=6495"}],"version-history":[{"count":4,"href":"https:\/\/imiapower.com\/es\/wp-json\/wp\/v2\/product\/6495\/revisions"}],"predecessor-version":[{"id":9201,"href":"https:\/\/imiapower.com\/es\/wp-json\/wp\/v2\/product\/6495\/revisions\/9201"}],"wp:featuredmedia":[{"embeddable":true,"href":"https:\/\/imiapower.com\/es\/wp-json\/wp\/v2\/media\/7455"}],"wp:attachment":[{"href":"https:\/\/imiapower.com\/es\/wp-json\/wp\/v2\/media?parent=6495"}],"wp:term":[{"taxonomy":"product_cat","embeddable":true,"href":"https:\/\/imiapower.com\/es\/wp-json\/wp\/v2\/product_cat?post=6495"},{"taxonomy":"product_tag","embeddable":true,"href":"https:\/\/imiapower.com\/es\/wp-json\/wp\/v2\/product_tag?post=6495"}],"curies":[{"name":"wp","href":"https:\/\/api.w.org\/{rel}","templated":true}]}}