{"id":6499,"date":"2024-01-26T04:14:59","date_gmt":"2024-01-26T04:14:59","guid":{"rendered":"https:\/\/imia.com.cn\/?post_type=product&#038;p=6499"},"modified":"2024-11-30T03:07:57","modified_gmt":"2024-11-30T03:07:57","slug":"universal-travel-adapter","status":"publish","type":"product","link":"https:\/\/imiapower.com\/es\/products\/travel-adapter\/universal-travel-adapter\/","title":{"rendered":"Adorable adaptador de viaje universal USB C PD 65w I-T655"},"content":{"rendered":"<ul>\n<li><strong>adaptador de viaje universal<\/strong><\/li>\n<li><strong>Tipo C1:<\/strong> 5V\/3A 9V\/3A 12V\/3A 15V\/3A 20V\/3.25A M\u00e1x. 65W PPS 5V-11V\/4.05A<\/li>\n<li><strong>USB-A:<\/strong> 5V\/3A 9V\/2A 12V\/1.5A M\u00e1x. 18W<\/li>\n<li><strong>Tipo C2\/C3\/C4:<\/strong> 5V3A 15W<\/li>\n<li><strong>Tipo C1+USBA:<\/strong>PD45W+18W (5V3A\/9V3A\/12V3A\/15V2.5A\/20V2.25A 45w+5V\/3A 9V\/2A 12V\/1.5A M\u00e1x. 18W)<\/li>\n<li><strong>Tipo C1+C2\/C3\/C4:<\/strong> PD45W+15W(5V3A\/9V3A\/12V3A\/15V2.5A\/20V2.25A 45w+ 5V3A 15W)<\/li>\n<li><strong>TipoC2+C3\/C3+C4\/C2+C4:<\/strong> compartido 5V3A 15W<\/li>\n<li><strong>TipoC1+C2+C3\/C1+C2+USBA\/C1+C3+USBA:<\/strong> PD45W+15W(5V3A\/9V3A\/12V3A\/15V2.5A\/20V2.25A 45w+ 5V3A 15W)<\/li>\n<li><strong>C1+C2+C3+C4\/C1+C2+C3+USBA:<\/strong> PD45W+15W(5V3A\/9V3A\/12V3A\/15V2.5A\/20V2.25A 45w+ 5V3A 15W)<\/li>\n<li><strong>TipoC2+C3+C4+USBA:<\/strong>\u00a0compartido 5V3A 15W<\/li>\n<li><strong>TipoC1+C2+C3+C4+A1:<\/strong> PD45W+15W(5V3A\/9V3A\/12V3A\/15V2.5A\/20V2.25A 45w+ 5V3A 15W)<\/li>\n<li><strong>Tama\u00f1o:<\/strong> 50x70x65mm<\/li>\n<li><strong>Material :<\/strong> PC cocida + metal Cooper<\/li>\n<li><strong>Nota:<\/strong> El dispositivo todo en uno EU\/AU\/UK\/US se puede utilizar en m\u00e1s de 170 pa\u00edses<\/li>\n<li><strong>Certificaci\u00f3n:<\/strong> UKCA, CE, FCC<\/li>\n<\/ul>","protected":false},"excerpt":{"rendered":"<p><img fetchpriority=\"high\" decoding=\"async\" class=\"alignnone size-medium wp-image-8727\" src=\"https:\/\/imiapower.com\/wp-content\/uploads\/Travel-Adapter-6-1-216x300.jpg\" alt=\"adaptador de viaje universal\" width=\"216\" height=\"300\" srcset=\"https:\/\/imiapower.com\/wp-content\/uploads\/Travel-Adapter-6-1-216x300.jpg 216w, https:\/\/imiapower.com\/wp-content\/uploads\/Travel-Adapter-6-1-600x833.jpg 600w, https:\/\/imiapower.com\/wp-content\/uploads\/Travel-Adapter-6-1-64x89.jpg 64w, https:\/\/imiapower.com\/wp-content\/uploads\/Travel-Adapter-6-1-737x1024.jpg 737w, https:\/\/imiapower.com\/wp-content\/uploads\/Travel-Adapter-6-1-768x1067.jpg 768w, https:\/\/imiapower.com\/wp-content\/uploads\/Travel-Adapter-6-1-9x12.jpg 9w, https:\/\/imiapower.com\/wp-content\/uploads\/Travel-Adapter-6-1.jpg 800w\" sizes=\"(max-width: 216px) 100vw, 216px\" \/> <img decoding=\"async\" class=\"alignnone size-medium wp-image-8728\" src=\"https:\/\/imiapower.com\/wp-content\/uploads\/Travel-Adapter-13-238x300.jpg\" alt=\"adaptador de viaje universal\" width=\"238\" height=\"300\" srcset=\"https:\/\/imiapower.com\/wp-content\/uploads\/Travel-Adapter-13-238x300.jpg 238w, https:\/\/imiapower.com\/wp-content\/uploads\/Travel-Adapter-13-600x755.jpg 600w, https:\/\/imiapower.com\/wp-content\/uploads\/Travel-Adapter-13-64x81.jpg 64w, https:\/\/imiapower.com\/wp-content\/uploads\/Travel-Adapter-13-768x966.jpg 768w, https:\/\/imiapower.com\/wp-content\/uploads\/Travel-Adapter-13-10x12.jpg 10w, https:\/\/imiapower.com\/wp-content\/uploads\/Travel-Adapter-13.jpg 778w\" sizes=\"(max-width: 238px) 100vw, 238px\" \/> <img decoding=\"async\" class=\"alignnone size-medium wp-image-8729\" src=\"https:\/\/imiapower.com\/wp-content\/uploads\/Travel-Adapter-14-216x300.jpg\" alt=\"adaptador de viaje universal\" width=\"216\" height=\"300\" srcset=\"https:\/\/imiapower.com\/wp-content\/uploads\/Travel-Adapter-14-216x300.jpg 216w, https:\/\/imiapower.com\/wp-content\/uploads\/Travel-Adapter-14-600x833.jpg 600w, https:\/\/imiapower.com\/wp-content\/uploads\/Travel-Adapter-14-64x89.jpg 64w, https:\/\/imiapower.com\/wp-content\/uploads\/Travel-Adapter-14-737x1024.jpg 737w, https:\/\/imiapower.com\/wp-content\/uploads\/Travel-Adapter-14-768x1067.jpg 768w, https:\/\/imiapower.com\/wp-content\/uploads\/Travel-Adapter-14-9x12.jpg 9w, https:\/\/imiapower.com\/wp-content\/uploads\/Travel-Adapter-14.jpg 800w\" sizes=\"(max-width: 216px) 100vw, 216px\" \/><\/p>\n<p>&nbsp;<\/p>\n<p>Este es un producto necesario para viajar a diferentes pa\u00edses, debido a que en diferentes pa\u00edses, el enchufe de carga es diferente, este adaptador, incluido el enchufe de UE, EE. UU., AUS y Reino Unido, puede satisfacer la solicitud de enchufe de la mayor\u00eda de los pa\u00edses.<\/p>\n<p>Este adaptador de viaje con 4 puertos de carga tipo c, ya que los cables tipo c juegan un papel importante en el mercado electr\u00f3nico, nuestro dise\u00f1o va con la tendencia del mercado y cumple con la carga de dispositivos electr\u00f3nicos al mismo tiempo.<\/p>\n<p>Este adaptador de viaje universal atrae a muchos clientes de marca tras su lanzamiento<\/p>\n<p>Este adaptador de viaje universal es adecuado para enchufes peque\u00f1os sudafricanos que otros proveedores no notaron este problema.<\/p>\n<p>Para este adaptador de viaje universal, aplicamos certificaciones populares como CE, UKCA, FCC, LVD, ERP, REACH, ROHS.<\/p>\n<p>Tambi\u00e9n proporcionamos dise\u00f1os de logotipos personalizados; cuando el usuario carga el tel\u00e9fono con este adaptador, el logotipo aparecer\u00e1 en la parte superior del adaptador.<\/p>\n<p>Suministramos muestras gratuitas a nuestros valiosos clientes para que las prueben.<\/p>\n<p>Lo m\u00e1s importante es nuestro precio m\u00e1s bajo que el de la competencia.<\/p>\n<p>Lleva nuestro adaptador de viaje universal para disfrutar de tus vacaciones en todos los pa\u00edses<\/p>\n<p>USBA D+,D-intelligent.\/USB D+,D-Reconocimiento inteligente, compatible con QC3.0,QC2.0,SCP,FCP,AFC,APPLE2.4A,BC1.2. TYPE-C1 admite PD3.0,QC3.0,QC2.0,SCP,FCP,AFC,APPLE2.4A,BC1.2<\/p>\n<p>Plazo de producci\u00f3n: 25-30 d\u00edas<\/p>\n<div id=\"gtx-trans\" style=\"position: absolute; left: -152px; top: -3px;\">\n<div class=\"gtx-trans-icon\"><\/div>\n<\/div>","protected":false},"featured_media":7636,"comment_status":"closed","ping_status":"closed","template":"","meta":{"rank_math_lock_modified_date":false,"site-sidebar-layout":"default","site-content-layout":"","ast-site-content-layout":"default","site-content-style":"default","site-sidebar-style":"default","ast-global-header-display":"","ast-banner-title-visibility":"","ast-main-header-display":"","ast-hfb-above-header-display":"","ast-hfb-below-header-display":"","ast-hfb-mobile-header-display":"","site-post-title":"","ast-breadcrumbs-content":"","ast-featured-img":"","footer-sml-layout":"","ast-disable-related-posts":"","theme-transparent-header-meta":"default","adv-header-id-meta":"","stick-header-meta":"","header-above-stick-meta":"","header-main-stick-meta":"","header-below-stick-meta":"","astra-migrate-meta-layouts":"set","ast-page-background-enabled":"default","ast-page-background-meta":{"desktop":{"background-color":"","background-image":"","background-repeat":"repeat","background-position":"center center","background-size":"auto","background-attachment":"scroll","background-type":"","background-media":"","overlay-type":"","overlay-color":"","overlay-opacity":"","overlay-gradient":""},"tablet":{"background-color":"","background-image":"","background-repeat":"repeat","background-position":"center center","background-size":"auto","background-attachment":"scroll","background-type":"","background-media":"","overlay-type":"","overlay-color":"","overlay-opacity":"","overlay-gradient":""},"mobile":{"background-color":"","background-image":"","background-repeat":"repeat","background-position":"center center","background-size":"auto","background-attachment":"scroll","background-type":"","background-media":"","overlay-type":"","overlay-color":"","overlay-opacity":"","overlay-gradient":""}},"ast-content-background-meta":{"desktop":{"background-color":"var(--ast-global-color-5)","background-image":"","background-repeat":"repeat","background-position":"center center","background-size":"auto","background-attachment":"scroll","background-type":"","background-media":"","overlay-type":"","overlay-color":"","overlay-opacity":"","overlay-gradient":""},"tablet":{"background-color":"var(--ast-global-color-5)","background-image":"","background-repeat":"repeat","background-position":"center center","background-size":"auto","background-attachment":"scroll","background-type":"","background-media":"","overlay-type":"","overlay-color":"","overlay-opacity":"","overlay-gradient":""},"mobile":{"background-color":"var(--ast-global-color-5)","background-image":"","background-repeat":"repeat","background-position":"center center","background-size":"auto","background-attachment":"scroll","background-type":"","background-media":"","overlay-type":"","overlay-color":"","overlay-opacity":"","overlay-gradient":""}}},"product_cat":[64],"product_tag":[],"class_list":{"0":"post-6499","1":"product","2":"type-product","3":"status-publish","4":"has-post-thumbnail","6":"product_cat-travel-adapter","7":"desktop-align-center","8":"tablet-align-center","9":"mobile-align-center","11":"first","12":"instock","13":"featured","14":"shipping-taxable","15":"product-type-simple"},"_links":{"self":[{"href":"https:\/\/imiapower.com\/es\/wp-json\/wp\/v2\/product\/6499","targetHints":{"allow":["GET"]}}],"collection":[{"href":"https:\/\/imiapower.com\/es\/wp-json\/wp\/v2\/product"}],"about":[{"href":"https:\/\/imiapower.com\/es\/wp-json\/wp\/v2\/types\/product"}],"replies":[{"embeddable":true,"href":"https:\/\/imiapower.com\/es\/wp-json\/wp\/v2\/comments?post=6499"}],"version-history":[{"count":5,"href":"https:\/\/imiapower.com\/es\/wp-json\/wp\/v2\/product\/6499\/revisions"}],"predecessor-version":[{"id":8108,"href":"https:\/\/imiapower.com\/es\/wp-json\/wp\/v2\/product\/6499\/revisions\/8108"}],"wp:featuredmedia":[{"embeddable":true,"href":"https:\/\/imiapower.com\/es\/wp-json\/wp\/v2\/media\/7636"}],"wp:attachment":[{"href":"https:\/\/imiapower.com\/es\/wp-json\/wp\/v2\/media?parent=6499"}],"wp:term":[{"taxonomy":"product_cat","embeddable":true,"href":"https:\/\/imiapower.com\/es\/wp-json\/wp\/v2\/product_cat?post=6499"},{"taxonomy":"product_tag","embeddable":true,"href":"https:\/\/imiapower.com\/es\/wp-json\/wp\/v2\/product_tag?post=6499"}],"curies":[{"name":"wp","href":"https:\/\/api.w.org\/{rel}","templated":true}]}}